{"id":7855,"date":"2025-06-27T09:55:42","date_gmt":"2025-06-27T07:55:42","guid":{"rendered":"https:\/\/www.arty-nails.org\/web_shop\/product\/reforma-rubber-base-10-ml-1393\/"},"modified":"2026-03-10T14:02:45","modified_gmt":"2026-03-10T13:02:45","slug":"reforma-rubber-base-10-ml","status":"publish","type":"product","link":"https:\/\/www.arty-nails.org\/web_shop\/proizvod\/reforma-rubber-base-10-ml\/","title":{"rendered":"REFORMA RUBBER BASE 10 ml (Hema, TPO free) &#8211; gradivna baza"},"content":{"rendered":"<p>ReformA za vas ima najbolji poklon za va\u0161 rad!<br \/>\nGel polish &#8211; rubber base<br \/>\nEvo 6 glavnih razloga za\u0161to je ReformA stvorila novi proizvod:<\/p>\n<p>1. Fleksibilna gumena baza otporna na pucanje.\u00a0Savr\u0161eno za ja\u010danje prirodnih noktiju.<br \/>\n2. Briljantan za izravnavanje povr\u0161ine plo\u010dica i nadogradnju po potrebi.<br \/>\n3. Zahvaljuju\u0107i svojoj gusto\u0107i, klijentice vi\u0161e ne\u0107e imati problema s lomljenjem noktiju u trajnom laku.<br \/>\n4. Nje\u017eno ga mo\u017eete koristiti za produljavanje noktiju.<br \/>\nBaza je izvrsna ne samo za kori\u0161tenje kao baza!<br \/>\nImate li problema s otpadanjem Swarovski kamen\u010di\u0107a?<br \/>\nNikad vi\u0161e!<br \/>\n5. Zahvaljuju\u0107i gusto\u0107i ovog proizvoda, u njega mo\u017eete otopiti razne ukrase i pri\u010dvrstiti prekrasne &#8211; male i velike kamen\u010di\u0107e!<\/p>\n<p>yes!<br \/>\nAli to nije sve!<br \/>\n6. Zahvaljuju\u0107i gumenoj mat povr\u0161ini, boje se nikada ne razvode, a nano\u0161enje je jo\u0161 br\u017ee i mnogo prakti\u010dnije.<\/p>\n<p>Dostupan u 3 ml. 10ml i 50ml.<\/p>\n<p>Savjeti:<br \/>\n* Vrijeme su\u0161enja u UV lampi: 120 sekundi, LED 60 sekundi;\u00a0CCFL 30sec<br \/>\n* bazu na prethodno pripremljene nokte i odma\u0161\u0107ene Nail Prep-om;<br \/>\n* ako \u017eelite nadograditi nokte, u\u010dinite to u dva sloja;<br \/>\n* nemojte uklanjati ljepljivi sloj cleanerom , nanesite boju odmah nakon stvrdnjavanja baze.<\/p>\n<p>Sastojci: SMOLA METAKRILNE KISELINE, HEMA, TRIMETILBENZOIL DIFENILFOSFIN OKSID, HIDROKSICIKLOHEKSIL FENIL KETON, MONOAKRILOKSIETIL FOSFAT<\/p>\n<p>&nbsp;<\/p>\n","protected":false},"excerpt":{"rendered":"<p>ReformA za vas ima najbolji poklon za va\u0161 rad! Gel polish &#8211; rubber base Evo 6 glavnih razloga za\u0161to je ReformA stvorila novi proizvod: 1. Fleksibilna gumena baza otporna na pucanje.\u00a0Savr\u0161eno za ja\u010danje prirodnih noktiju. 2. Briljantan za izravnavanje povr\u0161ine plo\u010dica i nadogradnju po potrebi. 3. Zahvaljuju\u0107i svojoj gusto\u0107i, klijentice vi\u0161e ne\u0107e imati problema s [&hellip;]<\/p>\n","protected":false},"featured_media":7851,"comment_status":"closed","ping_status":"closed","template":"","meta":[],"product_brand":[50],"product_cat":[97,164],"product_tag":[],"class_list":{"0":"post-7855","1":"product","2":"type-product","3":"status-publish","4":"has-post-thumbnail","6":"product_brand-reforma","7":"product_cat-baze-za-trajni-lak-reforma","8":"product_cat-reforma-baze-za-trajni-lak","10":"first","11":"instock","12":"shipping-taxable","13":"purchasable","14":"product-type-simple"},"_links":{"self":[{"href":"https:\/\/www.arty-nails.org\/web_shop\/wp-json\/wp\/v2\/product\/7855","targetHints":{"allow":["GET"]}}],"collection":[{"href":"https:\/\/www.arty-nails.org\/web_shop\/wp-json\/wp\/v2\/product"}],"about":[{"href":"https:\/\/www.arty-nails.org\/web_shop\/wp-json\/wp\/v2\/types\/product"}],"replies":[{"embeddable":true,"href":"https:\/\/www.arty-nails.org\/web_shop\/wp-json\/wp\/v2\/comments?post=7855"}],"wp:featuredmedia":[{"embeddable":true,"href":"https:\/\/www.arty-nails.org\/web_shop\/wp-json\/wp\/v2\/media\/7851"}],"wp:attachment":[{"href":"https:\/\/www.arty-nails.org\/web_shop\/wp-json\/wp\/v2\/media?parent=7855"}],"wp:term":[{"taxonomy":"product_brand","embeddable":true,"href":"https:\/\/www.arty-nails.org\/web_shop\/wp-json\/wp\/v2\/product_brand?post=7855"},{"taxonomy":"product_cat","embeddable":true,"href":"https:\/\/www.arty-nails.org\/web_shop\/wp-json\/wp\/v2\/product_cat?post=7855"},{"taxonomy":"product_tag","embeddable":true,"href":"https:\/\/www.arty-nails.org\/web_shop\/wp-json\/wp\/v2\/product_tag?post=7855"}],"curies":[{"name":"wp","href":"https:\/\/api.w.org\/{rel}","templated":true}]}}