{"id":7959,"date":"2017-03-30T16:02:08","date_gmt":"2017-03-30T14:02:08","guid":{"rendered":"https:\/\/www.arty-nails.org\/web_shop\/product\/zidni-nosac-za-daylight-lampe-lumi-i-sve-lupe\/"},"modified":"2026-03-16T13:45:43","modified_gmt":"2026-03-16T12:45:43","slug":"zidni-nosac-za-daylight-lampe-lumi-i-sve-lupe","status":"publish","type":"product","link":"https:\/\/www.arty-nails.org\/web_shop\/proizvod\/zidni-nosac-za-daylight-lampe-lumi-i-sve-lupe\/","title":{"rendered":"ZIDNI NOSA\u010c ZA DAYLIGHT LAMPE &#8211; LUMI I SVE LUPE"},"content":{"rendered":"<p>Zidni nosa\u010d namijenjen je za sve Daylight modele Lupa i na\u0161u najprodavaniju Lumi lampu.<\/p>\n","protected":false},"excerpt":{"rendered":"<p>Zidni nosa\u010d namijenjen je za sve Daylight modele Lupa i na\u0161u najprodavaniju Lumi lampu.<\/p>\n","protected":false},"featured_media":7957,"comment_status":"closed","ping_status":"closed","template":"","meta":[],"product_brand":[59],"product_cat":[107],"product_tag":[],"class_list":{"0":"post-7959","1":"product","2":"type-product","3":"status-publish","4":"has-post-thumbnail","6":"product_brand-daylight","7":"product_cat-rasvjeta-za-salone","9":"first","10":"instock","11":"shipping-taxable","12":"purchasable","13":"product-type-simple"},"_links":{"self":[{"href":"https:\/\/www.arty-nails.org\/web_shop\/wp-json\/wp\/v2\/product\/7959","targetHints":{"allow":["GET"]}}],"collection":[{"href":"https:\/\/www.arty-nails.org\/web_shop\/wp-json\/wp\/v2\/product"}],"about":[{"href":"https:\/\/www.arty-nails.org\/web_shop\/wp-json\/wp\/v2\/types\/product"}],"replies":[{"embeddable":true,"href":"https:\/\/www.arty-nails.org\/web_shop\/wp-json\/wp\/v2\/comments?post=7959"}],"wp:featuredmedia":[{"embeddable":true,"href":"https:\/\/www.arty-nails.org\/web_shop\/wp-json\/wp\/v2\/media\/7957"}],"wp:attachment":[{"href":"https:\/\/www.arty-nails.org\/web_shop\/wp-json\/wp\/v2\/media?parent=7959"}],"wp:term":[{"taxonomy":"product_brand","embeddable":true,"href":"https:\/\/www.arty-nails.org\/web_shop\/wp-json\/wp\/v2\/product_brand?post=7959"},{"taxonomy":"product_cat","embeddable":true,"href":"https:\/\/www.arty-nails.org\/web_shop\/wp-json\/wp\/v2\/product_cat?post=7959"},{"taxonomy":"product_tag","embeddable":true,"href":"https:\/\/www.arty-nails.org\/web_shop\/wp-json\/wp\/v2\/product_tag?post=7959"}],"curies":[{"name":"wp","href":"https:\/\/api.w.org\/{rel}","templated":true}]}}