{"id":7967,"date":"2017-03-30T16:08:52","date_gmt":"2017-03-30T14:08:52","guid":{"rendered":"https:\/\/www.arty-nails.org\/web_shop\/product\/daylight-profesionalna-stolna-baza-siva-d52082\/"},"modified":"2026-03-16T13:45:43","modified_gmt":"2026-03-16T12:45:43","slug":"daylight-profesionalna-stolna-baza-siva-d52082","status":"publish","type":"product","link":"https:\/\/www.arty-nails.org\/web_shop\/proizvod\/daylight-profesionalna-stolna-baza-siva-d52082\/","title":{"rendered":"DAYLIGHT PROFESIONALNA STOLNA BAZA SIVA D52082"},"content":{"rendered":"<p>Ova masivna stolna baza podr\u017eava sve Daylight svjetiljke i lupe.<\/p>\n<p>Ova&nbsp;<strong>trajna baza<\/strong>&nbsp;za stol, jednostavna za sastavljanje, pove\u0107ava stabilnost i podr\u017eava najte\u017ee proizvode od Daylighta. Dostupno u sivoj i bijeloj boji.<\/p>\n<ul>\n<li>Boja proizvoda:&nbsp;&nbsp;Siva<\/li>\n<li>Dimenzije proizvoda:&nbsp;(Vx\u0160xD) 7,2&nbsp;x 25 x 30 cm&nbsp;<\/li>\n<li>Te\u017eina: 9,5 kg&nbsp;<\/li>\n<\/ul>\n<p><strong>(52082) KOMPATIBILNA SA:<\/strong><\/p>\n<p>(25100) iQ Lupa<\/p>\n","protected":false},"excerpt":{"rendered":"<p>Ova masivna stolna baza podr\u017eava sve Daylight svjetiljke i lupe. Ova&nbsp;trajna baza&nbsp;za stol, jednostavna za sastavljanje, pove\u0107ava stabilnost i podr\u017eava najte\u017ee proizvode od Daylighta. Dostupno u sivoj i bijeloj boji. Boja proizvoda:&nbsp;&nbsp;Siva Dimenzije proizvoda:&nbsp;(Vx\u0160xD) 7,2&nbsp;x 25 x 30 cm&nbsp; Te\u017eina: 9,5 kg&nbsp; (52082) KOMPATIBILNA SA: (25100) iQ Lupa<\/p>\n","protected":false},"featured_media":7966,"comment_status":"closed","ping_status":"closed","template":"","meta":[],"product_brand":[59],"product_cat":[107],"product_tag":[],"class_list":{"0":"post-7967","1":"product","2":"type-product","3":"status-publish","4":"has-post-thumbnail","6":"product_brand-daylight","7":"product_cat-rasvjeta-za-salone","9":"first","10":"instock","11":"shipping-taxable","12":"purchasable","13":"product-type-simple"},"_links":{"self":[{"href":"https:\/\/www.arty-nails.org\/web_shop\/wp-json\/wp\/v2\/product\/7967","targetHints":{"allow":["GET"]}}],"collection":[{"href":"https:\/\/www.arty-nails.org\/web_shop\/wp-json\/wp\/v2\/product"}],"about":[{"href":"https:\/\/www.arty-nails.org\/web_shop\/wp-json\/wp\/v2\/types\/product"}],"replies":[{"embeddable":true,"href":"https:\/\/www.arty-nails.org\/web_shop\/wp-json\/wp\/v2\/comments?post=7967"}],"wp:featuredmedia":[{"embeddable":true,"href":"https:\/\/www.arty-nails.org\/web_shop\/wp-json\/wp\/v2\/media\/7966"}],"wp:attachment":[{"href":"https:\/\/www.arty-nails.org\/web_shop\/wp-json\/wp\/v2\/media?parent=7967"}],"wp:term":[{"taxonomy":"product_brand","embeddable":true,"href":"https:\/\/www.arty-nails.org\/web_shop\/wp-json\/wp\/v2\/product_brand?post=7967"},{"taxonomy":"product_cat","embeddable":true,"href":"https:\/\/www.arty-nails.org\/web_shop\/wp-json\/wp\/v2\/product_cat?post=7967"},{"taxonomy":"product_tag","embeddable":true,"href":"https:\/\/www.arty-nails.org\/web_shop\/wp-json\/wp\/v2\/product_tag?post=7967"}],"curies":[{"name":"wp","href":"https:\/\/api.w.org\/{rel}","templated":true}]}}