{"id":7974,"date":"2017-03-30T16:21:07","date_gmt":"2017-03-30T14:21:07","guid":{"rendered":"https:\/\/www.arty-nails.org\/web_shop\/product\/daylight-lupa-omega-7-d25130\/"},"modified":"2026-03-16T13:45:43","modified_gmt":"2026-03-16T12:45:43","slug":"daylight-lupa-omega-7-d25130","status":"publish","type":"product","link":"https:\/\/www.arty-nails.org\/web_shop\/proizvod\/daylight-lupa-omega-7-d25130\/","title":{"rendered":"DAYLIGHT LUPA OMEGA 7 D25130"},"content":{"rendered":"<p><strong>Informacije o proizvodu:<\/strong><\/p>\n<p><span style=\"font-size: 14pt;\">Omega 7 je moderna, ergonomski dizajnirana lupa.<\/span><\/p>\n<p>Veli\u010dine 17,5 cm, 3 dioptrije (1,75X),<strong> lagana akrilna le\u0107a<\/strong> kombiniranaje s LED lampama<strong> velike snage i 4 razine svjetline<\/strong> za jasno gledanje. Unutarnja opruga omogu\u0107ava precizno pozicioniranje, a bo\u010dne za\u0161tite jednostavno \u010di\u0161\u0107enje. U\u017eivajte u estetski ugodnoj bijeloji sivoj zavr\u0161noj obradi koja se savr\u0161eno uklapa u Va\u0161e profesionalno okru\u017eenje.<\/p>\n<p>&nbsp;<strong>Zna\u010dajke:<\/strong><\/p>\n<ul>\n<li>Akrilna le\u0107a 17,5 cm (7 \u2033) s premazom protiv ogrebotina<\/li>\n<li>Pove\u0107anje le\u0107e: 3 dioptrije (1,75X)<\/li>\n<li>Pokrivene ruke s unutarnjim oprugama<\/li>\n<li>Podesivi zglob glave s krilnom maticom<\/li>\n<li>4 razine regulacije svjetlosti:&nbsp;6,300 \u2013 5,500 \u2013 3,500 \u2013 1,800<\/li>\n<li>Dug doseg 118 cm<\/li>\n<li>Vijek trajanja LED-a (sati) 50 000<\/li>\n<li>Potro\u0161nja energije 12 W<\/li>\n<li>Lumena 814lm Lux na 15 cm: 6,300<\/li>\n<li>Temperatura u boji: 6000 K<\/li>\n<li>Dimenzije proizvoda: <span style=\"caret-color: auto;\">(Vx\u0160xD) 60<\/span><span style=\"caret-color: auto;\">&nbsp;x 23 x 90 cm&nbsp;<\/span><\/li>\n<li>Kompatibilna s profesionalnim podnim postoljem &#8211; bijeli (53060)<\/li>\n<li>Kompatibilna s Xtra-le\u0107om 5D (62001)<\/li>\n<li>Kompatibilna s Xtra-objektivom 12D (62002)<\/li>\n<li>Kompatibilna s Xtra-objektivima 4D i 6D (62003)<\/li>\n<\/ul>\n","protected":false},"excerpt":{"rendered":"<p>Informacije o proizvodu: Omega 7 je moderna, ergonomski dizajnirana lupa. Veli\u010dine 17,5 cm, 3 dioptrije (1,75X), lagana akrilna le\u0107a kombiniranaje s LED lampama velike snage i 4 razine svjetline za jasno gledanje. Unutarnja opruga omogu\u0107ava precizno pozicioniranje, a bo\u010dne za\u0161tite jednostavno \u010di\u0161\u0107enje. U\u017eivajte u estetski ugodnoj bijeloji sivoj zavr\u0161noj obradi koja se savr\u0161eno uklapa u [&hellip;]<\/p>\n","protected":false},"featured_media":7970,"comment_status":"closed","ping_status":"closed","template":"","meta":[],"product_brand":[59],"product_cat":[107],"product_tag":[],"class_list":{"0":"post-7974","1":"product","2":"type-product","3":"status-publish","4":"has-post-thumbnail","6":"product_brand-daylight","7":"product_cat-rasvjeta-za-salone","9":"first","10":"instock","11":"shipping-taxable","12":"purchasable","13":"product-type-simple"},"_links":{"self":[{"href":"https:\/\/www.arty-nails.org\/web_shop\/wp-json\/wp\/v2\/product\/7974","targetHints":{"allow":["GET"]}}],"collection":[{"href":"https:\/\/www.arty-nails.org\/web_shop\/wp-json\/wp\/v2\/product"}],"about":[{"href":"https:\/\/www.arty-nails.org\/web_shop\/wp-json\/wp\/v2\/types\/product"}],"replies":[{"embeddable":true,"href":"https:\/\/www.arty-nails.org\/web_shop\/wp-json\/wp\/v2\/comments?post=7974"}],"wp:featuredmedia":[{"embeddable":true,"href":"https:\/\/www.arty-nails.org\/web_shop\/wp-json\/wp\/v2\/media\/7970"}],"wp:attachment":[{"href":"https:\/\/www.arty-nails.org\/web_shop\/wp-json\/wp\/v2\/media?parent=7974"}],"wp:term":[{"taxonomy":"product_brand","embeddable":true,"href":"https:\/\/www.arty-nails.org\/web_shop\/wp-json\/wp\/v2\/product_brand?post=7974"},{"taxonomy":"product_cat","embeddable":true,"href":"https:\/\/www.arty-nails.org\/web_shop\/wp-json\/wp\/v2\/product_cat?post=7974"},{"taxonomy":"product_tag","embeddable":true,"href":"https:\/\/www.arty-nails.org\/web_shop\/wp-json\/wp\/v2\/product_tag?post=7974"}],"curies":[{"name":"wp","href":"https:\/\/api.w.org\/{rel}","templated":true}]}}