{"id":7977,"date":"2017-03-30T16:24:10","date_gmt":"2017-03-30T14:24:10","guid":{"rendered":"https:\/\/www.arty-nails.org\/web_shop\/product\/daylight-lupa-omega-5-d25110\/"},"modified":"2026-03-16T13:45:43","modified_gmt":"2026-03-16T12:45:43","slug":"daylight-lupa-omega-5-d25110","status":"publish","type":"product","link":"https:\/\/www.arty-nails.org\/web_shop\/proizvod\/daylight-lupa-omega-5-d25110\/","title":{"rendered":"DAYLIGHT LUPA OMEGA 5 D25110"},"content":{"rendered":"<p><strong>Informacije o proizvodu:<\/strong><\/p>\n<p><span style=\"font-size: 14pt;\">Objektiv za svaki izazov!<\/span><\/p>\n<p><strong>Sna\u017ena i prilagodljiva<\/strong>, Omega 5 lupa dolazi s pove\u0107anjem od 3 dioptrije (1,75X) i <strong>dodatnim le\u0107ama<\/strong> od 5 dioptrija (2,25X) tako da mo\u017eete <strong>zamjeniti objektiv<\/strong> prema Va\u0161em zadatku.Prilagodite svjetlinu va\u0161im potrebama pomo\u0107u <strong>4 razine svjetline<\/strong> i u\u017eivajte u estetski ugodnoj bijeloj i sivoj zavr\u0161noj obradi koja se savr\u0161eno uklapa u Va\u0161e profesionalno okru\u017eenje.<\/p>\n<p><strong>Zna\u010dajke:<\/strong><\/p>\n<ul>\n<li>Uklju\u010dene su 3 dioptrijske (1,75X) i 5 dioptrijske (2,25X) le\u0107e<\/li>\n<li>Podesivi zglob glave s krilnom maticom<\/li>\n<li>Staklena le\u0107a \u00d8 12,7 cm (5 \u2033)<\/li>\n<li>Dugi doseg 106 cm (42 \u2033)<\/li>\n<li>4 razine regulacije svjetlosti:\u00a05,500 \u2013 4,000 \u2013 2,500 \u2013 1,700<\/li>\n<li>Kompatibilan s profesionalnim podnim postoljem &#8211; bijeli (53060)<\/li>\n<li>Vijek trajanja LED-a (sati) 50 000<\/li>\n<li>Potro\u0161nja energije 11W<\/li>\n<li>Lumena 548 lm<\/li>\n<li>Lux na 15 cm: 5,500<\/li>\n<li>Temperatura u boji: 6000 K<\/li>\n<li>Dimenzije proizvoda: <span style=\"caret-color: auto;\">(Vx\u0160xD) 58.5<\/span><span style=\"caret-color: auto;\">\u00a0x 18 x 78 cm\u00a0<\/span><\/li>\n<\/ul>\n","protected":false},"excerpt":{"rendered":"<p>Informacije o proizvodu: Objektiv za svaki izazov! Sna\u017ena i prilagodljiva, Omega 5 lupa dolazi s pove\u0107anjem od 3 dioptrije (1,75X) i dodatnim le\u0107ama od 5 dioptrija (2,25X) tako da mo\u017eete zamjeniti objektiv prema Va\u0161em zadatku.Prilagodite svjetlinu va\u0161im potrebama pomo\u0107u 4 razine svjetline i u\u017eivajte u estetski ugodnoj bijeloj i sivoj zavr\u0161noj obradi koja se savr\u0161eno [&hellip;]<\/p>\n","protected":false},"featured_media":7975,"comment_status":"closed","ping_status":"closed","template":"","meta":[],"product_brand":[59],"product_cat":[107],"product_tag":[],"class_list":{"0":"post-7977","1":"product","2":"type-product","3":"status-publish","4":"has-post-thumbnail","6":"product_brand-daylight","7":"product_cat-rasvjeta-za-salone","9":"first","10":"instock","11":"shipping-taxable","12":"purchasable","13":"product-type-simple"},"_links":{"self":[{"href":"https:\/\/www.arty-nails.org\/web_shop\/wp-json\/wp\/v2\/product\/7977","targetHints":{"allow":["GET"]}}],"collection":[{"href":"https:\/\/www.arty-nails.org\/web_shop\/wp-json\/wp\/v2\/product"}],"about":[{"href":"https:\/\/www.arty-nails.org\/web_shop\/wp-json\/wp\/v2\/types\/product"}],"replies":[{"embeddable":true,"href":"https:\/\/www.arty-nails.org\/web_shop\/wp-json\/wp\/v2\/comments?post=7977"}],"wp:featuredmedia":[{"embeddable":true,"href":"https:\/\/www.arty-nails.org\/web_shop\/wp-json\/wp\/v2\/media\/7975"}],"wp:attachment":[{"href":"https:\/\/www.arty-nails.org\/web_shop\/wp-json\/wp\/v2\/media?parent=7977"}],"wp:term":[{"taxonomy":"product_brand","embeddable":true,"href":"https:\/\/www.arty-nails.org\/web_shop\/wp-json\/wp\/v2\/product_brand?post=7977"},{"taxonomy":"product_cat","embeddable":true,"href":"https:\/\/www.arty-nails.org\/web_shop\/wp-json\/wp\/v2\/product_cat?post=7977"},{"taxonomy":"product_tag","embeddable":true,"href":"https:\/\/www.arty-nails.org\/web_shop\/wp-json\/wp\/v2\/product_tag?post=7977"}],"curies":[{"name":"wp","href":"https:\/\/api.w.org\/{rel}","templated":true}]}}