{"id":7987,"date":"2017-03-30T17:42:54","date_gmt":"2017-03-30T15:42:54","guid":{"rendered":"https:\/\/www.arty-nails.org\/web_shop\/product\/daylight-iq-lupa-d25100\/"},"modified":"2026-03-16T13:45:42","modified_gmt":"2026-03-16T12:45:42","slug":"daylight-iq-lupa-d25100","status":"publish","type":"product","link":"https:\/\/www.arty-nails.org\/web_shop\/proizvod\/daylight-iq-lupa-d25100\/","title":{"rendered":"DAYLIGHT IQ LUPA D25100"},"content":{"rendered":"<p><strong>Informacije o proizvodu:<\/strong><\/p>\n<p>Za\u0161to IQ? Zato \u0161to ona mo\u017ee ono \u0161to niti jedna druga ne mo\u017ee!<\/p>\n<p><strong>Velika i lagana<\/strong>&nbsp;le\u0107a u kombinaciji s&nbsp;<strong>dugim dosegom<\/strong>&nbsp;omogu\u0107uje vam detaljno obavljanje poslova uz&nbsp;<strong>jasno\u0107u i udobnos<\/strong>t. Glava pove\u0107ala se bez pote\u0161ko\u0107a mo\u017ee pomicati u bilo koji polo\u017eaj, a ruke svjetiljke su za\u0161ti\u0107ene za jednostavno \u010di\u0161\u0107enje. Za bli\u017ei fokus koristite 12 dioptrijskih (4.0X) le\u0107a postavljenih na zakretnu ruku. Uklju\u010den je uklonjivi za\u0161titnik le\u0107a.<\/p>\n<p><strong>Zna\u010dajke:<\/strong><\/p>\n<ul>\n<li>Akrilna le\u0107a s premazom protiv ogrebotina \u00d8 17,5 cm<\/li>\n<li>Uklju\u010deno je 12 dioptrijskih (4.0X) le\u0107a za zakretnu ruku<\/li>\n<li>Pokrivene ruke s unutarnjim oprugama<\/li>\n<li>Uklonjivi za\u0161titnik za le\u0107e<\/li>\n<li>Slobodni pokret glave<\/li>\n<li>4 razine regulacije svjetlosti:&nbsp;6,300 \u2013 5,500 \u2013 3,500 \u2013 1,800<\/li>\n<li>3 dioptrije (1,75X)<\/li>\n<li>Vijek trajanja LED-a (sati) 50 000<\/li>\n<li>Potro\u0161nja energije 12 W<\/li>\n<li>Lumena 814lm Lux na 15 cm: 6,300<\/li>\n<li>Temperatura u boji: 6000 K<\/li>\n<li>Dimenzije proizvoda:&nbsp;(Vx\u0160xD) 60&nbsp;x 23 x 90 cm&nbsp;<\/li>\n<li>Kompatibilno sa profesionalnim podnim postoljem &#8211; siva(53062)<\/li>\n<li>Kompatibilan s Xtra-objektivom 5D (62001) opcija<\/li>\n<li>Kompatibilan s Xtra-objektivom 4D i 8D (62003)<\/li>\n<\/ul>\n<p><a href=\"https:\/\/youtu.be\/KY1Jzqp_6Jk\" target=\"_blank\" rel=\"noopener\"><\/a><a href=\"https:\/\/youtu.be\/KY1Jzqp_6Jk\" target=\"_blank\" rel=\"noopener\">https:\/\/youtu.be\/KY1Jzqp_6Jk<\/a><\/p>\n","protected":false},"excerpt":{"rendered":"<p>Informacije o proizvodu: Za\u0161to IQ? Zato \u0161to ona mo\u017ee ono \u0161to niti jedna druga ne mo\u017ee! Velika i lagana&nbsp;le\u0107a u kombinaciji s&nbsp;dugim dosegom&nbsp;omogu\u0107uje vam detaljno obavljanje poslova uz&nbsp;jasno\u0107u i udobnost. Glava pove\u0107ala se bez pote\u0161ko\u0107a mo\u017ee pomicati u bilo koji polo\u017eaj, a ruke svjetiljke su za\u0161ti\u0107ene za jednostavno \u010di\u0161\u0107enje. Za bli\u017ei fokus koristite 12 dioptrijskih [&hellip;]<\/p>\n","protected":false},"featured_media":7978,"comment_status":"closed","ping_status":"closed","template":"","meta":[],"product_brand":[59],"product_cat":[107],"product_tag":[],"class_list":{"0":"post-7987","1":"product","2":"type-product","3":"status-publish","4":"has-post-thumbnail","6":"product_brand-daylight","7":"product_cat-rasvjeta-za-salone","9":"first","10":"instock","11":"shipping-taxable","12":"purchasable","13":"product-type-simple"},"_links":{"self":[{"href":"https:\/\/www.arty-nails.org\/web_shop\/wp-json\/wp\/v2\/product\/7987","targetHints":{"allow":["GET"]}}],"collection":[{"href":"https:\/\/www.arty-nails.org\/web_shop\/wp-json\/wp\/v2\/product"}],"about":[{"href":"https:\/\/www.arty-nails.org\/web_shop\/wp-json\/wp\/v2\/types\/product"}],"replies":[{"embeddable":true,"href":"https:\/\/www.arty-nails.org\/web_shop\/wp-json\/wp\/v2\/comments?post=7987"}],"wp:featuredmedia":[{"embeddable":true,"href":"https:\/\/www.arty-nails.org\/web_shop\/wp-json\/wp\/v2\/media\/7978"}],"wp:attachment":[{"href":"https:\/\/www.arty-nails.org\/web_shop\/wp-json\/wp\/v2\/media?parent=7987"}],"wp:term":[{"taxonomy":"product_brand","embeddable":true,"href":"https:\/\/www.arty-nails.org\/web_shop\/wp-json\/wp\/v2\/product_brand?post=7987"},{"taxonomy":"product_cat","embeddable":true,"href":"https:\/\/www.arty-nails.org\/web_shop\/wp-json\/wp\/v2\/product_cat?post=7987"},{"taxonomy":"product_tag","embeddable":true,"href":"https:\/\/www.arty-nails.org\/web_shop\/wp-json\/wp\/v2\/product_tag?post=7987"}],"curies":[{"name":"wp","href":"https:\/\/api.w.org\/{rel}","templated":true}]}}