{"id":8000,"date":"2017-03-30T17:51:21","date_gmt":"2017-03-30T15:51:21","guid":{"rendered":"https:\/\/www.arty-nails.org\/web_shop\/product\/daylight-magnificent-pro-lupa-za-pod-i-stol-d25090\/"},"modified":"2026-03-16T13:45:42","modified_gmt":"2026-03-16T12:45:42","slug":"daylight-magnificent-pro-lupa-za-pod-i-stol-d25090","status":"publish","type":"product","link":"https:\/\/www.arty-nails.org\/web_shop\/proizvod\/daylight-magnificent-pro-lupa-za-pod-i-stol-d25090\/","title":{"rendered":"DAYLIGHT MAGNIFICENT PRO LUPA ZA POD I STOL D25090"},"content":{"rendered":"<p><strong>Informacije o proizvodu:<\/strong><\/p>\n<p>Prikladan za niz detaljnih zadataka, visina ove lupe je lako podesiva.<\/p>\n<p>Za&nbsp;<strong>neprekidni<\/strong>&nbsp;rad do&nbsp;<strong>najsitnijih<\/strong>&nbsp;detalja ili za dugotrajno \u010ditanje, odaberite upravo ovu lupu, velikih&nbsp;<strong>poluobuhva\u0107enih<\/strong>&nbsp;pove\u0107ala od 1,75X. Beskompromisna udobnost i LED svjetla!<\/p>\n<p>&nbsp;<strong>Zna\u010dajke:<\/strong><\/p>\n<ul>\n<li>Podesivo po visini, mo\u017ee se koristiti kao podna ili stolna svjetiljka.<\/li>\n<li>Velike poluobuhva\u0107ene le\u0107e od 5 \u00be \u201ds pove\u0107anjem 1,75X<\/li>\n<li>Maksimalna visina: Podna svjetiljka 125cm (50\u201d) i Stolna svjetiljka 50cm(20 \u201d)<\/li>\n<li>Dnevno LED svjetlo pru\u017ea istinsko podudaranje boja<\/li>\n<li>Vijek trajanja LED-a (sati) 50 000<\/li>\n<li>Du\u017eina kabela: 1,8 m<\/li>\n<li>Potro\u0161nja energije: 7W<\/li>\n<li>Lumena: 600 lm<\/li>\n<li>Lux na 15 cm: 5,500<\/li>\n<li>Temperatura boje: 6000 K<\/li>\n<li>Dimenzije proizvoda:&nbsp;(Vx\u0160xD) 125 x 23 x 56 cm&nbsp;<\/li>\n<li>Te\u017eina proizvoda: 3.4 kg&nbsp;<\/li>\n<\/ul>\n","protected":false},"excerpt":{"rendered":"<p>Informacije o proizvodu: Prikladan za niz detaljnih zadataka, visina ove lupe je lako podesiva. Za&nbsp;neprekidni&nbsp;rad do&nbsp;najsitnijih&nbsp;detalja ili za dugotrajno \u010ditanje, odaberite upravo ovu lupu, velikih&nbsp;poluobuhva\u0107enih&nbsp;pove\u0107ala od 1,75X. Beskompromisna udobnost i LED svjetla! &nbsp;Zna\u010dajke: Podesivo po visini, mo\u017ee se koristiti kao podna ili stolna svjetiljka. Velike poluobuhva\u0107ene le\u0107e od 5 \u00be \u201ds pove\u0107anjem 1,75X Maksimalna visina: [&hellip;]<\/p>\n","protected":false},"featured_media":7992,"comment_status":"closed","ping_status":"closed","template":"","meta":[],"product_brand":[59],"product_cat":[107],"product_tag":[],"class_list":{"0":"post-8000","1":"product","2":"type-product","3":"status-publish","4":"has-post-thumbnail","6":"product_brand-daylight","7":"product_cat-rasvjeta-za-salone","9":"first","10":"instock","11":"shipping-taxable","12":"purchasable","13":"product-type-simple"},"_links":{"self":[{"href":"https:\/\/www.arty-nails.org\/web_shop\/wp-json\/wp\/v2\/product\/8000","targetHints":{"allow":["GET"]}}],"collection":[{"href":"https:\/\/www.arty-nails.org\/web_shop\/wp-json\/wp\/v2\/product"}],"about":[{"href":"https:\/\/www.arty-nails.org\/web_shop\/wp-json\/wp\/v2\/types\/product"}],"replies":[{"embeddable":true,"href":"https:\/\/www.arty-nails.org\/web_shop\/wp-json\/wp\/v2\/comments?post=8000"}],"wp:featuredmedia":[{"embeddable":true,"href":"https:\/\/www.arty-nails.org\/web_shop\/wp-json\/wp\/v2\/media\/7992"}],"wp:attachment":[{"href":"https:\/\/www.arty-nails.org\/web_shop\/wp-json\/wp\/v2\/media?parent=8000"}],"wp:term":[{"taxonomy":"product_brand","embeddable":true,"href":"https:\/\/www.arty-nails.org\/web_shop\/wp-json\/wp\/v2\/product_brand?post=8000"},{"taxonomy":"product_cat","embeddable":true,"href":"https:\/\/www.arty-nails.org\/web_shop\/wp-json\/wp\/v2\/product_cat?post=8000"},{"taxonomy":"product_tag","embeddable":true,"href":"https:\/\/www.arty-nails.org\/web_shop\/wp-json\/wp\/v2\/product_tag?post=8000"}],"curies":[{"name":"wp","href":"https:\/\/api.w.org\/{rel}","templated":true}]}}