{"id":8007,"date":"2017-03-30T17:58:30","date_gmt":"2017-03-30T15:58:30","guid":{"rendered":"https:\/\/www.arty-nails.org\/web_shop\/product\/daylight-halo-8d-stolna-lupa-d25300\/"},"modified":"2026-03-16T13:45:42","modified_gmt":"2026-03-16T12:45:42","slug":"daylight-halo-8d-stolna-lupa-d25300","status":"publish","type":"product","link":"https:\/\/www.arty-nails.org\/web_shop\/proizvod\/daylight-halo-8d-stolna-lupa-d25300\/","title":{"rendered":"DAYLIGHT HALO 8D STOLNA LUPA D25300"},"content":{"rendered":"<p><strong>Informacije o proizvodu:<\/strong><\/p>\n<p>Tako sitna, a mo\u0107na!<\/p>\n<p>Halo Lampa Lupa&nbsp;<strong>savr\u0161ena<\/strong>&nbsp;je za najzahtjevnije projekte. Pove\u0107alo je okru\u017eeno LED izvorima svjetlosti, a&nbsp;<strong>mo\u0107ni objektiv<\/strong>&nbsp;pru\u017ea optimalno pove\u0107anje. Zbog jednostavnosti i&nbsp;<strong>sklopivog dizajna<\/strong>, nosit \u0107ete&nbsp; je za svaki radni zadatak.<\/p>\n<p><strong>Zna\u010dajke:<\/strong><\/p>\n<ul>\n<li>Sklopiv i kompaktan dizajn<\/li>\n<li>3 razine regulacije svjetlosti<\/li>\n<li>Objektiv promjera 9 cm (3,5 \u201d)<\/li>\n<li>8 dioptrijskih pove\u0107ala (3,0X)<\/li>\n<li>20 dioptrijskim umetkom (6.0X)<\/li>\n<li>Te\u017eina 0,85 kg (1.5lb)<\/li>\n<li>Boja bijela \/ srebrna<\/li>\n<li>Duljina kabela 2 m (6,5 &#8216;)<\/li>\n<li>Izlazna svjetlost CRI 80+<\/li>\n<li>Vijek trajanja LED-a (sati) 50 000<\/li>\n<li>Lumena 315 lm<\/li>\n<li>Lux na 15 cm (6 \u201d) 4.000<\/li>\n<li>Temperatura u boji 6000 K<\/li>\n<li>Potro\u0161nja energije 6W<\/li>\n<li>Dimenzije proizvoda:&nbsp;(Vx\u0160xD) 33&nbsp;x 15 x 15 cm&nbsp;<\/li>\n<\/ul>\n<p><a href=\"https:\/\/youtu.be\/14_x_alMVBM\" target=\"_blank\" rel=\"noopener\"><\/a><a href=\"https:\/\/youtu.be\/14_x_alMVBM\" target=\"_blank\" rel=\"noopener\">https:\/\/youtu.be\/14_x_alMVBM<\/a><\/p>\n","protected":false},"excerpt":{"rendered":"<p>Informacije o proizvodu: Tako sitna, a mo\u0107na! Halo Lampa Lupa&nbsp;savr\u0161ena&nbsp;je za najzahtjevnije projekte. Pove\u0107alo je okru\u017eeno LED izvorima svjetlosti, a&nbsp;mo\u0107ni objektiv&nbsp;pru\u017ea optimalno pove\u0107anje. Zbog jednostavnosti i&nbsp;sklopivog dizajna, nosit \u0107ete&nbsp; je za svaki radni zadatak. Zna\u010dajke: Sklopiv i kompaktan dizajn 3 razine regulacije svjetlosti Objektiv promjera 9 cm (3,5 \u201d) 8 dioptrijskih pove\u0107ala (3,0X) 20 dioptrijskim [&hellip;]<\/p>\n","protected":false},"featured_media":8001,"comment_status":"closed","ping_status":"closed","template":"","meta":[],"product_brand":[59],"product_cat":[107],"product_tag":[],"class_list":{"0":"post-8007","1":"product","2":"type-product","3":"status-publish","4":"has-post-thumbnail","6":"product_brand-daylight","7":"product_cat-rasvjeta-za-salone","9":"first","10":"instock","11":"shipping-taxable","12":"purchasable","13":"product-type-simple"},"_links":{"self":[{"href":"https:\/\/www.arty-nails.org\/web_shop\/wp-json\/wp\/v2\/product\/8007","targetHints":{"allow":["GET"]}}],"collection":[{"href":"https:\/\/www.arty-nails.org\/web_shop\/wp-json\/wp\/v2\/product"}],"about":[{"href":"https:\/\/www.arty-nails.org\/web_shop\/wp-json\/wp\/v2\/types\/product"}],"replies":[{"embeddable":true,"href":"https:\/\/www.arty-nails.org\/web_shop\/wp-json\/wp\/v2\/comments?post=8007"}],"wp:featuredmedia":[{"embeddable":true,"href":"https:\/\/www.arty-nails.org\/web_shop\/wp-json\/wp\/v2\/media\/8001"}],"wp:attachment":[{"href":"https:\/\/www.arty-nails.org\/web_shop\/wp-json\/wp\/v2\/media?parent=8007"}],"wp:term":[{"taxonomy":"product_brand","embeddable":true,"href":"https:\/\/www.arty-nails.org\/web_shop\/wp-json\/wp\/v2\/product_brand?post=8007"},{"taxonomy":"product_cat","embeddable":true,"href":"https:\/\/www.arty-nails.org\/web_shop\/wp-json\/wp\/v2\/product_cat?post=8007"},{"taxonomy":"product_tag","embeddable":true,"href":"https:\/\/www.arty-nails.org\/web_shop\/wp-json\/wp\/v2\/product_tag?post=8007"}],"curies":[{"name":"wp","href":"https:\/\/api.w.org\/{rel}","templated":true}]}}