{"id":8015,"date":"2017-03-30T18:11:34","date_gmt":"2017-03-30T16:11:34","guid":{"rendered":"https:\/\/www.arty-nails.org\/web_shop\/product\/daylight-halo-5d-stolna-lupa-d25200\/"},"modified":"2026-03-16T13:45:42","modified_gmt":"2026-03-16T12:45:42","slug":"daylight-halo-5d-stolna-lupa-d25200","status":"publish","type":"product","link":"https:\/\/www.arty-nails.org\/web_shop\/proizvod\/daylight-halo-5d-stolna-lupa-d25200\/","title":{"rendered":"DAYLIGHT HALO 5D STOLNA LUPA D25200"},"content":{"rendered":"<p><strong>Informacije o proizvodu:<\/strong><\/p>\n<p>Tako sitna, a mo\u0107na!<\/p>\n<p>Halo Lampa Lupa&nbsp;<strong>savr\u0161ena<\/strong>&nbsp;je za najzahtjevnije projekte. Pove\u0107alo je okru\u017eeno LED izvorima svjetlosti, a&nbsp;<strong>mo\u0107ni objektiv<\/strong>&nbsp;pru\u017ea optimalno pove\u0107anje. Zbog jednostavnosti i&nbsp;<strong>sklopivog dizajna<\/strong>, nosit \u0107ete&nbsp; je za svaki radni zadatak.<\/p>\n<p><strong>Zna\u010dajke:<\/strong><\/p>\n<ul>\n<li>Sklopiv i kompaktan dizajn<\/li>\n<li>3 razine regulacije svjetlosti<\/li>\n<li>Objektiv promjera 9 cm (3,5 \u201d)<\/li>\n<li>5 dioptrijskih pove\u0107ala (2,25X)<\/li>\n<li>12 dioptrijskim umetkom (4.0X)<\/li>\n<li>Te\u017eina 0,7 kg (1.5lb)<\/li>\n<li>Boja bijela \/ srebrna<\/li>\n<li>Duljina kabela 2 m (6,5 &#8216;)<\/li>\n<li>Izlazna svjetlostCRI 80+<\/li>\n<li>Vijek trajanja LED-a (sati) 50 000<\/li>\n<li>Lumena 315 lm<\/li>\n<li>Lux na 15 cm (6 \u201d) 4.000<\/li>\n<li>Temperatura u boji 6000 K<\/li>\n<li>Potro\u0161nja energije 6W<\/li>\n<li>Dimenzije proizvoda:&nbsp;(Vx\u0160xD) 33&nbsp;x 15 x 15 cm&nbsp;<\/li>\n<li>Te\u017eina proizvoda: 0.7 kg&nbsp;<\/li>\n<\/ul>\n<p><a href=\"https:\/\/youtu.be\/97UOJdE3wxw\" target=\"_blank\" rel=\"noopener\"><\/a><a href=\"https:\/\/youtu.be\/97UOJdE3wxw\" target=\"_blank\" rel=\"noopener\">https:\/\/youtu.be\/97UOJdE3wxw<\/a><\/p>\n","protected":false},"excerpt":{"rendered":"<p>Informacije o proizvodu: Tako sitna, a mo\u0107na! Halo Lampa Lupa&nbsp;savr\u0161ena&nbsp;je za najzahtjevnije projekte. Pove\u0107alo je okru\u017eeno LED izvorima svjetlosti, a&nbsp;mo\u0107ni objektiv&nbsp;pru\u017ea optimalno pove\u0107anje. Zbog jednostavnosti i&nbsp;sklopivog dizajna, nosit \u0107ete&nbsp; je za svaki radni zadatak. Zna\u010dajke: Sklopiv i kompaktan dizajn 3 razine regulacije svjetlosti Objektiv promjera 9 cm (3,5 \u201d) 5 dioptrijskih pove\u0107ala (2,25X) 12 dioptrijskim [&hellip;]<\/p>\n","protected":false},"featured_media":8008,"comment_status":"closed","ping_status":"closed","template":"","meta":[],"product_brand":[59],"product_cat":[107],"product_tag":[],"class_list":{"0":"post-8015","1":"product","2":"type-product","3":"status-publish","4":"has-post-thumbnail","6":"product_brand-daylight","7":"product_cat-rasvjeta-za-salone","9":"first","10":"instock","11":"shipping-taxable","12":"purchasable","13":"product-type-simple"},"_links":{"self":[{"href":"https:\/\/www.arty-nails.org\/web_shop\/wp-json\/wp\/v2\/product\/8015","targetHints":{"allow":["GET"]}}],"collection":[{"href":"https:\/\/www.arty-nails.org\/web_shop\/wp-json\/wp\/v2\/product"}],"about":[{"href":"https:\/\/www.arty-nails.org\/web_shop\/wp-json\/wp\/v2\/types\/product"}],"replies":[{"embeddable":true,"href":"https:\/\/www.arty-nails.org\/web_shop\/wp-json\/wp\/v2\/comments?post=8015"}],"wp:featuredmedia":[{"embeddable":true,"href":"https:\/\/www.arty-nails.org\/web_shop\/wp-json\/wp\/v2\/media\/8008"}],"wp:attachment":[{"href":"https:\/\/www.arty-nails.org\/web_shop\/wp-json\/wp\/v2\/media?parent=8015"}],"wp:term":[{"taxonomy":"product_brand","embeddable":true,"href":"https:\/\/www.arty-nails.org\/web_shop\/wp-json\/wp\/v2\/product_brand?post=8015"},{"taxonomy":"product_cat","embeddable":true,"href":"https:\/\/www.arty-nails.org\/web_shop\/wp-json\/wp\/v2\/product_cat?post=8015"},{"taxonomy":"product_tag","embeddable":true,"href":"https:\/\/www.arty-nails.org\/web_shop\/wp-json\/wp\/v2\/product_tag?post=8015"}],"curies":[{"name":"wp","href":"https:\/\/api.w.org\/{rel}","templated":true}]}}