{"id":8023,"date":"2017-03-30T18:13:37","date_gmt":"2017-03-30T16:13:37","guid":{"rendered":"https:\/\/www.arty-nails.org\/web_shop\/product\/daylight-halo-go-punjiva-lupa-d25201\/"},"modified":"2026-03-16T13:45:42","modified_gmt":"2026-03-16T12:45:42","slug":"daylight-halo-go-punjiva-lupa-d25201","status":"publish","type":"product","link":"https:\/\/www.arty-nails.org\/web_shop\/proizvod\/daylight-halo-go-punjiva-lupa-d25201\/","title":{"rendered":"DAYLIGHT HALO GO PUNJIVA LUPA D25201"},"content":{"rendered":"<p><strong>Informacije o proizvodu:<\/strong><\/p>\n<p>Nema potrebe za izvorom napajanja, ova je svjetiljka savr\u0161eno prenosiva.&nbsp;<\/p>\n<p>Kako samo ime govori, Halo Go lampa je uvijek spremna za pokret. Zahvaljuju\u0107i&nbsp;<strong>USB punjivoj bateriji<\/strong>, ova lampa vam omogu\u0107uje&nbsp;<strong>8 sati neprekidnog rada<\/strong>&nbsp;uz savr\u0161eno osvjetljenje. Sklopivi dizajn osigurava jednostavno no\u0161enje i rukovanje, a pove\u0107anje od 5 dioptrija (2,25x) i 12(4,0x) \u2013 dioptrijski umetak stavlja fokus na najsitnije detalje.<\/p>\n<p><strong>Zna\u010dajke:<\/strong><\/p>\n<ul>\n<li>2 razine regulacije svjetlosti<\/li>\n<li>Indikator razine baterije<\/li>\n<li>USB punjiva baterija<\/li>\n<li>4 sata na punom svjetlu<\/li>\n<li>Do 8 sati stalne i kontinuirane svjetline<\/li>\n<li>5 dioptrija (2,25X) s 12 dioptrijskim (4,0X) umetkom<\/li>\n<li>Te\u017eina 0,7 kg (1,5 lb)<\/li>\n<li>Boja bijela \/ srebrna<\/li>\n<li>Duljina kabela 1,5 m (4,9 &#8216;)<\/li>\n<li>Objektiv promjera 9 cm (3,5 &#8220;)<\/li>\n<li>CRI 80+<\/li>\n<li>Vijek trajanja LED-a (sati) 50 000<\/li>\n<li>Lumena 315 lm<\/li>\n<li>Lux na 15 cm (6 \u201d) koraka 1-2 4.000-2.000<\/li>\n<li>Temperatura u boji 6000 K<\/li>\n<li>Potro\u0161nja energije 5W<\/li>\n<li>Dimenzije proizvoda:&nbsp;(Vx\u0160xD) 33&nbsp;x 15 x 15 cm&nbsp;<\/li>\n<\/ul>\n<p><a href=\"https:\/\/youtu.be\/nXQwaktfWMs\" target=\"_blank\" rel=\"noopener\"><\/a><a href=\"https:\/\/youtu.be\/nXQwaktfWMs\" target=\"_blank\" rel=\"noopener\">https:\/\/youtu.be\/nXQwaktfWMs<\/a><\/p>\n","protected":false},"excerpt":{"rendered":"<p>Informacije o proizvodu: Nema potrebe za izvorom napajanja, ova je svjetiljka savr\u0161eno prenosiva.&nbsp; Kako samo ime govori, Halo Go lampa je uvijek spremna za pokret. Zahvaljuju\u0107i&nbsp;USB punjivoj bateriji, ova lampa vam omogu\u0107uje&nbsp;8 sati neprekidnog rada&nbsp;uz savr\u0161eno osvjetljenje. Sklopivi dizajn osigurava jednostavno no\u0161enje i rukovanje, a pove\u0107anje od 5 dioptrija (2,25x) i 12(4,0x) \u2013 dioptrijski umetak [&hellip;]<\/p>\n","protected":false},"featured_media":8016,"comment_status":"closed","ping_status":"closed","template":"","meta":[],"product_brand":[59],"product_cat":[107],"product_tag":[],"class_list":{"0":"post-8023","1":"product","2":"type-product","3":"status-publish","4":"has-post-thumbnail","6":"product_brand-daylight","7":"product_cat-rasvjeta-za-salone","9":"first","10":"instock","11":"shipping-taxable","12":"purchasable","13":"product-type-simple"},"_links":{"self":[{"href":"https:\/\/www.arty-nails.org\/web_shop\/wp-json\/wp\/v2\/product\/8023","targetHints":{"allow":["GET"]}}],"collection":[{"href":"https:\/\/www.arty-nails.org\/web_shop\/wp-json\/wp\/v2\/product"}],"about":[{"href":"https:\/\/www.arty-nails.org\/web_shop\/wp-json\/wp\/v2\/types\/product"}],"replies":[{"embeddable":true,"href":"https:\/\/www.arty-nails.org\/web_shop\/wp-json\/wp\/v2\/comments?post=8023"}],"wp:featuredmedia":[{"embeddable":true,"href":"https:\/\/www.arty-nails.org\/web_shop\/wp-json\/wp\/v2\/media\/8016"}],"wp:attachment":[{"href":"https:\/\/www.arty-nails.org\/web_shop\/wp-json\/wp\/v2\/media?parent=8023"}],"wp:term":[{"taxonomy":"product_brand","embeddable":true,"href":"https:\/\/www.arty-nails.org\/web_shop\/wp-json\/wp\/v2\/product_brand?post=8023"},{"taxonomy":"product_cat","embeddable":true,"href":"https:\/\/www.arty-nails.org\/web_shop\/wp-json\/wp\/v2\/product_cat?post=8023"},{"taxonomy":"product_tag","embeddable":true,"href":"https:\/\/www.arty-nails.org\/web_shop\/wp-json\/wp\/v2\/product_tag?post=8023"}],"curies":[{"name":"wp","href":"https:\/\/api.w.org\/{rel}","templated":true}]}}