{"id":8025,"date":"2017-04-04T11:54:10","date_gmt":"2017-04-04T09:54:10","guid":{"rendered":"https:\/\/www.arty-nails.org\/web_shop\/product\/mollon-pro-tipaljke-za-odstranjivanje-trajnog-laka-10-1-1514\/"},"modified":"2026-02-02T12:20:45","modified_gmt":"2026-02-02T11:20:45","slug":"mollon-pro-tipaljke-za-odstranjivanje-trajnog-laka-10-1-1514","status":"publish","type":"product","link":"https:\/\/www.arty-nails.org\/web_shop\/proizvod\/mollon-pro-tipaljke-za-odstranjivanje-trajnog-laka-10-1-1514\/","title":{"rendered":"MOLLON PRO \u0160TIPALJKE ZA ODSTRANJIVANJE TRAJNOG LAKA 10\/1"},"content":{"rendered":"<p>Set od 10 \u0161tipaljki za odstranjivanje trajnog laka. Napravljene su od visokokvalitetne izdr\u017eljive plastike, univerzalne su i ergonomski oblikovane. \u010cvrsto stoje na noktima i osiguravaju ravnomjerno prianjanje blazinica natopljenih u remover za br\u017ee i kvalitetnije skidanje trajnog laka. Za vi\u0161ekratnu upotrebu.<\/p>\n","protected":false},"excerpt":{"rendered":"<p>Set od 10 \u0161tipaljki za odstranjivanje trajnog laka. Napravljene su od visokokvalitetne izdr\u017eljive plastike, univerzalne su i ergonomski oblikovane. \u010cvrsto stoje na noktima i osiguravaju ravnomjerno prianjanje blazinica natopljenih u remover za br\u017ee i kvalitetnije skidanje trajnog laka. Za vi\u0161ekratnu upotrebu.<\/p>\n","protected":false},"featured_media":8024,"comment_status":"closed","ping_status":"closed","template":"","meta":[],"product_brand":[56],"product_cat":[175,165],"product_tag":[],"class_list":{"0":"post-8025","1":"product","2":"type-product","3":"status-publish","4":"has-post-thumbnail","6":"product_brand-mollon-pro","7":"product_cat-cleaneri-i-odstranjivaci","8":"product_cat-oprema-za-rad","10":"first","11":"instock","12":"shipping-taxable","13":"purchasable","14":"product-type-simple"},"_links":{"self":[{"href":"https:\/\/www.arty-nails.org\/web_shop\/wp-json\/wp\/v2\/product\/8025","targetHints":{"allow":["GET"]}}],"collection":[{"href":"https:\/\/www.arty-nails.org\/web_shop\/wp-json\/wp\/v2\/product"}],"about":[{"href":"https:\/\/www.arty-nails.org\/web_shop\/wp-json\/wp\/v2\/types\/product"}],"replies":[{"embeddable":true,"href":"https:\/\/www.arty-nails.org\/web_shop\/wp-json\/wp\/v2\/comments?post=8025"}],"wp:featuredmedia":[{"embeddable":true,"href":"https:\/\/www.arty-nails.org\/web_shop\/wp-json\/wp\/v2\/media\/8024"}],"wp:attachment":[{"href":"https:\/\/www.arty-nails.org\/web_shop\/wp-json\/wp\/v2\/media?parent=8025"}],"wp:term":[{"taxonomy":"product_brand","embeddable":true,"href":"https:\/\/www.arty-nails.org\/web_shop\/wp-json\/wp\/v2\/product_brand?post=8025"},{"taxonomy":"product_cat","embeddable":true,"href":"https:\/\/www.arty-nails.org\/web_shop\/wp-json\/wp\/v2\/product_cat?post=8025"},{"taxonomy":"product_tag","embeddable":true,"href":"https:\/\/www.arty-nails.org\/web_shop\/wp-json\/wp\/v2\/product_tag?post=8025"}],"curies":[{"name":"wp","href":"https:\/\/api.w.org\/{rel}","templated":true}]}}