{"id":8054,"date":"2017-03-30T18:18:29","date_gmt":"2017-03-30T16:18:29","guid":{"rendered":"https:\/\/www.arty-nails.org\/web_shop\/product\/daylight-duo-lampa-stolna-dn1520\/"},"modified":"2026-03-16T13:45:42","modified_gmt":"2026-03-16T12:45:42","slug":"daylight-duo-lampa-stolna-dn1520","status":"publish","type":"product","link":"https:\/\/www.arty-nails.org\/web_shop\/proizvod\/daylight-duo-lampa-stolna-dn1520\/","title":{"rendered":"DAYLIGHT DUO LAMPA STOLNA DN1520"},"content":{"rendered":"<p><strong>Informacije o proizvodu:<\/strong><\/p>\n<p><span style=\"font-size: 14pt;\">Duplo svjetlo za va\u0161e tretmane.<\/span>&nbsp;<\/p>\n<p>S \u010dak <strong>dva izvora svjetlosti<\/strong>, nemogu\u0107e je odoljeti ovoj lampi. Ovu lampu koriste vrhunski stru\u010dnjaci jer <strong>ravnomjerno<\/strong> raspore\u0111enom svjetlo\u0161\u0107u osvjetljava radni prostor. Svjetlost je autenti\u010dna<strong> prirodnoj svjetlosti<\/strong> zbog \u010dega mo\u017eete vidjeti svaki detalj. Uz DuoLampu odaberite postolje koje najbolje odgovara Va\u0161im potrebama.<\/p>\n<p>Dvostruka glava pove\u0107ava va\u0161u osvijetljenu radnu povr\u0161inu, a fleksibilni zglob usmjerava svjetlo to\u010dno ondje gdje vam je potrebno.<\/p>\n<p><strong>Zna\u010dajke:<\/strong><\/p>\n<ul>\n<li>Du\u017eina kabela 1,5 m (4,9 &#8216;)<\/li>\n<li>Potro\u0161nja energije 10 W<\/li>\n<li>Boja: bijela<\/li>\n<li>4 stupnja regulacije svjetla<\/li>\n<li>Vijek trajanja LED-a (sati) 50 000<\/li>\n<li>Lumena 700 lm<\/li>\n<li>Lux na 30 cm: 2,090<\/li>\n<li>Temperatura u boji 6000 K<\/li>\n<li>56 visokokvalitetnih svijetlih LED dioda&nbsp;<\/li>\n<li>Dimenzije proizvoda: <span style=\"caret-color: auto;\">(Vx\u0160xD) 38.5<\/span>&nbsp;x 43 x 12 cm<\/li>\n<li>Te\u017eina proizvoda: 0.8 kg<\/li>\n<\/ul>\n<p><a href=\"https:\/\/www.youtube.com\/watch?v=EY-vZ3x-Z-k\" target=\"_blank\" rel=\"noopener\">https:\/\/www.youtube.com\/watch?v=EY-vZ3x-Z-k<\/a><\/p>\n","protected":false},"excerpt":{"rendered":"<p>Informacije o proizvodu: Duplo svjetlo za va\u0161e tretmane.&nbsp; S \u010dak dva izvora svjetlosti, nemogu\u0107e je odoljeti ovoj lampi. Ovu lampu koriste vrhunski stru\u010dnjaci jer ravnomjerno raspore\u0111enom svjetlo\u0161\u0107u osvjetljava radni prostor. Svjetlost je autenti\u010dna prirodnoj svjetlosti zbog \u010dega mo\u017eete vidjeti svaki detalj. Uz DuoLampu odaberite postolje koje najbolje odgovara Va\u0161im potrebama. Dvostruka glava pove\u0107ava va\u0161u osvijetljenu [&hellip;]<\/p>\n","protected":false},"featured_media":8047,"comment_status":"closed","ping_status":"closed","template":"","meta":[],"product_brand":[59],"product_cat":[107],"product_tag":[],"class_list":{"0":"post-8054","1":"product","2":"type-product","3":"status-publish","4":"has-post-thumbnail","6":"product_brand-daylight","7":"product_cat-rasvjeta-za-salone","9":"first","10":"instock","11":"shipping-taxable","12":"purchasable","13":"product-type-simple"},"_links":{"self":[{"href":"https:\/\/www.arty-nails.org\/web_shop\/wp-json\/wp\/v2\/product\/8054","targetHints":{"allow":["GET"]}}],"collection":[{"href":"https:\/\/www.arty-nails.org\/web_shop\/wp-json\/wp\/v2\/product"}],"about":[{"href":"https:\/\/www.arty-nails.org\/web_shop\/wp-json\/wp\/v2\/types\/product"}],"replies":[{"embeddable":true,"href":"https:\/\/www.arty-nails.org\/web_shop\/wp-json\/wp\/v2\/comments?post=8054"}],"wp:featuredmedia":[{"embeddable":true,"href":"https:\/\/www.arty-nails.org\/web_shop\/wp-json\/wp\/v2\/media\/8047"}],"wp:attachment":[{"href":"https:\/\/www.arty-nails.org\/web_shop\/wp-json\/wp\/v2\/media?parent=8054"}],"wp:term":[{"taxonomy":"product_brand","embeddable":true,"href":"https:\/\/www.arty-nails.org\/web_shop\/wp-json\/wp\/v2\/product_brand?post=8054"},{"taxonomy":"product_cat","embeddable":true,"href":"https:\/\/www.arty-nails.org\/web_shop\/wp-json\/wp\/v2\/product_cat?post=8054"},{"taxonomy":"product_tag","embeddable":true,"href":"https:\/\/www.arty-nails.org\/web_shop\/wp-json\/wp\/v2\/product_tag?post=8054"}],"curies":[{"name":"wp","href":"https:\/\/api.w.org\/{rel}","templated":true}]}}