{"id":8087,"date":"2017-05-26T18:07:59","date_gmt":"2017-05-26T16:07:59","guid":{"rendered":"https:\/\/www.arty-nails.org\/web_shop\/product\/lecente-holographic-hot-pink-diamonds-1552\/"},"modified":"2025-11-21T22:34:09","modified_gmt":"2025-11-21T21:34:09","slug":"lecente-hot-pink-holographic-chunky-glitter-diamonds","status":"publish","type":"product","link":"https:\/\/www.arty-nails.org\/web_shop\/proizvod\/lecente-hot-pink-holographic-chunky-glitter-diamonds\/","title":{"rendered":"LECENT\u00c9 HOT PINK HOLOGRAPHIC CHUNKY GLITTER DIAMONDS"},"content":{"rendered":"<p>Informacije o proizvodu:<\/p>\n<p>O\u010daravaju\u0107i glitteri i posebni proizvodi koji kvalitetom i posebnosti odska\u010du od drugih. Svi proizvodi izra\u0111eni su po najvi\u0161im standardima i \u017eeljama nail tehni\u010dara kako bi nail art bio inovativan i s bezbroj kreacija. Za\u0161to odbrati Lecente proizvode? Ako mislite da su svi glitteri isti razmislite ponovno. Glitteri kao dio nail arta su jednako tako va\u017ean i profesionalan proizvod, kao i ostali materijali koje koristimo u kreiranju noktiju i nail arta. Ono \u0161to ih odvaja od ostalih proizvoda je:<\/p>\n<p>&#8211; Jeftiniji proizvodi nisu proizvedeni na isti na\u010din kao visokokvalitetni Lecente glitteri. Na\u010din rezanja glittera jedinstven je i ono \u0161to dobivate je \u010disti proizvod bez ostataka ili primjesa drugih materijala<\/p>\n<p>&#8211; Svi na\u0161i glitteri imaju MSDS potvrde (certifikate o sigurnosti sastojaka) . Bez straha ih mo\u017eemo koristiti, a da ne\u0107e izazvati nekakve zdravstvene probleme.<\/p>\n<p>&#8211; Lecente glitteri su 100% \u010disti \u0161to je rijetkost. Drugorazredni glitteri mogu sadr\u017eavati sva\u0161ta, uklju\u010div\u0161i i bakterije, ostatke stakla, kartona itd.<\/p>\n<p>&#8211; Lecente glitteri ne blijede i ne ostavljaju tragove boje za vrijeme kori\u0161tenja. Rijetki su glitteri izra\u0111eni po ovim standardima.<\/p>\n<p>&#8211; Ne sadr\u017ee FTALATE (jeftini kemijski sastojci koji se izbacuju iz uporabe zbog zdravstvenih implikacija, a nalaze se u raznim proizvodima kako bi im dali \u010dvrsto\u0107u). To isto zna\u010di da se Lecente glitteri uklanjaju bez problema i s lako\u0107om<\/p>\n<p>&#8211; Lecente proizvodi su \u201eenvironmentally friendly\u201c\u00a0 izra\u0111eni po standardima 9001\/14001<\/p>\n<p>&#8211; Svi Lecente proizvodi su Hypo Allergenic<\/p>\n","protected":false},"excerpt":{"rendered":"<p>Informacije o proizvodu: O\u010daravaju\u0107i glitteri i posebni proizvodi koji kvalitetom i posebnosti odska\u010du od drugih. Svi proizvodi izra\u0111eni su po najvi\u0161im standardima i \u017eeljama nail tehni\u010dara kako bi nail art bio inovativan i s bezbroj kreacija. Za\u0161to odbrati Lecente proizvode? Ako mislite da su svi glitteri isti razmislite ponovno. Glitteri kao dio nail arta su [&hellip;]<\/p>\n","protected":false},"featured_media":8085,"comment_status":"closed","ping_status":"closed","template":"","meta":[],"product_brand":[57],"product_cat":[117],"product_tag":[],"class_list":{"0":"post-8087","1":"product","2":"type-product","3":"status-publish","4":"has-post-thumbnail","6":"product_brand-lecente","7":"product_cat-glitter-shapes","9":"first","10":"instock","11":"sale","12":"shipping-taxable","13":"purchasable","14":"product-type-simple"},"_links":{"self":[{"href":"https:\/\/www.arty-nails.org\/web_shop\/wp-json\/wp\/v2\/product\/8087","targetHints":{"allow":["GET"]}}],"collection":[{"href":"https:\/\/www.arty-nails.org\/web_shop\/wp-json\/wp\/v2\/product"}],"about":[{"href":"https:\/\/www.arty-nails.org\/web_shop\/wp-json\/wp\/v2\/types\/product"}],"replies":[{"embeddable":true,"href":"https:\/\/www.arty-nails.org\/web_shop\/wp-json\/wp\/v2\/comments?post=8087"}],"wp:featuredmedia":[{"embeddable":true,"href":"https:\/\/www.arty-nails.org\/web_shop\/wp-json\/wp\/v2\/media\/8085"}],"wp:attachment":[{"href":"https:\/\/www.arty-nails.org\/web_shop\/wp-json\/wp\/v2\/media?parent=8087"}],"wp:term":[{"taxonomy":"product_brand","embeddable":true,"href":"https:\/\/www.arty-nails.org\/web_shop\/wp-json\/wp\/v2\/product_brand?post=8087"},{"taxonomy":"product_cat","embeddable":true,"href":"https:\/\/www.arty-nails.org\/web_shop\/wp-json\/wp\/v2\/product_cat?post=8087"},{"taxonomy":"product_tag","embeddable":true,"href":"https:\/\/www.arty-nails.org\/web_shop\/wp-json\/wp\/v2\/product_tag?post=8087"}],"curies":[{"name":"wp","href":"https:\/\/api.w.org\/{rel}","templated":true}]}}