{"id":8138,"date":"2017-07-11T11:53:59","date_gmt":"2017-07-11T09:53:59","guid":{"rendered":"https:\/\/www.arty-nails.org\/web_shop\/product\/promed-foot-spa-fb-100-1582\/"},"modified":"2024-01-05T16:55:09","modified_gmt":"2024-01-05T15:55:09","slug":"promed-foot-spa-fb-100","status":"publish","type":"product","link":"https:\/\/www.arty-nails.org\/web_shop\/proizvod\/promed-foot-spa-fb-100\/","title":{"rendered":"PROMED FOOT SPA FB-100"},"content":{"rendered":"<p><strong>Informacije o proizvodu:U<\/strong><\/p>\n<ul style=\"list-style-type: disc;\">\n<li>Opu\u0161taju\u0107a spa i vibriraju\u0107a masa\u017ena kada<\/li>\n<li>Ima ugodno crveno svijetlo<\/li>\n<li>Mjehuri\u0107i i vibracija<\/li>\n<li>Funkcije za zadr\u017eavanje vode toplom<\/li>\n<li>3 zamjenjiva nastavka za pedikuru &#8211; uklanja mrtvu ko\u017eu, \u010detka i masa\u017eer<\/li>\n<li>Refloxology masa\u017ea. Suha masa\u017ea.<\/li>\n<li>Neklize\u0107a gumena podloga&nbsp; &nbsp;<\/li>\n<li>Pogodna do veli\u010dine cipele broja 46<\/li>\n<\/ul>\n<p><strong>Sadr\u017eaj pakovanja:<\/strong><\/p>\n<ul style=\"list-style-type: disc;\">\n<li>1x Promed Foot Spa Masa\u017ena kada sa rolerima<\/li>\n<li>3x Pedikerski dodatak<\/li>\n<li>1x Uputstva&nbsp;<\/li>\n<\/ul>\n<p><strong>Tehni\u010dki podaci:<\/strong><\/p>\n<ul style=\"list-style-type: disc;\">\n<li>Dimenzije: 41 \u00d7 35 \u00d7 18,5 cm<\/li>\n<li>Snaga: 80 Watt<\/li>\n<li>Izvor napajanja: 230 VAC, 50 Hz<\/li>\n<li>Te\u017eina ure\u0111aja: cca. 1,5 kg<\/li>\n<\/ul>\n","protected":false},"excerpt":{"rendered":"<p>Informacije o proizvodu:U Opu\u0161taju\u0107a spa i vibriraju\u0107a masa\u017ena kada Ima ugodno crveno svijetlo Mjehuri\u0107i i vibracija Funkcije za zadr\u017eavanje vode toplom 3 zamjenjiva nastavka za pedikuru &#8211; uklanja mrtvu ko\u017eu, \u010detka i masa\u017eer Refloxology masa\u017ea. Suha masa\u017ea. Neklize\u0107a gumena podloga&nbsp; &nbsp; Pogodna do veli\u010dine cipele broja 46 Sadr\u017eaj pakovanja: 1x Promed Foot Spa Masa\u017ena kada [&hellip;]<\/p>\n","protected":false},"featured_media":8135,"comment_status":"closed","ping_status":"closed","template":"","meta":[],"product_brand":[53],"product_cat":[101,212],"product_tag":[],"class_list":{"0":"post-8138","1":"product","2":"type-product","3":"status-publish","4":"has-post-thumbnail","6":"product_brand-promed","7":"product_cat-masazne-kade","8":"product_cat-uredaji-i-oprema-za-pedikuru","10":"first","11":"instock","12":"shipping-taxable","13":"purchasable","14":"product-type-simple"},"_links":{"self":[{"href":"https:\/\/www.arty-nails.org\/web_shop\/wp-json\/wp\/v2\/product\/8138","targetHints":{"allow":["GET"]}}],"collection":[{"href":"https:\/\/www.arty-nails.org\/web_shop\/wp-json\/wp\/v2\/product"}],"about":[{"href":"https:\/\/www.arty-nails.org\/web_shop\/wp-json\/wp\/v2\/types\/product"}],"replies":[{"embeddable":true,"href":"https:\/\/www.arty-nails.org\/web_shop\/wp-json\/wp\/v2\/comments?post=8138"}],"wp:featuredmedia":[{"embeddable":true,"href":"https:\/\/www.arty-nails.org\/web_shop\/wp-json\/wp\/v2\/media\/8135"}],"wp:attachment":[{"href":"https:\/\/www.arty-nails.org\/web_shop\/wp-json\/wp\/v2\/media?parent=8138"}],"wp:term":[{"taxonomy":"product_brand","embeddable":true,"href":"https:\/\/www.arty-nails.org\/web_shop\/wp-json\/wp\/v2\/product_brand?post=8138"},{"taxonomy":"product_cat","embeddable":true,"href":"https:\/\/www.arty-nails.org\/web_shop\/wp-json\/wp\/v2\/product_cat?post=8138"},{"taxonomy":"product_tag","embeddable":true,"href":"https:\/\/www.arty-nails.org\/web_shop\/wp-json\/wp\/v2\/product_tag?post=8138"}],"curies":[{"name":"wp","href":"https:\/\/api.w.org\/{rel}","templated":true}]}}