{"id":8323,"date":"2017-07-29T23:26:42","date_gmt":"2017-07-29T21:26:42","guid":{"rendered":"https:\/\/www.arty-nails.org\/web_shop\/product\/arty-nails-cleaner-4-x-1-l\/"},"modified":"2025-11-21T22:27:29","modified_gmt":"2025-11-21T21:27:29","slug":"arty-nails-cleaner-4-x-1-l","status":"publish","type":"product","link":"https:\/\/www.arty-nails.org\/web_shop\/proizvod\/arty-nails-cleaner-4-x-1-l\/","title":{"rendered":"ARTY NAILS CLEANER 4 x 1 l"},"content":{"rendered":"<p>Profesionalna teku\u0107ina za odma\u0161\u0107ivanje noktiju. Namijenjena za \u010di\u0161\u0107enje gela, trajnog laka, akril gela, zahvaljuju\u0107i \u010demu povr\u0161ina nokta intenzivno blista. Sadr\u017ei retinol, kalcij i vitamine A, E, F, H i B5. Ima ugodan miris.<\/p>\n","protected":false},"excerpt":{"rendered":"<p>Profesionalna teku\u0107ina za odma\u0161\u0107ivanje noktiju. Namijenjena za \u010di\u0161\u0107enje gela, trajnog laka, akril gela, zahvaljuju\u0107i \u010demu povr\u0161ina nokta intenzivno blista. Sadr\u017ei retinol, kalcij i vitamine A, E, F, H i B5. Ima ugodan miris.<\/p>\n","protected":false},"featured_media":8191,"comment_status":"closed","ping_status":"closed","template":"","meta":[],"product_brand":[55],"product_cat":[143,175,209],"product_tag":[],"class_list":{"0":"post-8323","1":"product","2":"type-product","3":"status-publish","4":"has-post-thumbnail","6":"product_brand-arty-nails","7":"product_cat-arty-nails-tekucine","8":"product_cat-cleaneri-i-odstranjivaci","9":"product_cat-posebne-ponude-arty-nails","11":"first","12":"instock","13":"sale","14":"shipping-taxable","15":"purchasable","16":"product-type-simple"},"_links":{"self":[{"href":"https:\/\/www.arty-nails.org\/web_shop\/wp-json\/wp\/v2\/product\/8323","targetHints":{"allow":["GET"]}}],"collection":[{"href":"https:\/\/www.arty-nails.org\/web_shop\/wp-json\/wp\/v2\/product"}],"about":[{"href":"https:\/\/www.arty-nails.org\/web_shop\/wp-json\/wp\/v2\/types\/product"}],"replies":[{"embeddable":true,"href":"https:\/\/www.arty-nails.org\/web_shop\/wp-json\/wp\/v2\/comments?post=8323"}],"wp:featuredmedia":[{"embeddable":true,"href":"https:\/\/www.arty-nails.org\/web_shop\/wp-json\/wp\/v2\/media\/8191"}],"wp:attachment":[{"href":"https:\/\/www.arty-nails.org\/web_shop\/wp-json\/wp\/v2\/media?parent=8323"}],"wp:term":[{"taxonomy":"product_brand","embeddable":true,"href":"https:\/\/www.arty-nails.org\/web_shop\/wp-json\/wp\/v2\/product_brand?post=8323"},{"taxonomy":"product_cat","embeddable":true,"href":"https:\/\/www.arty-nails.org\/web_shop\/wp-json\/wp\/v2\/product_cat?post=8323"},{"taxonomy":"product_tag","embeddable":true,"href":"https:\/\/www.arty-nails.org\/web_shop\/wp-json\/wp\/v2\/product_tag?post=8323"}],"curies":[{"name":"wp","href":"https:\/\/api.w.org\/{rel}","templated":true}]}}