{"id":8400,"date":"2018-01-10T20:04:51","date_gmt":"2018-01-10T19:04:51","guid":{"rendered":"https:\/\/www.arty-nails.org\/web_shop\/product\/mollon-pro-lak-za-nokte-272-tempranillo-15ml-1774\/"},"modified":"2026-02-02T10:00:20","modified_gmt":"2026-02-02T09:00:20","slug":"mollon-pro-lak-za-nokte-272-tempranillo-15-ml","status":"publish","type":"product","link":"https:\/\/www.arty-nails.org\/web_shop\/proizvod\/mollon-pro-lak-za-nokte-272-tempranillo-15-ml\/","title":{"rendered":"MOLLON PRO LAK ZA NOKTE 272. TEMPRANILLO 15 ml"},"content":{"rendered":"<p>Mollon Pro Professionalni lakovi oboga\u0107eni su komponentom koja u\u010dvr\u0161\u0107uje i produljuje trajnost laka za nokte i do 7 dana. Visoko kvalitetni materijali osiguravaju idealnu konzistenciju laka za nokte. Profesionalan kist savr\u0161eno raspore\u0111uje lak za nokte po plo\u010di nokta.<br \/>\nSjajna dugotrajna manikura koja dugo ostaje svje\u017ea zahvaljuju\u0107i ekskluzivnoj tehnologiji koja trenuta\u010dno pru\u017ea predivan sjaj pri aplikaciji. Odaberite va\u0161u idealnu boju prema raspolo\u017eenju.<\/p>\n<p>Upotreba:<br \/>\nNanesite prvi vrlo tanki sloj laka za nokte, po\u010dev\u0161i od sredine nokta, a zatim nastavite s obje strane. Nastavite s drugim slojem za intenzivnu boju i sjajan rezultat.<br \/>\nZa savr\u0161en, pobolj\u0161an i dugotrajan rezultat nanesite Base Coat i nakon boje Top Coat. Odaberite neki od na\u0161ih zavr\u0161nih sjajeva.<\/p>\n","protected":false},"excerpt":{"rendered":"<p>Mollon Pro Professionalni lakovi oboga\u0107eni su komponentom koja u\u010dvr\u0161\u0107uje i produljuje trajnost laka za nokte i do 7 dana. Visoko kvalitetni materijali osiguravaju idealnu konzistenciju laka za nokte. Profesionalan kist savr\u0161eno raspore\u0111uje lak za nokte po plo\u010di nokta. Sjajna dugotrajna manikura koja dugo ostaje svje\u017ea zahvaljuju\u0107i ekskluzivnoj tehnologiji koja trenuta\u010dno pru\u017ea predivan sjaj pri aplikaciji. [&hellip;]<\/p>\n","protected":false},"featured_media":8399,"comment_status":"closed","ping_status":"closed","template":"","meta":[],"product_brand":[56],"product_cat":[88],"product_tag":[],"class_list":{"0":"post-8400","1":"product","2":"type-product","3":"status-publish","4":"has-post-thumbnail","6":"product_brand-mollon-pro","7":"product_cat-lakovi-za-nokte-mollon-pro","9":"first","10":"instock","11":"shipping-taxable","12":"purchasable","13":"product-type-simple"},"_links":{"self":[{"href":"https:\/\/www.arty-nails.org\/web_shop\/wp-json\/wp\/v2\/product\/8400","targetHints":{"allow":["GET"]}}],"collection":[{"href":"https:\/\/www.arty-nails.org\/web_shop\/wp-json\/wp\/v2\/product"}],"about":[{"href":"https:\/\/www.arty-nails.org\/web_shop\/wp-json\/wp\/v2\/types\/product"}],"replies":[{"embeddable":true,"href":"https:\/\/www.arty-nails.org\/web_shop\/wp-json\/wp\/v2\/comments?post=8400"}],"wp:featuredmedia":[{"embeddable":true,"href":"https:\/\/www.arty-nails.org\/web_shop\/wp-json\/wp\/v2\/media\/8399"}],"wp:attachment":[{"href":"https:\/\/www.arty-nails.org\/web_shop\/wp-json\/wp\/v2\/media?parent=8400"}],"wp:term":[{"taxonomy":"product_brand","embeddable":true,"href":"https:\/\/www.arty-nails.org\/web_shop\/wp-json\/wp\/v2\/product_brand?post=8400"},{"taxonomy":"product_cat","embeddable":true,"href":"https:\/\/www.arty-nails.org\/web_shop\/wp-json\/wp\/v2\/product_cat?post=8400"},{"taxonomy":"product_tag","embeddable":true,"href":"https:\/\/www.arty-nails.org\/web_shop\/wp-json\/wp\/v2\/product_tag?post=8400"}],"curies":[{"name":"wp","href":"https:\/\/api.w.org\/{rel}","templated":true}]}}