{"id":8411,"date":"2018-01-18T15:49:32","date_gmt":"2018-01-18T14:49:32","guid":{"rendered":"https:\/\/www.arty-nails.org\/web_shop\/product\/rukavice-nitril-bez-pudera-100-1-small-1778\/"},"modified":"2026-02-04T08:42:39","modified_gmt":"2026-02-04T07:42:39","slug":"rukavice-nitrilne-bez-pudera-crne-s-100-1-0930","status":"publish","type":"product","link":"https:\/\/www.arty-nails.org\/web_shop\/proizvod\/rukavice-nitrilne-bez-pudera-crne-s-100-1-0930\/","title":{"rendered":"RUKAVICE NITRILNE BEZ PUDERA CRNE (S) 100\/1 &#8211; 1228"},"content":{"rendered":"<p>Nitrilne rukavice bez pudera izrazite \u010dvrsto\u0107e i izdr\u017eljivosti pri radu s ra\u0161pama i brusnim nastavcima.<\/p>\n<p>Rukavice ne sadr\u017ee prirodan lateks te se stoga preporu\u010duju osobama osjetljivim na lateks.\u00a0 Podnose visoke temperature, ulje, masno\u0107e i kemikalije.<\/p>\n<p>Nakon upotrebe rukavice pa\u017eljivo provjerite i maknite sav kontaminirani materijal prije nego ih skinete s ruke. Pa\u017eljivim skidanjem onemogu\u0107it \u0107ete eventualni dodir ko\u017ee s kontaminiranim materijalom na rukavicama.<\/p>\n<p>\u010cuvati na suhom i hladnom mjestu, izbjegavati pretjeranu toplinu. Otvorenu kutiju trebalo bi za\u0161tititi od direktnog izlaganja suncu ili fluorescentnog svjetla. Dobra kvaliteta nitrilnih rukavica omogu\u0107ava odli\u010dnu biolo\u0161ku barijeru. Namijenjene su za upotrebu i kao kemijska barijera.<\/p>\n<p>&nbsp;<\/p>\n","protected":false},"excerpt":{"rendered":"<p>Nitrilne rukavice bez pudera izrazite \u010dvrsto\u0107e i izdr\u017eljivosti pri radu s ra\u0161pama i brusnim nastavcima. Rukavice ne sadr\u017ee prirodan lateks te se stoga preporu\u010duju osobama osjetljivim na lateks.\u00a0 Podnose visoke temperature, ulje, masno\u0107e i kemikalije. Nakon upotrebe rukavice pa\u017eljivo provjerite i maknite sav kontaminirani materijal prije nego ih skinete s ruke. Pa\u017eljivim skidanjem onemogu\u0107it \u0107ete [&hellip;]<\/p>\n","protected":false},"featured_media":8408,"comment_status":"closed","ping_status":"closed","template":"","meta":[],"product_brand":[],"product_cat":[118,130,165],"product_tag":[],"class_list":{"0":"post-8411","1":"product","2":"type-product","3":"status-publish","4":"has-post-thumbnail","6":"product_cat-akcijske-cijene","7":"product_cat-dezinfekcija-i-zastita","8":"product_cat-oprema-za-rad","10":"first","11":"instock","12":"shipping-taxable","13":"purchasable","14":"product-type-simple"},"_links":{"self":[{"href":"https:\/\/www.arty-nails.org\/web_shop\/wp-json\/wp\/v2\/product\/8411","targetHints":{"allow":["GET"]}}],"collection":[{"href":"https:\/\/www.arty-nails.org\/web_shop\/wp-json\/wp\/v2\/product"}],"about":[{"href":"https:\/\/www.arty-nails.org\/web_shop\/wp-json\/wp\/v2\/types\/product"}],"replies":[{"embeddable":true,"href":"https:\/\/www.arty-nails.org\/web_shop\/wp-json\/wp\/v2\/comments?post=8411"}],"wp:featuredmedia":[{"embeddable":true,"href":"https:\/\/www.arty-nails.org\/web_shop\/wp-json\/wp\/v2\/media\/8408"}],"wp:attachment":[{"href":"https:\/\/www.arty-nails.org\/web_shop\/wp-json\/wp\/v2\/media?parent=8411"}],"wp:term":[{"taxonomy":"product_brand","embeddable":true,"href":"https:\/\/www.arty-nails.org\/web_shop\/wp-json\/wp\/v2\/product_brand?post=8411"},{"taxonomy":"product_cat","embeddable":true,"href":"https:\/\/www.arty-nails.org\/web_shop\/wp-json\/wp\/v2\/product_cat?post=8411"},{"taxonomy":"product_tag","embeddable":true,"href":"https:\/\/www.arty-nails.org\/web_shop\/wp-json\/wp\/v2\/product_tag?post=8411"}],"curies":[{"name":"wp","href":"https:\/\/api.w.org\/{rel}","templated":true}]}}