{"id":8418,"date":"2015-11-01T21:16:03","date_gmt":"2015-11-01T20:16:03","guid":{"rendered":"https:\/\/www.arty-nails.org\/web_shop\/product\/parafin-vosak-narana-400-g-1781\/"},"modified":"2025-03-10T01:28:06","modified_gmt":"2025-03-10T00:28:06","slug":"parafin-vosak-naranca-400-g","status":"publish","type":"product","link":"https:\/\/www.arty-nails.org\/web_shop\/proizvod\/parafin-vosak-naranca-400-g\/","title":{"rendered":"PARAFIN VOSAK BRESKVA 500 ml"},"content":{"rendered":"<p>Malo wellnessa kod ku\u0107e ili u salonu, za\u0161to ne? Pru\u017eite svojim rukama i stopalima njegu kakvu zaslu\u017euju. Struktura va\u0161e ko\u017ee znatno \u0107e se pobolj\u0161ati nakon samo nekoliko aplikacija. Pobolj\u0161ajte cirkulaciju va\u0161e ko\u017ee parafinskom kupkom. Osigurajte va\u0161oj suhoj i lomljivoj ko\u017ei vlagu koja joj je potrebna.<\/p>\n","protected":false},"excerpt":{"rendered":"<p>Malo wellnessa kod ku\u0107e ili u salonu, za\u0161to ne? Pru\u017eite svojim rukama i stopalima njegu kakvu zaslu\u017euju. Struktura va\u0161e ko\u017ee znatno \u0107e se pobolj\u0161ati nakon samo nekoliko aplikacija. Pobolj\u0161ajte cirkulaciju va\u0161e ko\u017ee parafinskom kupkom. Osigurajte va\u0161oj suhoj i lomljivoj ko\u017ei vlagu koja joj je potrebna.<\/p>\n","protected":false},"featured_media":7517,"comment_status":"closed","ping_status":"closed","template":"","meta":[],"product_brand":[],"product_cat":[221,125],"product_tag":[],"class_list":{"0":"post-8418","1":"product","2":"type-product","3":"status-publish","4":"has-post-thumbnail","6":"product_cat-parafin","7":"product_cat-parafinski-set","9":"first","10":"instock","11":"shipping-taxable","12":"purchasable","13":"product-type-simple"},"_links":{"self":[{"href":"https:\/\/www.arty-nails.org\/web_shop\/wp-json\/wp\/v2\/product\/8418","targetHints":{"allow":["GET"]}}],"collection":[{"href":"https:\/\/www.arty-nails.org\/web_shop\/wp-json\/wp\/v2\/product"}],"about":[{"href":"https:\/\/www.arty-nails.org\/web_shop\/wp-json\/wp\/v2\/types\/product"}],"replies":[{"embeddable":true,"href":"https:\/\/www.arty-nails.org\/web_shop\/wp-json\/wp\/v2\/comments?post=8418"}],"wp:featuredmedia":[{"embeddable":true,"href":"https:\/\/www.arty-nails.org\/web_shop\/wp-json\/wp\/v2\/media\/7517"}],"wp:attachment":[{"href":"https:\/\/www.arty-nails.org\/web_shop\/wp-json\/wp\/v2\/media?parent=8418"}],"wp:term":[{"taxonomy":"product_brand","embeddable":true,"href":"https:\/\/www.arty-nails.org\/web_shop\/wp-json\/wp\/v2\/product_brand?post=8418"},{"taxonomy":"product_cat","embeddable":true,"href":"https:\/\/www.arty-nails.org\/web_shop\/wp-json\/wp\/v2\/product_cat?post=8418"},{"taxonomy":"product_tag","embeddable":true,"href":"https:\/\/www.arty-nails.org\/web_shop\/wp-json\/wp\/v2\/product_tag?post=8418"}],"curies":[{"name":"wp","href":"https:\/\/api.w.org\/{rel}","templated":true}]}}