{"id":8459,"date":"2018-04-09T21:44:33","date_gmt":"2018-04-09T19:44:33","guid":{"rendered":"https:\/\/www.arty-nails.org\/web_shop\/product\/nastavak-tc-cutter-274lgq060n-0952-1817\/"},"modified":"2026-02-02T10:18:40","modified_gmt":"2026-02-02T09:18:40","slug":"nastavak-tc-cutter-500-104-274-lgq-060n-0952","status":"publish","type":"product","link":"https:\/\/www.arty-nails.org\/web_shop\/proizvod\/nastavak-tc-cutter-500-104-274-lgq-060n-0952\/","title":{"rendered":"NASTAVAK TC CUTTER 500 104 274 LGQ 060N &#8211; 0952"},"content":{"rendered":"<h1>LGQ lamelarno zagla\u0111ivanje, grubo s popre\u010dnim rezom \u00d8 6 mm<br \/>\noblika granata &#8211; <strong>najprodavaniji za na\u0161e kupce<\/strong><\/h1>\n<p>Glodalica iz volfram karbida Podru\u010dje primjene &#8211;\u00a0 umjetni nokti (salon za nokte):<br \/>\n\u2022 Brzo uklanjanje\u00a0<i>akrila<\/i><br \/>\n\u2022 Vrlo visoka brzina uklanjanja<br \/>\n\u2022 Dug radni vijek<br \/>\n\u2022 Nema razvoja topline<\/p>\n<p>Tvrdi karbid idealan je za obradu\u00a0<i>gela<\/i>\u00a0i\u00a0<i>akrilnog modeliranja.\u00a0<\/i>Na\u0161 LGQ nastavak neophodan je za obradu akrila, a odlikuje ga dug radni vijek.<\/p>\n<p>Podru\u010dje primjene prirodni nokti i ro\u017enica (njega stopala i podijatrija):<br \/>\n\u2022 Uklanjanje ro\u017enice i mo\u017edine<\/p>\n<div>\n<p>\u00a0\u2022 Uklanjanje<br \/>\nzadebljalih noktiju<br \/>\n\u2022 Obrada ortotske<br \/>\nplastike\u00a0i hiperkeratoze<\/p>\n<div>\n<p>\u2022 Vrlo visoka stopa uklanjanja<br \/>\n\u2022 Glatke povr\u0161ine<br \/>\n\u2022 Dug radni vijek<br \/>\n\u2022 Nema razvoja topline<br \/>\n\u2022<\/p>\n<p>U njezi stopala i podijatrija, LGQ glodalica pogodna je za lije\u010denje\u00a0<i>zadebljanih gripoti\u010dnih noktiju<\/i>\u00a0.<\/p>\n<p>PU: 1<br \/>\nbrzina: max.\u00a025.000 okr \/ min<br \/>\n(\u00a0preporu\u010dena\u00a0brzina 40-50% najve\u0107e brzine)<\/p>\n<\/div>\n<\/div>\n","protected":false},"excerpt":{"rendered":"<p>LGQ lamelarno zagla\u0111ivanje, grubo s popre\u010dnim rezom \u00d8 6 mm oblika granata &#8211; najprodavaniji za na\u0161e kupce Glodalica iz volfram karbida Podru\u010dje primjene &#8211;\u00a0 umjetni nokti (salon za nokte): \u2022 Brzo uklanjanje\u00a0akrila \u2022 Vrlo visoka brzina uklanjanja \u2022 Dug radni vijek \u2022 Nema razvoja topline Tvrdi karbid idealan je za obradu\u00a0gela\u00a0i\u00a0akrilnog modeliranja.\u00a0Na\u0161 LGQ nastavak neophodan [&hellip;]<\/p>\n","protected":false},"featured_media":21125,"comment_status":"open","ping_status":"closed","template":"","meta":[],"product_brand":[],"product_cat":[264],"product_tag":[],"class_list":{"0":"post-8459","1":"product","2":"type-product","3":"status-publish","4":"has-post-thumbnail","6":"product_cat-karbidni-nastavci","8":"first","9":"instock","10":"shipping-taxable","11":"purchasable","12":"product-type-simple"},"_links":{"self":[{"href":"https:\/\/www.arty-nails.org\/web_shop\/wp-json\/wp\/v2\/product\/8459","targetHints":{"allow":["GET"]}}],"collection":[{"href":"https:\/\/www.arty-nails.org\/web_shop\/wp-json\/wp\/v2\/product"}],"about":[{"href":"https:\/\/www.arty-nails.org\/web_shop\/wp-json\/wp\/v2\/types\/product"}],"replies":[{"embeddable":true,"href":"https:\/\/www.arty-nails.org\/web_shop\/wp-json\/wp\/v2\/comments?post=8459"}],"wp:featuredmedia":[{"embeddable":true,"href":"https:\/\/www.arty-nails.org\/web_shop\/wp-json\/wp\/v2\/media\/21125"}],"wp:attachment":[{"href":"https:\/\/www.arty-nails.org\/web_shop\/wp-json\/wp\/v2\/media?parent=8459"}],"wp:term":[{"taxonomy":"product_brand","embeddable":true,"href":"https:\/\/www.arty-nails.org\/web_shop\/wp-json\/wp\/v2\/product_brand?post=8459"},{"taxonomy":"product_cat","embeddable":true,"href":"https:\/\/www.arty-nails.org\/web_shop\/wp-json\/wp\/v2\/product_cat?post=8459"},{"taxonomy":"product_tag","embeddable":true,"href":"https:\/\/www.arty-nails.org\/web_shop\/wp-json\/wp\/v2\/product_tag?post=8459"}],"curies":[{"name":"wp","href":"https:\/\/api.w.org\/{rel}","templated":true}]}}