{"id":8467,"date":"2018-04-09T22:02:08","date_gmt":"2018-04-09T20:02:08","guid":{"rendered":"https:\/\/www.arty-nails.org\/web_shop\/?post_type=product&#038;p=8467"},"modified":"2026-02-02T10:18:40","modified_gmt":"2026-02-02T09:18:40","slug":"nastavak-diamond-806-104-141-524-018n-0830","status":"publish","type":"product","link":"https:\/\/www.arty-nails.org\/web_shop\/proizvod\/nastavak-diamond-806-104-141-524-018n-0830\/","title":{"rendered":"NASTAVAK DIAMOND 806 104 141 524 018N &#8211; 0830"},"content":{"rendered":"<h1>Dijamantni nastavak \u00d8 1,8 mm<br \/>\nsrednjeg zrna, zaobljeni &#8211; metak<\/h1>\n<p>&nbsp;<\/p>\n<p>Ruska manikura Podru\u010dje primjene umjetnog nokta (studio za nokte):<br \/>\n\u2022 Obrada ko\u017ee i zanoktica na<br \/>\nnoktima<br \/>\n\u2022\u00a0Obrada umjetnih noktiju\u00a0\u2022 Dug radni vijek<br \/>\n\u2022\u00a0Lagan\u00a0rad<\/p>\n<p>Dijamantna nastavak osobito je pogodan za pripremu noktiju i za gla\u0111enje noktiju i ko\u017ee.<\/p>\n<p>Dijamantni nastavak za prirodne nokte i ro\u017enicu (njega stopala i podijatrija):<br \/>\n\u2022 Zagla\u0111ivanje ko\u017ee\u00a0i noktiju<br \/>\n\u2022 Obrada nabora i noktiju nokta<br \/>\n\u2022 Dug radni vijek<\/p>\n<p>PU: 1<br \/>\nbrzina: max.\u00a050.000 o<br \/>\n\/\u00a0min\u00a0(\u00a0preporuka za\u00a0brzinu 40\u201350% najve\u0107e brzine)<\/p>\n","protected":false},"excerpt":{"rendered":"<p>Dijamantni nastavak \u00d8 1,8 mm srednjeg zrna, zaobljeni &#8211; metak &nbsp; Ruska manikura Podru\u010dje primjene umjetnog nokta (studio za nokte): \u2022 Obrada ko\u017ee i zanoktica na noktima \u2022\u00a0Obrada umjetnih noktiju\u00a0\u2022 Dug radni vijek \u2022\u00a0Lagan\u00a0rad Dijamantna nastavak osobito je pogodan za pripremu noktiju i za gla\u0111enje noktiju i ko\u017ee. Dijamantni nastavak za prirodne nokte i ro\u017enicu [&hellip;]<\/p>\n","protected":false},"featured_media":24250,"comment_status":"closed","ping_status":"closed","template":"","meta":[],"product_brand":[],"product_cat":[263],"product_tag":[],"class_list":{"0":"post-8467","1":"product","2":"type-product","3":"status-publish","4":"has-post-thumbnail","6":"product_cat-dijamantni-nastavci","8":"first","9":"instock","10":"shipping-taxable","11":"purchasable","12":"product-type-simple"},"_links":{"self":[{"href":"https:\/\/www.arty-nails.org\/web_shop\/wp-json\/wp\/v2\/product\/8467","targetHints":{"allow":["GET"]}}],"collection":[{"href":"https:\/\/www.arty-nails.org\/web_shop\/wp-json\/wp\/v2\/product"}],"about":[{"href":"https:\/\/www.arty-nails.org\/web_shop\/wp-json\/wp\/v2\/types\/product"}],"replies":[{"embeddable":true,"href":"https:\/\/www.arty-nails.org\/web_shop\/wp-json\/wp\/v2\/comments?post=8467"}],"wp:featuredmedia":[{"embeddable":true,"href":"https:\/\/www.arty-nails.org\/web_shop\/wp-json\/wp\/v2\/media\/24250"}],"wp:attachment":[{"href":"https:\/\/www.arty-nails.org\/web_shop\/wp-json\/wp\/v2\/media?parent=8467"}],"wp:term":[{"taxonomy":"product_brand","embeddable":true,"href":"https:\/\/www.arty-nails.org\/web_shop\/wp-json\/wp\/v2\/product_brand?post=8467"},{"taxonomy":"product_cat","embeddable":true,"href":"https:\/\/www.arty-nails.org\/web_shop\/wp-json\/wp\/v2\/product_cat?post=8467"},{"taxonomy":"product_tag","embeddable":true,"href":"https:\/\/www.arty-nails.org\/web_shop\/wp-json\/wp\/v2\/product_tag?post=8467"}],"curies":[{"name":"wp","href":"https:\/\/api.w.org\/{rel}","templated":true}]}}