{"id":8473,"date":"2018-04-09T22:05:33","date_gmt":"2018-04-09T20:05:33","guid":{"rendered":"https:\/\/www.arty-nails.org\/web_shop\/product\/nastavak-diamond-277524014n-0959-1824\/"},"modified":"2026-02-02T10:18:40","modified_gmt":"2026-02-02T09:18:40","slug":"nastavak-diamond-806-104-277-524-014n-0959","status":"publish","type":"product","link":"https:\/\/www.arty-nails.org\/web_shop\/proizvod\/nastavak-diamond-806-104-277-524-014n-0959\/","title":{"rendered":"NASTAVAK DIAMOND 806 104 277 524 014N &#8211; 0959"},"content":{"rendered":"<h1>Dijamantni nastavak \u00d8 1,4 mm<br \/>\nsrednjeg zrna &#8211; ri\u017ea<\/h1>\n<p>&nbsp;<\/p>\n<p>Dijamantna brusilica Podru\u010dje primjene umjetnog nokta (studio za nokte):<br \/>\n\u2022 Obrada nabora i zanoktica na<br \/>\nnoktima<br \/>\n\u2022\u00a0Obrada umjetnih noktiju<\/p>\n<p>\u2022 Dug radni vijek<\/p>\n<p>\u2022\u00a0Lagan\u00a0rad<\/p>\n<p>Dijamantna nastavak savr\u0161en za obradu zanoktica i ko\u017ee.\u00a0Ova je pomalo posebno pogodna za obradu\u00a0ruba nokta\u00a0i kutikule\u00a0u podru\u010dju\u00a0noktiju\u00a0.<\/p>\n<p>Dijamantna brusilica za prirodne nokte i ro\u017enicu (njega stopala i podijatrija):<br \/>\n<span style=\"color: #515151; font-family: Ubuntu, Arial, sans-serif;\">\u2022 Izgla\u0111ivanje\u00a0<\/span><span style=\"color: #313131; font-family: Ubuntu, sans-serif;\"><b>ko\u017ee<\/b><\/span>\u00a0i noktiju<br \/>\n\u2022 Obrada nabora i noktiju nokta<br \/>\n\u2022 Dug radni vijek<\/p>\n<p>U medicinskoj i kozmeti\u010dkoj njezi stopala nastavak je apsolutni &#8220;must have&#8221; za zagla\u0111ivanje noktiju i zanoktica.<\/p>\n<p>PU: 1<br \/>\nbrzina: max.\u00a050.000 o<br \/>\n\/\u00a0min\u00a0(\u00a0preporuka za\u00a0brzinu 40\u201350% najve\u0107e brzine)<\/p>\n","protected":false},"excerpt":{"rendered":"<p>Dijamantni nastavak \u00d8 1,4 mm srednjeg zrna &#8211; ri\u017ea &nbsp; Dijamantna brusilica Podru\u010dje primjene umjetnog nokta (studio za nokte): \u2022 Obrada nabora i zanoktica na noktima \u2022\u00a0Obrada umjetnih noktiju \u2022 Dug radni vijek \u2022\u00a0Lagan\u00a0rad Dijamantna nastavak savr\u0161en za obradu zanoktica i ko\u017ee.\u00a0Ova je pomalo posebno pogodna za obradu\u00a0ruba nokta\u00a0i kutikule\u00a0u podru\u010dju\u00a0noktiju\u00a0. Dijamantna brusilica za prirodne [&hellip;]<\/p>\n","protected":false},"featured_media":21108,"comment_status":"closed","ping_status":"closed","template":"","meta":[],"product_brand":[],"product_cat":[263],"product_tag":[],"class_list":{"0":"post-8473","1":"product","2":"type-product","3":"status-publish","4":"has-post-thumbnail","6":"product_cat-dijamantni-nastavci","8":"first","9":"instock","10":"shipping-taxable","11":"purchasable","12":"product-type-simple"},"_links":{"self":[{"href":"https:\/\/www.arty-nails.org\/web_shop\/wp-json\/wp\/v2\/product\/8473","targetHints":{"allow":["GET"]}}],"collection":[{"href":"https:\/\/www.arty-nails.org\/web_shop\/wp-json\/wp\/v2\/product"}],"about":[{"href":"https:\/\/www.arty-nails.org\/web_shop\/wp-json\/wp\/v2\/types\/product"}],"replies":[{"embeddable":true,"href":"https:\/\/www.arty-nails.org\/web_shop\/wp-json\/wp\/v2\/comments?post=8473"}],"wp:featuredmedia":[{"embeddable":true,"href":"https:\/\/www.arty-nails.org\/web_shop\/wp-json\/wp\/v2\/media\/21108"}],"wp:attachment":[{"href":"https:\/\/www.arty-nails.org\/web_shop\/wp-json\/wp\/v2\/media?parent=8473"}],"wp:term":[{"taxonomy":"product_brand","embeddable":true,"href":"https:\/\/www.arty-nails.org\/web_shop\/wp-json\/wp\/v2\/product_brand?post=8473"},{"taxonomy":"product_cat","embeddable":true,"href":"https:\/\/www.arty-nails.org\/web_shop\/wp-json\/wp\/v2\/product_cat?post=8473"},{"taxonomy":"product_tag","embeddable":true,"href":"https:\/\/www.arty-nails.org\/web_shop\/wp-json\/wp\/v2\/product_tag?post=8473"}],"curies":[{"name":"wp","href":"https:\/\/api.w.org\/{rel}","templated":true}]}}