{"id":8489,"date":"2018-04-17T15:14:54","date_gmt":"2018-04-17T13:14:54","guid":{"rendered":"https:\/\/www.arty-nails.org\/web_shop\/product\/daylight-lumi-stolna-lampa-d35500\/"},"modified":"2026-03-16T13:45:42","modified_gmt":"2026-03-16T12:45:42","slug":"daylight-lumi-stolna-lampa-d35500","status":"publish","type":"product","link":"https:\/\/www.arty-nails.org\/web_shop\/proizvod\/daylight-lumi-stolna-lampa-d35500\/","title":{"rendered":"DAYLIGHT LUMI STOLNA LAMPA D35500"},"content":{"rendered":"<p><strong>Informacije o proizvodu:<\/strong><\/p>\n<p><span style=\"font-size: 14pt;\">Obasjajte Va\u0161 rad najsjajnijom lampom u Daylight asortimanu.<\/span><\/p>\n<p>Podesite <strong>\u0161iroko sjenilo<\/strong> okomito, vodoravno i bo\u010dno za optimizaciju polo\u017eaja kod niza zadataka.&nbsp;<strong>88 visokokvalitetnih, sna\u017enih LED svjetala<\/strong> \u0161irokog je podru\u010dja, \u0161to vam omogu\u0107uje razlikovanje svake nijanse i jasno uo\u010davanje osjetljivih detalja.<\/p>\n<p><strong>Zna\u010dajke:<\/strong><\/p>\n<ul style=\"list-style-type: disc;\">\n<li>Podesiva vi\u0161epozicijska glava za usmjeravanje svjetla tamo gdje je to potrebno<\/li>\n<li>\u0160iroko sjenilo za ravnomjerno \u0161irenje svjetla<\/li>\n<li>2 razine regulacije svjetlosti: 3.800 i 1.750 Lux<\/li>\n<li>Temperatura u boji: 6000 K<\/li>\n<li>Dugi doseg 100 cm (39,4 \u201d)<\/li>\n<li>Duljina kabela: 2,1 m (82,7 \u201d)<\/li>\n<li>Dimenzije proizvoda: <span style=\"caret-color: auto;\">(Vx\u0160xD) 5<\/span>8,5 x 51 x 70 cm&nbsp;<\/li>\n<li>Te\u017eina: 2 kg<\/li>\n<\/ul>\n<p><a href=\"https:\/\/youtu.be\/R0zmPSnhhDc\" target=\"_blank\" rel=\"noopener\">https:\/\/youtu.be\/R0zmPSnhhDc<\/a><\/p>\n","protected":false},"excerpt":{"rendered":"<p>Informacije o proizvodu: Obasjajte Va\u0161 rad najsjajnijom lampom u Daylight asortimanu. Podesite \u0161iroko sjenilo okomito, vodoravno i bo\u010dno za optimizaciju polo\u017eaja kod niza zadataka.&nbsp;88 visokokvalitetnih, sna\u017enih LED svjetala \u0161irokog je podru\u010dja, \u0161to vam omogu\u0107uje razlikovanje svake nijanse i jasno uo\u010davanje osjetljivih detalja. Zna\u010dajke: Podesiva vi\u0161epozicijska glava za usmjeravanje svjetla tamo gdje je to potrebno \u0160iroko [&hellip;]<\/p>\n","protected":false},"featured_media":8486,"comment_status":"closed","ping_status":"closed","template":"","meta":[],"product_brand":[59],"product_cat":[107],"product_tag":[],"class_list":{"0":"post-8489","1":"product","2":"type-product","3":"status-publish","4":"has-post-thumbnail","6":"product_brand-daylight","7":"product_cat-rasvjeta-za-salone","9":"first","10":"instock","11":"shipping-taxable","12":"purchasable","13":"product-type-simple"},"_links":{"self":[{"href":"https:\/\/www.arty-nails.org\/web_shop\/wp-json\/wp\/v2\/product\/8489","targetHints":{"allow":["GET"]}}],"collection":[{"href":"https:\/\/www.arty-nails.org\/web_shop\/wp-json\/wp\/v2\/product"}],"about":[{"href":"https:\/\/www.arty-nails.org\/web_shop\/wp-json\/wp\/v2\/types\/product"}],"replies":[{"embeddable":true,"href":"https:\/\/www.arty-nails.org\/web_shop\/wp-json\/wp\/v2\/comments?post=8489"}],"wp:featuredmedia":[{"embeddable":true,"href":"https:\/\/www.arty-nails.org\/web_shop\/wp-json\/wp\/v2\/media\/8486"}],"wp:attachment":[{"href":"https:\/\/www.arty-nails.org\/web_shop\/wp-json\/wp\/v2\/media?parent=8489"}],"wp:term":[{"taxonomy":"product_brand","embeddable":true,"href":"https:\/\/www.arty-nails.org\/web_shop\/wp-json\/wp\/v2\/product_brand?post=8489"},{"taxonomy":"product_cat","embeddable":true,"href":"https:\/\/www.arty-nails.org\/web_shop\/wp-json\/wp\/v2\/product_cat?post=8489"},{"taxonomy":"product_tag","embeddable":true,"href":"https:\/\/www.arty-nails.org\/web_shop\/wp-json\/wp\/v2\/product_tag?post=8489"}],"curies":[{"name":"wp","href":"https:\/\/api.w.org\/{rel}","templated":true}]}}