{"id":8643,"date":"2018-06-16T13:59:58","date_gmt":"2018-06-16T11:59:58","guid":{"rendered":"https:\/\/www.arty-nails.org\/web_shop\/product\/dezinfekt-koncentrat-multisept-2l-1959\/"},"modified":"2024-11-25T03:38:35","modified_gmt":"2024-11-25T02:38:35","slug":"dezinfekt-koncentrat-multisept-2l-1959","status":"publish","type":"product","link":"https:\/\/www.arty-nails.org\/web_shop\/proizvod\/dezinfekt-koncentrat-multisept-2l-1959\/","title":{"rendered":"DEZINFEKT KONCENTRAT MULTISEPT 2 l"},"content":{"rendered":"<p>OROLIN Multisept plus 2L<br \/>\nSna\u017ean koncentrat za brzu dezinfekciju medicinskih i kirur\u0161kih instrumenata.<\/p>\n<p>\u25ba Prikladno za uporabu u ure\u0111ajima za ultrazvu\u010dno \u010di\u0161\u0107enje<br \/>\n\u25ba Potpuno virucidni unutar 15 minuta<br \/>\n\u25ba Vrlo produktivan koncentrat<br \/>\n\u25ba Sna\u017eno sredstvo za \u010di\u0161\u0107enje<br \/>\n\u25ba Visoka kompatibilnost s materijalima<\/p>\n<p>OROLIN\u00ae Multisept Plus sna\u017ean je koncentrat za ru\u010dnu dezinfekciju i \u010di\u0161\u0107enje medicinskih i kirur\u0161kih<br \/>\ninstrumenata. Otopina je, u vremenu od 15 minuta djelovanja, baktericidni, tuberkulocidni,<br \/>\nmikobaktericidni, kva\u0161\u010dev te virucidni. Jedinstvena formula sadr\u017ei sna\u017ene inhibitore korozije te daje<br \/>\notopinu koja je mnogo manje korozivna za slitine bakra, \u017eeljezo i kositar od vode. Testovi pokazuju<br \/>\nkompatibilnost proizvoda s nehr\u0111aju\u0107im \u010delikom i ve\u0107inom nemetalnih materijala uklju\u010duju\u0107i staklo,<br \/>\nPlexiglas\u00ae, poliamid, polietilen, PVC i silikon. OROLIN\u00ae Multisept Plus ne sadr\u017ei aldehide, fenole ni<br \/>\nklor. Prikladno za uporabu u ure\u0111ajima za ultrazvu\u010dno \u010di\u0161\u0107enje.<br \/>\nPodru\u010dje primjene<br \/>\nZa ru\u010dnu dezinfekciju i \u010di\u0161\u0107enje medicinskih intstrumenata.<\/p>\n","protected":false},"excerpt":{"rendered":"<p>OROLIN Multisept plus 2L Sna\u017ean koncentrat za brzu dezinfekciju medicinskih i kirur\u0161kih instrumenata. \u25ba Prikladno za uporabu u ure\u0111ajima za ultrazvu\u010dno \u010di\u0161\u0107enje \u25ba Potpuno virucidni unutar 15 minuta \u25ba Vrlo produktivan koncentrat \u25ba Sna\u017eno sredstvo za \u010di\u0161\u0107enje \u25ba Visoka kompatibilnost s materijalima OROLIN\u00ae Multisept Plus sna\u017ean je koncentrat za ru\u010dnu dezinfekciju i \u010di\u0161\u0107enje medicinskih i [&hellip;]<\/p>\n","protected":false},"featured_media":8642,"comment_status":"closed","ping_status":"closed","template":"","meta":[],"product_brand":[],"product_cat":[130,134],"product_tag":[],"class_list":{"0":"post-8643","1":"product","2":"type-product","3":"status-publish","4":"has-post-thumbnail","6":"product_cat-dezinfekcija-i-zastita","7":"product_cat-sterilizatori","9":"first","10":"instock","11":"shipping-taxable","12":"purchasable","13":"product-type-simple"},"_links":{"self":[{"href":"https:\/\/www.arty-nails.org\/web_shop\/wp-json\/wp\/v2\/product\/8643","targetHints":{"allow":["GET"]}}],"collection":[{"href":"https:\/\/www.arty-nails.org\/web_shop\/wp-json\/wp\/v2\/product"}],"about":[{"href":"https:\/\/www.arty-nails.org\/web_shop\/wp-json\/wp\/v2\/types\/product"}],"replies":[{"embeddable":true,"href":"https:\/\/www.arty-nails.org\/web_shop\/wp-json\/wp\/v2\/comments?post=8643"}],"wp:featuredmedia":[{"embeddable":true,"href":"https:\/\/www.arty-nails.org\/web_shop\/wp-json\/wp\/v2\/media\/8642"}],"wp:attachment":[{"href":"https:\/\/www.arty-nails.org\/web_shop\/wp-json\/wp\/v2\/media?parent=8643"}],"wp:term":[{"taxonomy":"product_brand","embeddable":true,"href":"https:\/\/www.arty-nails.org\/web_shop\/wp-json\/wp\/v2\/product_brand?post=8643"},{"taxonomy":"product_cat","embeddable":true,"href":"https:\/\/www.arty-nails.org\/web_shop\/wp-json\/wp\/v2\/product_cat?post=8643"},{"taxonomy":"product_tag","embeddable":true,"href":"https:\/\/www.arty-nails.org\/web_shop\/wp-json\/wp\/v2\/product_tag?post=8643"}],"curies":[{"name":"wp","href":"https:\/\/api.w.org\/{rel}","templated":true}]}}