{"id":8670,"date":"2018-08-28T10:23:14","date_gmt":"2018-08-28T08:23:14","guid":{"rendered":"https:\/\/www.arty-nails.org\/web_shop\/?post_type=product&#038;p=8670"},"modified":"2026-02-02T10:18:39","modified_gmt":"2026-02-02T09:18:39","slug":"nastavak-tc-cutter-500-104-110-lgq-060n-1507","status":"publish","type":"product","link":"https:\/\/www.arty-nails.org\/web_shop\/proizvod\/nastavak-tc-cutter-500-104-110-lgq-060n-1507\/","title":{"rendered":"NASTAVAK TC CUTTER 500 104 110 LGQ 060N &#8211; 1507"},"content":{"rendered":"<p>nAJBOLJI I NAJJA\u010cI NASTAVAK ZA BRZO UKLANJANJE GELA, AKRILA I ACRY GELA<\/p>\n<p>Obrada zadebljalih, gripoti\u010dnih noktiju<br \/>\nUklanjanje \u017euljeva<br \/>\nObrada ortoti\u010dke plastike i hiperkeratoza<br \/>\nVrlo gladak rad<br \/>\nVrlo visoka stopa uklanjanja<br \/>\nU podijatriji i medicinskoj njezi stopala, LGQ reza\u010d noktiju koristi se za obradu  zadebljalih, gripoti\u010dnih noktiju .<\/p>\n<p>Brzina: maks. 30 000 min\u00af\u00b9<br \/>\n(Preporu\u010dena brzina 40\u201350% maks. brzine)<\/p>\n","protected":false},"excerpt":{"rendered":"<p>nAJBOLJI I NAJJA\u010cI NASTAVAK ZA BRZO UKLANJANJE GELA, AKRILA I ACRY GELA Obrada zadebljalih, gripoti\u010dnih noktiju Uklanjanje \u017euljeva Obrada ortoti\u010dke plastike i hiperkeratoza Vrlo gladak rad Vrlo visoka stopa uklanjanja U podijatriji i medicinskoj njezi stopala, LGQ reza\u010d noktiju koristi se za obradu zadebljalih, gripoti\u010dnih noktiju . Brzina: maks. 30 000 min\u00af\u00b9 (Preporu\u010dena brzina 40\u201350% [&hellip;]<\/p>\n","protected":false},"featured_media":29088,"comment_status":"closed","ping_status":"closed","template":"","meta":[],"product_brand":[],"product_cat":[264],"product_tag":[],"class_list":{"0":"post-8670","1":"product","2":"type-product","3":"status-publish","4":"has-post-thumbnail","6":"product_cat-karbidni-nastavci","8":"first","9":"instock","10":"shipping-taxable","11":"purchasable","12":"product-type-simple"},"_links":{"self":[{"href":"https:\/\/www.arty-nails.org\/web_shop\/wp-json\/wp\/v2\/product\/8670","targetHints":{"allow":["GET"]}}],"collection":[{"href":"https:\/\/www.arty-nails.org\/web_shop\/wp-json\/wp\/v2\/product"}],"about":[{"href":"https:\/\/www.arty-nails.org\/web_shop\/wp-json\/wp\/v2\/types\/product"}],"replies":[{"embeddable":true,"href":"https:\/\/www.arty-nails.org\/web_shop\/wp-json\/wp\/v2\/comments?post=8670"}],"wp:featuredmedia":[{"embeddable":true,"href":"https:\/\/www.arty-nails.org\/web_shop\/wp-json\/wp\/v2\/media\/29088"}],"wp:attachment":[{"href":"https:\/\/www.arty-nails.org\/web_shop\/wp-json\/wp\/v2\/media?parent=8670"}],"wp:term":[{"taxonomy":"product_brand","embeddable":true,"href":"https:\/\/www.arty-nails.org\/web_shop\/wp-json\/wp\/v2\/product_brand?post=8670"},{"taxonomy":"product_cat","embeddable":true,"href":"https:\/\/www.arty-nails.org\/web_shop\/wp-json\/wp\/v2\/product_cat?post=8670"},{"taxonomy":"product_tag","embeddable":true,"href":"https:\/\/www.arty-nails.org\/web_shop\/wp-json\/wp\/v2\/product_tag?post=8670"}],"curies":[{"name":"wp","href":"https:\/\/api.w.org\/{rel}","templated":true}]}}