{"id":8672,"date":"2018-08-28T12:14:45","date_gmt":"2018-08-28T10:14:45","guid":{"rendered":"https:\/\/www.arty-nails.org\/web_shop\/product\/nastavak-za-pedikuru-hurrican-0155-1977\/"},"modified":"2026-02-02T10:18:39","modified_gmt":"2026-02-02T09:18:39","slug":"nastavak-za-pedikuru-hurrican-801-104-h200-544-110n-0155","status":"publish","type":"product","link":"https:\/\/www.arty-nails.org\/web_shop\/proizvod\/nastavak-za-pedikuru-hurrican-801-104-h200-544-110n-0155\/","title":{"rendered":"NASTAVAK ZA PEDIKURU HURRICAN 801 104 H200 544 110N &#8211; 0155"},"content":{"rendered":"<h1>Dijamantni Uragan\u00a0\u00d8 11,0 mm\u00a0super gruba zrna &#8211; na\u0161 Top seller<\/h1>\n<p>Podru\u010dje primjene prirodni nokti i ro\u017enica (njega stopala i podijatrija):<br \/>\n\u2022 Uklanjanje zadebljalih noktiju i \u017euljeva \/ jakih \u017euljeva<br \/>\n\u2022 Mo\u017ee se koristiti za mokru i suhu\u00a0tehniku \u200b\u200b\u2022<br \/>\nPogodno za dijabeti\u010dka stopala<br \/>\n\u2022 U\u010dinkovita obrada ro\u017enice<br \/>\n\u2022 Savr\u0161ena za\u0161tita od usisavanja i pregrijavanja u suhoj\u00a0tehnici\u00a0kroz otvore<br \/>\n\u2022 Dezinficiraju\u0107e i steriliziraju\u0107e<\/p>\n<p><span style=\"color: #515151; font-family: Ubuntu, Arial, sans-serif;\">S<\/span><span style=\"color: #313131; font-family: Ubuntu, sans-serif;\"><b>uper\u00a0 uragan<\/b><\/span>\u00a0dijamant nastavak koristi se za selektivno uklanjanje zadebljane ko\u017ee .\u00a0Brusilica je otporna na dezinfekciju i sterilizaciju zbog materijala od hr\u0111e.\u00a0Uragan je higijenska\u00a0 i ekonomi\u010dna alternativa uobi\u010dajenim kapicama za jednokratnu upotrebu.<\/p>\n<p>PU: 1<br \/>\nbrzina: max.\u00a025.000 okr \/ min<br \/>\n(Preporu\u010dena brzina 40\u201350% maksimalne brzine)<\/p>\n","protected":false},"excerpt":{"rendered":"<p>Dijamantni Uragan\u00a0\u00d8 11,0 mm\u00a0super gruba zrna &#8211; na\u0161 Top seller Podru\u010dje primjene prirodni nokti i ro\u017enica (njega stopala i podijatrija): \u2022 Uklanjanje zadebljalih noktiju i \u017euljeva \/ jakih \u017euljeva \u2022 Mo\u017ee se koristiti za mokru i suhu\u00a0tehniku \u200b\u200b\u2022 Pogodno za dijabeti\u010dka stopala \u2022 U\u010dinkovita obrada ro\u017enice \u2022 Savr\u0161ena za\u0161tita od usisavanja i pregrijavanja u suhoj\u00a0tehnici\u00a0kroz [&hellip;]<\/p>\n","protected":false},"featured_media":21133,"comment_status":"closed","ping_status":"closed","template":"","meta":[],"product_brand":[],"product_cat":[266,124],"product_tag":[],"class_list":{"0":"post-8672","1":"product","2":"type-product","3":"status-publish","4":"has-post-thumbnail","6":"product_cat-nastavci-za-pedikuru","7":"product_cat-pribor-za-pedikuru","9":"first","10":"instock","11":"shipping-taxable","12":"purchasable","13":"product-type-simple"},"_links":{"self":[{"href":"https:\/\/www.arty-nails.org\/web_shop\/wp-json\/wp\/v2\/product\/8672","targetHints":{"allow":["GET"]}}],"collection":[{"href":"https:\/\/www.arty-nails.org\/web_shop\/wp-json\/wp\/v2\/product"}],"about":[{"href":"https:\/\/www.arty-nails.org\/web_shop\/wp-json\/wp\/v2\/types\/product"}],"replies":[{"embeddable":true,"href":"https:\/\/www.arty-nails.org\/web_shop\/wp-json\/wp\/v2\/comments?post=8672"}],"wp:featuredmedia":[{"embeddable":true,"href":"https:\/\/www.arty-nails.org\/web_shop\/wp-json\/wp\/v2\/media\/21133"}],"wp:attachment":[{"href":"https:\/\/www.arty-nails.org\/web_shop\/wp-json\/wp\/v2\/media?parent=8672"}],"wp:term":[{"taxonomy":"product_brand","embeddable":true,"href":"https:\/\/www.arty-nails.org\/web_shop\/wp-json\/wp\/v2\/product_brand?post=8672"},{"taxonomy":"product_cat","embeddable":true,"href":"https:\/\/www.arty-nails.org\/web_shop\/wp-json\/wp\/v2\/product_cat?post=8672"},{"taxonomy":"product_tag","embeddable":true,"href":"https:\/\/www.arty-nails.org\/web_shop\/wp-json\/wp\/v2\/product_tag?post=8672"}],"curies":[{"name":"wp","href":"https:\/\/api.w.org\/{rel}","templated":true}]}}