{"id":8748,"date":"2018-10-24T10:23:13","date_gmt":"2018-10-24T08:23:13","guid":{"rendered":"https:\/\/www.arty-nails.org\/web_shop\/?post_type=product&#038;p=8748"},"modified":"2026-02-02T10:18:39","modified_gmt":"2026-02-02T09:18:39","slug":"nastavak-diamond-806-104-173-524-025n-0384","status":"publish","type":"product","link":"https:\/\/www.arty-nails.org\/web_shop\/proizvod\/nastavak-diamond-806-104-173-524-025n-0384\/","title":{"rendered":"NASTAVAK DIAMOND 806 104 173 524 025N &#8211; 0384"},"content":{"rendered":"<h1>Dijamantni nastavak \u00d8 2,5 mm<br \/>\nsrednje zrno, sto\u017eastog oblika ravna<\/h1>\n<p>Dijamantni nastavak<\/p>\n<div>\u00a0Podru\u010dje primjene umjetni nokti (studio za nokte):<br \/>\n\u2022 Obrada zanoktica i prirodnog\u00a0 nokta<\/div>\n<div>\n<p>\u2022 Dug vijek trajanja<br \/>\n\u2022\u00a0Zagla\u0111ivanje ko\u017ee<\/p>\n<p>Info: Konusni oblik \u0161titi zid nokta.<\/p>\n<p>Dijamantna brusilica za prirodne nokte i ro\u017enicu (njega stopala i podijatrija):<br \/>\n\u2022 Izgla\u0111ivanje\u00a0ro\u017enice\u00a0i noktiju<br \/>\n\u2022 Dug radni vijek<\/p>\n<p>Dijamantni zavoj se koristi za izgla\u0111ivanje noktiju.\u00a0U medicinskoj njezi stopala dijamantski je apsolutni &#8220;must have&#8221; pri radu na prirodnim noktima s blago ro\u017enatom ko\u017eom.<br \/>\nDijamantni nastavak nezamjenjiv je za manikuru i pedikuru, a odlikuje ga optimalno bru\u0161enje s dugim vijekom trajanja.<\/p>\n<p>PU: 1<br \/>\nbrzina: max.\u00a040.000 okr \/ min<br \/>\n(Preporu\u010dena brzina 40\u201350% maksimalne brzine)<\/p>\n<\/div>\n","protected":false},"excerpt":{"rendered":"<p>Dijamantni nastavak \u00d8 2,5 mm srednje zrno, sto\u017eastog oblika ravna Dijamantni nastavak \u00a0Podru\u010dje primjene umjetni nokti (studio za nokte): \u2022 Obrada zanoktica i prirodnog\u00a0 nokta \u2022 Dug vijek trajanja \u2022\u00a0Zagla\u0111ivanje ko\u017ee Info: Konusni oblik \u0161titi zid nokta. Dijamantna brusilica za prirodne nokte i ro\u017enicu (njega stopala i podijatrija): \u2022 Izgla\u0111ivanje\u00a0ro\u017enice\u00a0i noktiju \u2022 Dug radni vijek [&hellip;]<\/p>\n","protected":false},"featured_media":35597,"comment_status":"closed","ping_status":"closed","template":"","meta":[],"product_brand":[],"product_cat":[263],"product_tag":[],"class_list":{"0":"post-8748","1":"product","2":"type-product","3":"status-publish","4":"has-post-thumbnail","6":"product_cat-dijamantni-nastavci","8":"first","9":"instock","10":"shipping-taxable","11":"purchasable","12":"product-type-simple"},"_links":{"self":[{"href":"https:\/\/www.arty-nails.org\/web_shop\/wp-json\/wp\/v2\/product\/8748","targetHints":{"allow":["GET"]}}],"collection":[{"href":"https:\/\/www.arty-nails.org\/web_shop\/wp-json\/wp\/v2\/product"}],"about":[{"href":"https:\/\/www.arty-nails.org\/web_shop\/wp-json\/wp\/v2\/types\/product"}],"replies":[{"embeddable":true,"href":"https:\/\/www.arty-nails.org\/web_shop\/wp-json\/wp\/v2\/comments?post=8748"}],"wp:featuredmedia":[{"embeddable":true,"href":"https:\/\/www.arty-nails.org\/web_shop\/wp-json\/wp\/v2\/media\/35597"}],"wp:attachment":[{"href":"https:\/\/www.arty-nails.org\/web_shop\/wp-json\/wp\/v2\/media?parent=8748"}],"wp:term":[{"taxonomy":"product_brand","embeddable":true,"href":"https:\/\/www.arty-nails.org\/web_shop\/wp-json\/wp\/v2\/product_brand?post=8748"},{"taxonomy":"product_cat","embeddable":true,"href":"https:\/\/www.arty-nails.org\/web_shop\/wp-json\/wp\/v2\/product_cat?post=8748"},{"taxonomy":"product_tag","embeddable":true,"href":"https:\/\/www.arty-nails.org\/web_shop\/wp-json\/wp\/v2\/product_tag?post=8748"}],"curies":[{"name":"wp","href":"https:\/\/api.w.org\/{rel}","templated":true}]}}