{"id":9002,"date":"2014-06-06T00:50:53","date_gmt":"2014-06-05T22:50:53","guid":{"rendered":"https:\/\/www.arty-nails.org\/web_shop\/product\/promed-the-file-625-2235\/"},"modified":"2023-03-24T12:16:35","modified_gmt":"2023-03-24T11:16:35","slug":"promed-brusilica-625","status":"publish","type":"product","link":"https:\/\/www.arty-nails.org\/web_shop\/proizvod\/promed-brusilica-625\/","title":{"rendered":"PROMED BRUSILICA 625"},"content":{"rendered":"<p>Elektri\u010dna brusilica za rad na manikuri i za lak\u0161i dizajn noktiju, kao i za pa\u017eljivu upotrebu u pedikuri.<\/p>\n<p><strong>\u00a0Informacije o proizvodu: <\/strong><\/p>\n<ul style=\"list-style-type: disc;\">\n<li>Brzina je varijabilna do 25.000 o \/ min.<\/li>\n<li>Lagana, ergonomska i sna\u017ena ru\u010dica od nehr\u0111aju\u0107eg \u010delika bez vibracija, te\u017eine 160g<\/li>\n<li>Profesionalni rotiraju\u010di ovratnik<\/li>\n<li>5 LED indikatora brzine<\/li>\n<li>Sigurnosno zaustavljanje; ASC (automatska kontrola brzine)<\/li>\n<li>Upravljanje u jednom prekida\u010du (u smjeru kazaljke na satu, suprotno od smjera kazaljke na satu, uklju\u010deno \/ isklju\u010deno)<\/li>\n<li>Potenciometar sa svijetlim dragim kamenom (dijamantni oblik)<\/li>\n<li>U\u0161teda prostora, anatomski dizajn<\/li>\n<li>Proizvedeno u Njema\u010dkoj<\/li>\n<\/ul>\n<p><strong>Tehni\u010dki podaci: <\/strong><\/p>\n<ul style=\"list-style-type: disc;\">\n<li>Vrsta ure\u0111aja: Ure\u0111aj za njegu za manikuru i pedikuru<\/li>\n<li>Brzina: promjenjiva do 25.000 o \/ min<\/li>\n<li>Smjer kretanja: lijevo i desno<\/li>\n<li>Napajanje: 100 &#8211; 240 VAC, 50\/60 Hz, 1.200 mA;<\/li>\n<li>Potro\u0161nja energije bez optere\u0107enju: &lt;0,3 W<\/li>\n<li>Prosje\u010dna u\u010dinkovitost u radu: Razina VI<\/li>\n<li>Sna\u017ena\u00a0ru\u010dica od nehr\u0111aju\u0107eg \u010delika bez vibracija, te\u017eine 160g<\/li>\n<\/ul>\n","protected":false},"excerpt":{"rendered":"<p>Elektri\u010dna brusilica za rad na manikuri i za lak\u0161i dizajn noktiju, kao i za pa\u017eljivu upotrebu u pedikuri. \u00a0Informacije o proizvodu: Brzina je varijabilna do 25.000 o \/ min. Lagana, ergonomska i sna\u017ena ru\u010dica od nehr\u0111aju\u0107eg \u010delika bez vibracija, te\u017eine 160g Profesionalni rotiraju\u010di ovratnik 5 LED indikatora brzine Sigurnosno zaustavljanje; ASC (automatska kontrola brzine) Upravljanje [&hellip;]<\/p>\n","protected":false},"featured_media":8998,"comment_status":"closed","ping_status":"closed","template":"","meta":[],"product_brand":[53],"product_cat":[93],"product_tag":[],"class_list":{"0":"post-9002","1":"product","2":"type-product","3":"status-publish","4":"has-post-thumbnail","6":"product_brand-promed","7":"product_cat-brusilice-freze","9":"first","10":"instock","11":"shipping-taxable","12":"purchasable","13":"product-type-simple"},"_links":{"self":[{"href":"https:\/\/www.arty-nails.org\/web_shop\/wp-json\/wp\/v2\/product\/9002","targetHints":{"allow":["GET"]}}],"collection":[{"href":"https:\/\/www.arty-nails.org\/web_shop\/wp-json\/wp\/v2\/product"}],"about":[{"href":"https:\/\/www.arty-nails.org\/web_shop\/wp-json\/wp\/v2\/types\/product"}],"replies":[{"embeddable":true,"href":"https:\/\/www.arty-nails.org\/web_shop\/wp-json\/wp\/v2\/comments?post=9002"}],"wp:featuredmedia":[{"embeddable":true,"href":"https:\/\/www.arty-nails.org\/web_shop\/wp-json\/wp\/v2\/media\/8998"}],"wp:attachment":[{"href":"https:\/\/www.arty-nails.org\/web_shop\/wp-json\/wp\/v2\/media?parent=9002"}],"wp:term":[{"taxonomy":"product_brand","embeddable":true,"href":"https:\/\/www.arty-nails.org\/web_shop\/wp-json\/wp\/v2\/product_brand?post=9002"},{"taxonomy":"product_cat","embeddable":true,"href":"https:\/\/www.arty-nails.org\/web_shop\/wp-json\/wp\/v2\/product_cat?post=9002"},{"taxonomy":"product_tag","embeddable":true,"href":"https:\/\/www.arty-nails.org\/web_shop\/wp-json\/wp\/v2\/product_tag?post=9002"}],"curies":[{"name":"wp","href":"https:\/\/api.w.org\/{rel}","templated":true}]}}