{"id":9007,"date":"2019-05-08T18:39:28","date_gmt":"2019-05-08T16:39:28","guid":{"rendered":"https:\/\/www.arty-nails.org\/web_shop\/product\/nastavak-tc-cutter-274lsq060n-0633-2239\/"},"modified":"2026-02-02T10:18:39","modified_gmt":"2026-02-02T09:18:39","slug":"nastavak-tc-cutter-premium-ac-blue-530-104-274-lsq-060n-0633","status":"publish","type":"product","link":"https:\/\/www.arty-nails.org\/web_shop\/proizvod\/nastavak-tc-cutter-premium-ac-blue-530-104-274-lsq-060n-0633\/","title":{"rendered":"NASTAVAK TC CUTTER PREMIUM AC BLUE 530 104 274 LSQ 060N &#8211; 0633"},"content":{"rendered":"<h2><strong>Premium AC BLUE &#8211; BEST SELLER<\/strong><\/h2>\n<p>Podru\u010dje primjene umjetni nokti (studio za nokte):<\/p>\n<p>\u2022 Brzo uklanjanje gela, gelova u boji i ukrasa u modeliranju noktiju<br \/>\n\u2022 Vrlo visoka stopa uklanjanja<br \/>\n\u2022 Dug radni vijek<br \/>\n\u2022 Nema razvoja topline<br \/>\n\u2022\u00a0Vrlo gladak\u00a0rad<\/p>\n<p>Zaobljeni oblik omogu\u0107uje siguran i u\u010dinkovit rad na noktu.<br \/>\nGlodalica od tvrdog karbida LSQ, pogodna za brzo uklanjanje i modeliranje na umjetnom noktu (\u00a0<i>gel noktiju i akrilni ispuni<\/i>\u00a0),<br \/>\nZa vi\u0161e vremena &#8211; za savr\u0161en dizajn noktiju &#8211; apsolutni\u00a0&#8220;must-have&#8221;\u00a0u va\u0161em ateljeu za nokte.<\/p>\n<p>Podru\u010dje primjene prirodni nokti i ro\u017enica (njega stopala i podijatrija):<br \/>\n\u2022 Rad na gripoti\u010dnim noktima (drveni nokat)<br \/>\n\u2022\u00a0Uklanjanje\u00a0ro\u017enice i hiperkeratoze<br \/>\n\u2022\u00a0Stvaranje\u00a0glatkih povr\u0161ina na\u00a0noktima<br \/>\n\u2022 Dug radni vijek<br \/>\n\u2022 Nema razvoja topline<br \/>\n\u2022\u00a0Vrlo\u00a0gladak\u00a0rad<\/p>\n<p>U podijatriji, medicinskoj pedikuri i pedikuri, ac-plavi LSQ reza\u010d za nokte koristi se za obradu vrlo debelih, gripoti\u010dnih noktiju, poznatih i kao drveni nokti.\u00a0Ortotska smola, ro\u017enica i hiperkeratoza tako\u0111er se mogu obraditi ovim karbidnim nastavkom.\u00a0Reza\u010d noktiju LSQ je nezamjenjiv i odlikuje ga dug radni vijek.<\/p>\n<p>Posebnost sloja za\u0161tite od habanja od plavog\u00a0izmjenjivanja\u00a0:<br \/>\n\u2022 Najve\u0107a otpornost na habanje<br \/>\n\u2022 Du\u017ei radni vijek<br \/>\n\u2022 Lak\u0161e \u010di\u0161\u0107enje<br \/>\n\u2022 Savr\u0161eno otpu\u0161tanje topline<\/p>\n<p>PU: 1<br \/>\nbrzina: max.\u00a030.000 o \/ min<br \/>\n(\u00a0preporu\u010dena\u00a0brzina 40-50% najve\u0107e brzine)<\/p>\n","protected":false},"excerpt":{"rendered":"<p>Premium AC BLUE &#8211; BEST SELLER Podru\u010dje primjene umjetni nokti (studio za nokte): \u2022 Brzo uklanjanje gela, gelova u boji i ukrasa u modeliranju noktiju \u2022 Vrlo visoka stopa uklanjanja \u2022 Dug radni vijek \u2022 Nema razvoja topline \u2022\u00a0Vrlo gladak\u00a0rad Zaobljeni oblik omogu\u0107uje siguran i u\u010dinkovit rad na noktu. Glodalica od tvrdog karbida LSQ, pogodna [&hellip;]<\/p>\n","protected":false},"featured_media":21126,"comment_status":"closed","ping_status":"closed","template":"","meta":[],"product_brand":[],"product_cat":[264],"product_tag":[],"class_list":{"0":"post-9007","1":"product","2":"type-product","3":"status-publish","4":"has-post-thumbnail","6":"product_cat-karbidni-nastavci","8":"first","9":"instock","10":"shipping-taxable","11":"purchasable","12":"product-type-simple"},"_links":{"self":[{"href":"https:\/\/www.arty-nails.org\/web_shop\/wp-json\/wp\/v2\/product\/9007","targetHints":{"allow":["GET"]}}],"collection":[{"href":"https:\/\/www.arty-nails.org\/web_shop\/wp-json\/wp\/v2\/product"}],"about":[{"href":"https:\/\/www.arty-nails.org\/web_shop\/wp-json\/wp\/v2\/types\/product"}],"replies":[{"embeddable":true,"href":"https:\/\/www.arty-nails.org\/web_shop\/wp-json\/wp\/v2\/comments?post=9007"}],"wp:featuredmedia":[{"embeddable":true,"href":"https:\/\/www.arty-nails.org\/web_shop\/wp-json\/wp\/v2\/media\/21126"}],"wp:attachment":[{"href":"https:\/\/www.arty-nails.org\/web_shop\/wp-json\/wp\/v2\/media?parent=9007"}],"wp:term":[{"taxonomy":"product_brand","embeddable":true,"href":"https:\/\/www.arty-nails.org\/web_shop\/wp-json\/wp\/v2\/product_brand?post=9007"},{"taxonomy":"product_cat","embeddable":true,"href":"https:\/\/www.arty-nails.org\/web_shop\/wp-json\/wp\/v2\/product_cat?post=9007"},{"taxonomy":"product_tag","embeddable":true,"href":"https:\/\/www.arty-nails.org\/web_shop\/wp-json\/wp\/v2\/product_tag?post=9007"}],"curies":[{"name":"wp","href":"https:\/\/api.w.org\/{rel}","templated":true}]}}