{"id":9241,"date":"2019-10-01T17:24:18","date_gmt":"2019-10-01T15:24:18","guid":{"rendered":"https:\/\/www.arty-nails.org\/web_shop\/product\/daylight-gemini-podna-lampa-d35350\/"},"modified":"2026-03-16T13:45:42","modified_gmt":"2026-03-16T12:45:42","slug":"daylight-gemini-podna-lampa-d35350","status":"publish","type":"product","link":"https:\/\/www.arty-nails.org\/web_shop\/proizvod\/daylight-gemini-podna-lampa-d35350\/","title":{"rendered":"DAYLIGHT  GEMINI PODNA LAMPA D35350"},"content":{"rendered":"<p><strong>Informacije o proizvodu:<\/strong><\/p>\n<p><span style=\"font-size: 14pt;\" mce-data-marked=\"1\">Fleksibilnost, stabilnost i prenosivost<\/span><\/p>\n<p>Kako prepoznati vrhunskog nail, health &amp; beauty stru\u010dnjaka? Oni su<strong> predani i stalno u pokretu<\/strong> ba\u0161 kao i ova Gemini lampa. Idealna je<strong> za posjete<\/strong> klijentima, lagana, jednostavno se postavlja, <strong>iznimno \u010dvrsta<\/strong> s neizostavnim nosa\u010dem mobilnog telefona. \u017delite vrhunski proizvod najboljeg svjetla? Odaberite Gemini.<\/p>\n<p>&nbsp;<strong>Zna\u010dajke:<\/strong><\/p>\n<ul style=\"list-style-type: disc;\">\n<li>4 razine regulacije svjetlosti: 900 &#8211; 1.700 &#8211; 3.500 &#8211; 4.500 Lux<\/li>\n<li>Temperatura u boji: 6.000 K<\/li>\n<li>Maksimalni domet: 44 cm (17,3 \u2033)<\/li>\n<li>Duljina kabela: 3,5 m (137,8 \u2033)<\/li>\n<li>Dimenzije proizvoda: <span style=\"caret-color: auto;\" mce-data-marked=\"1\">(Vx\u0160xD) 135<\/span><span style=\"caret-color: auto;\" mce-data-marked=\"1\">&nbsp;x 90 x 57 cm&nbsp;<\/span><\/li>\n<li>Te\u017eina: 2,4 kg<\/li>\n<\/ul>\n<p><a href=\"https:\/\/youtu.be\/cTCTBKVOWhU\" target=\"_blank\" rel=\"noopener\">https:\/\/youtu.be\/cTCTBKVOWhU<\/a><\/p>\n","protected":false},"excerpt":{"rendered":"<p>Informacije o proizvodu: Fleksibilnost, stabilnost i prenosivost Kako prepoznati vrhunskog nail, health &amp; beauty stru\u010dnjaka? Oni su predani i stalno u pokretu ba\u0161 kao i ova Gemini lampa. Idealna je za posjete klijentima, lagana, jednostavno se postavlja, iznimno \u010dvrsta s neizostavnim nosa\u010dem mobilnog telefona. \u017delite vrhunski proizvod najboljeg svjetla? Odaberite Gemini. &nbsp;Zna\u010dajke: 4 razine regulacije [&hellip;]<\/p>\n","protected":false},"featured_media":9235,"comment_status":"closed","ping_status":"closed","template":"","meta":[],"product_brand":[59],"product_cat":[107],"product_tag":[],"class_list":{"0":"post-9241","1":"product","2":"type-product","3":"status-publish","4":"has-post-thumbnail","6":"product_brand-daylight","7":"product_cat-rasvjeta-za-salone","9":"first","10":"instock","11":"shipping-taxable","12":"purchasable","13":"product-type-simple"},"_links":{"self":[{"href":"https:\/\/www.arty-nails.org\/web_shop\/wp-json\/wp\/v2\/product\/9241","targetHints":{"allow":["GET"]}}],"collection":[{"href":"https:\/\/www.arty-nails.org\/web_shop\/wp-json\/wp\/v2\/product"}],"about":[{"href":"https:\/\/www.arty-nails.org\/web_shop\/wp-json\/wp\/v2\/types\/product"}],"replies":[{"embeddable":true,"href":"https:\/\/www.arty-nails.org\/web_shop\/wp-json\/wp\/v2\/comments?post=9241"}],"wp:featuredmedia":[{"embeddable":true,"href":"https:\/\/www.arty-nails.org\/web_shop\/wp-json\/wp\/v2\/media\/9235"}],"wp:attachment":[{"href":"https:\/\/www.arty-nails.org\/web_shop\/wp-json\/wp\/v2\/media?parent=9241"}],"wp:term":[{"taxonomy":"product_brand","embeddable":true,"href":"https:\/\/www.arty-nails.org\/web_shop\/wp-json\/wp\/v2\/product_brand?post=9241"},{"taxonomy":"product_cat","embeddable":true,"href":"https:\/\/www.arty-nails.org\/web_shop\/wp-json\/wp\/v2\/product_cat?post=9241"},{"taxonomy":"product_tag","embeddable":true,"href":"https:\/\/www.arty-nails.org\/web_shop\/wp-json\/wp\/v2\/product_tag?post=9241"}],"curies":[{"name":"wp","href":"https:\/\/api.w.org\/{rel}","templated":true}]}}