{"id":9280,"date":"2019-11-03T12:24:12","date_gmt":"2019-11-03T11:24:12","guid":{"rendered":"https:\/\/www.arty-nails.org\/web_shop\/product\/lotus-bio-glitter-2387\/"},"modified":"2025-11-21T22:36:38","modified_gmt":"2025-11-21T21:36:38","slug":"lecente-river-bioglitter","status":"publish","type":"product","link":"https:\/\/www.arty-nails.org\/web_shop\/proizvod\/lecente-river-bioglitter\/","title":{"rendered":"LECENT\u00c9 RIVER BIOGLITTER"},"content":{"rendered":"<p>Informacije o proizvodu:<\/p>\n<p>Lecente Cosmetic Bioglitter<\/p>\n<p>Lecente je poja\u010dao svoju kolekciju i kvalitetu sa novim Biogliterima koji doprinose jo\u0161 boljoj kvaliteti te osvje\u0161tenosti za o\u010duvanje prirode.<\/p>\n<p>Lecente Bioglitteri su za po\u010detak lansirani u 6 osnovnih boja koje su proizvedene isklju\u010divo od prirodnih materijala, isklju\u010duju\u0107i kori\u0161tenje sintetike i umjetnih materijala kao bazni materijal. Proizvod je testiran i nezaga\u0111uje okoli\u0161.<\/p>\n<p>Lesente Bioglitter je zamijenio poliesterski film koji se nalazi u uobi\u010dajenim gliterima sa celuloznom formom iz debla stabala, prvenstveno iz biljke eukaliptusa sa certifikatom za\u0161ti\u0107enih planta\u017ea koje su namjenjene isklju\u010divo za ovu primjenu proizvodnje.<\/p>\n<p>Lecente Bioglitter osnovni detalji<\/p>\n<p>*proizvod je testiran kao visokokvalitetan te nezaga\u0111uje okoli\u0161<\/p>\n<p>*87% biogradacija je u postojana u 28 dana<\/p>\n<p>*proizvod je u 92% oslobo\u0111en umjetnih materijala<\/p>\n<p>*bez GMO supstanci<\/p>\n<p>*nema toksi\u010dnih materijala<\/p>\n<p>*precizan nanos, svilenkaste teksture i svjetlucavi sjaj<\/p>\n<p>*pogodan za vegane, vegetarijance i osobe sklone alergijama<\/p>\n<p>*rok trajanja je 3 godine, ako se proizvod ispravno koristi i skladi\u0161ti<\/p>\n<p>*mo\u017ee se koristiti na zavr\u0161ni sjaj odabranog gel polisha, gela ili se mje\u0161ati sa akrilnim puderima<\/p>\n<p>*nesmije se mje\u0161ati unutar trajnih lakova ili gelova<\/p>\n<p>*koristiti isklju\u010divo za izradu noktiju<\/p>\n<p>Pakovanje<\/p>\n<p>Lecente Bioglitter je pakovan u biorazgradivom pakovanju kako bi se za\u0161titio i sa\u010duvao okoli\u0161.<\/p>\n<p>&nbsp;<\/p>\n","protected":false},"excerpt":{"rendered":"<p>Informacije o proizvodu: Lecente Cosmetic Bioglitter Lecente je poja\u010dao svoju kolekciju i kvalitetu sa novim Biogliterima koji doprinose jo\u0161 boljoj kvaliteti te osvje\u0161tenosti za o\u010duvanje prirode. Lecente Bioglitteri su za po\u010detak lansirani u 6 osnovnih boja koje su proizvedene isklju\u010divo od prirodnih materijala, isklju\u010duju\u0107i kori\u0161tenje sintetike i umjetnih materijala kao bazni materijal. Proizvod je testiran [&hellip;]<\/p>\n","protected":false},"featured_media":9278,"comment_status":"closed","ping_status":"closed","template":"","meta":[],"product_brand":[57],"product_cat":[119],"product_tag":[],"class_list":{"0":"post-9280","1":"product","2":"type-product","3":"status-publish","4":"has-post-thumbnail","6":"product_brand-lecente","7":"product_cat-bioglitter","9":"first","10":"instock","11":"sale","12":"shipping-taxable","13":"purchasable","14":"product-type-simple"},"_links":{"self":[{"href":"https:\/\/www.arty-nails.org\/web_shop\/wp-json\/wp\/v2\/product\/9280","targetHints":{"allow":["GET"]}}],"collection":[{"href":"https:\/\/www.arty-nails.org\/web_shop\/wp-json\/wp\/v2\/product"}],"about":[{"href":"https:\/\/www.arty-nails.org\/web_shop\/wp-json\/wp\/v2\/types\/product"}],"replies":[{"embeddable":true,"href":"https:\/\/www.arty-nails.org\/web_shop\/wp-json\/wp\/v2\/comments?post=9280"}],"wp:featuredmedia":[{"embeddable":true,"href":"https:\/\/www.arty-nails.org\/web_shop\/wp-json\/wp\/v2\/media\/9278"}],"wp:attachment":[{"href":"https:\/\/www.arty-nails.org\/web_shop\/wp-json\/wp\/v2\/media?parent=9280"}],"wp:term":[{"taxonomy":"product_brand","embeddable":true,"href":"https:\/\/www.arty-nails.org\/web_shop\/wp-json\/wp\/v2\/product_brand?post=9280"},{"taxonomy":"product_cat","embeddable":true,"href":"https:\/\/www.arty-nails.org\/web_shop\/wp-json\/wp\/v2\/product_cat?post=9280"},{"taxonomy":"product_tag","embeddable":true,"href":"https:\/\/www.arty-nails.org\/web_shop\/wp-json\/wp\/v2\/product_tag?post=9280"}],"curies":[{"name":"wp","href":"https:\/\/api.w.org\/{rel}","templated":true}]}}