{"id":9296,"date":"2019-11-14T10:54:44","date_gmt":"2019-11-14T09:54:44","guid":{"rendered":"https:\/\/www.arty-nails.org\/web_shop\/product\/nastavak-diamond-173524040n-0133-2068-2068\/"},"modified":"2026-02-02T10:18:39","modified_gmt":"2026-02-02T09:18:39","slug":"nastavak-diamond-806-104-263-534-060n-0385","status":"publish","type":"product","link":"https:\/\/www.arty-nails.org\/web_shop\/proizvod\/nastavak-diamond-806-104-263-534-060n-0385\/","title":{"rendered":"NASTAVAK DIAMOND 806 104 263 534 060N &#8211; 0385"},"content":{"rendered":"<h1>Dijamantni nastavak \u00d8 4.7 mm<br \/>\ngrubo zrno, oblik pupoljaka<\/h1>\n<p>Svi na\u0161i nastavci imaju certifikate o kvaliteti.<\/p>\n<p>Dijamantna brusilica za prirodne nokte i ro\u017enicu (njega ruku, stopala i podijatrija):<br \/>\n\u2022 Obrada\u00a0ro\u017enice\u00a0i noktiju<br \/>\n\u2022\u00a0Uklanjanje\u00a0kutikula i nabora nokta (korekcija nabora nokta)<br \/>\n\u2022 Dug vijek trajanja<br \/>\n\u2022 Glatko poravnavanje<\/p>\n<p>Oblik pupoljka slu\u017ei za uklanjanje po\u010detne ro\u017enice.\u00a0Ovaj se dijamantni nastavak mo\u017ee koristiti u mokroj i suhoj tehnologiji.\u00a0U njezi stopala i podijatriji, ova brusilica za dijamant pogodna je za rad na prirodnim noktima i na zaprljanoj ko\u017ei.<\/p>\n<p>Dijamantna brusilica Podru\u010dje primjene umjetnog nokta (studio za nokte):<br \/>\n\u2022 Obrada umjetnih noktiju<br \/>\n\u2022 Dug radni vijek<\/p>\n<h3><\/h3>\n<p>PU: 1<br \/>\nbrzina: max.\u00a030.000 o \/ min<br \/>\n(\u00a0preporu\u010dena\u00a0brzina 40-50% najve\u0107e brzine)<\/p>\n","protected":false},"excerpt":{"rendered":"<p>Dijamantni nastavak \u00d8 4.7 mm grubo zrno, oblik pupoljaka Svi na\u0161i nastavci imaju certifikate o kvaliteti. Dijamantna brusilica za prirodne nokte i ro\u017enicu (njega ruku, stopala i podijatrija): \u2022 Obrada\u00a0ro\u017enice\u00a0i noktiju \u2022\u00a0Uklanjanje\u00a0kutikula i nabora nokta (korekcija nabora nokta) \u2022 Dug vijek trajanja \u2022 Glatko poravnavanje Oblik pupoljka slu\u017ei za uklanjanje po\u010detne ro\u017enice.\u00a0Ovaj se dijamantni nastavak [&hellip;]<\/p>\n","protected":false},"featured_media":21107,"comment_status":"closed","ping_status":"closed","template":"","meta":[],"product_brand":[],"product_cat":[263],"product_tag":[],"class_list":{"0":"post-9296","1":"product","2":"type-product","3":"status-publish","4":"has-post-thumbnail","6":"product_cat-dijamantni-nastavci","8":"first","9":"instock","10":"shipping-taxable","11":"purchasable","12":"product-type-simple"},"_links":{"self":[{"href":"https:\/\/www.arty-nails.org\/web_shop\/wp-json\/wp\/v2\/product\/9296","targetHints":{"allow":["GET"]}}],"collection":[{"href":"https:\/\/www.arty-nails.org\/web_shop\/wp-json\/wp\/v2\/product"}],"about":[{"href":"https:\/\/www.arty-nails.org\/web_shop\/wp-json\/wp\/v2\/types\/product"}],"replies":[{"embeddable":true,"href":"https:\/\/www.arty-nails.org\/web_shop\/wp-json\/wp\/v2\/comments?post=9296"}],"wp:featuredmedia":[{"embeddable":true,"href":"https:\/\/www.arty-nails.org\/web_shop\/wp-json\/wp\/v2\/media\/21107"}],"wp:attachment":[{"href":"https:\/\/www.arty-nails.org\/web_shop\/wp-json\/wp\/v2\/media?parent=9296"}],"wp:term":[{"taxonomy":"product_brand","embeddable":true,"href":"https:\/\/www.arty-nails.org\/web_shop\/wp-json\/wp\/v2\/product_brand?post=9296"},{"taxonomy":"product_cat","embeddable":true,"href":"https:\/\/www.arty-nails.org\/web_shop\/wp-json\/wp\/v2\/product_cat?post=9296"},{"taxonomy":"product_tag","embeddable":true,"href":"https:\/\/www.arty-nails.org\/web_shop\/wp-json\/wp\/v2\/product_tag?post=9296"}],"curies":[{"name":"wp","href":"https:\/\/api.w.org\/{rel}","templated":true}]}}