{"id":9346,"date":"2019-12-02T15:38:47","date_gmt":"2019-12-02T14:38:47","guid":{"rendered":"https:\/\/www.arty-nails.org\/web_shop\/product\/arty-nails-cuticle-remover-15-ml\/"},"modified":"2026-02-02T09:57:08","modified_gmt":"2026-02-02T08:57:08","slug":"arty-nails-cuticle-remover-15-ml","status":"publish","type":"product","link":"https:\/\/www.arty-nails.org\/web_shop\/proizvod\/arty-nails-cuticle-remover-15-ml\/","title":{"rendered":"ARTY NAILS ODSTRANJIVA\u010c ZANOKTICA 30 ml"},"content":{"rendered":"<div dir=\"auto\">Savr\u0161eni nokti po\u010dinju s njegovanom ko\u017eom oko njih.<\/div>\n<div dir=\"auto\">Zaboravite na bolno uklanjanje zanoktica i beskrajno \u010dekanje da proizvodi djeluju. Na\u0161a teku\u0107ina za odstranjivanje zanoktica nje\u017eno, ali u\u010dinkovito uklanja mrtvu ko\u017eu i zanoktice u svega nekoliko trenutaka. Bez masnog sloja, bez iritacija, bez \u010dekanja.<\/div>\n<div dir=\"auto\"><\/div>\n<div dir=\"auto\">Do\u017eivite onaj osje\u0107aj kad su vam ruke dotjerane, uredne i mekane \u2014 spremne za dodire, fotografije i poglede. Jer njegovana ruka govori vi\u0161e od rije\u010di.<\/div>\n<div dir=\"auto\"><\/div>\n<div dir=\"auto\">Brzo, \u010disto, jednostavno.<\/div>\n<div dir=\"auto\">Dajte svojim noktima tretman kakav zaslu\u017euju. Isprobajte na\u0161u teku\u0107inu i otkrijte za\u0161to \u017eene obo\u017eavaju taj osje\u0107aj lagodnosti i njege ve\u0107 nakon prve uporabe.<\/div>\n<div dir=\"auto\"><\/div>\n<div dir=\"auto\">Va\u0161a nova beauty rutina po\u010dinje ovdje.<\/div>\n<div dir=\"auto\"><\/div>\n<div dir=\"auto\">Novo ekonomi\u010dno pakovanje od 30 ml.<\/div>\n","protected":false},"excerpt":{"rendered":"<p>Savr\u0161eni nokti po\u010dinju s njegovanom ko\u017eom oko njih. Zaboravite na bolno uklanjanje zanoktica i beskrajno \u010dekanje da proizvodi djeluju. Na\u0161a teku\u0107ina za odstranjivanje zanoktica nje\u017eno, ali u\u010dinkovito uklanja mrtvu ko\u017eu i zanoktice u svega nekoliko trenutaka. Bez masnog sloja, bez iritacija, bez \u010dekanja. Do\u017eivite onaj osje\u0107aj kad su vam ruke dotjerane, uredne i mekane \u2014 [&hellip;]<\/p>\n","protected":false},"featured_media":40648,"comment_status":"closed","ping_status":"closed","template":"","meta":[],"product_brand":[55],"product_cat":[143,136],"product_tag":[],"class_list":{"0":"post-9346","1":"product","2":"type-product","3":"status-publish","4":"has-post-thumbnail","6":"product_brand-arty-nails","7":"product_cat-arty-nails-tekucine","8":"product_cat-pripremne-tekucine","10":"first","11":"instock","12":"shipping-taxable","13":"purchasable","14":"product-type-simple"},"_links":{"self":[{"href":"https:\/\/www.arty-nails.org\/web_shop\/wp-json\/wp\/v2\/product\/9346","targetHints":{"allow":["GET"]}}],"collection":[{"href":"https:\/\/www.arty-nails.org\/web_shop\/wp-json\/wp\/v2\/product"}],"about":[{"href":"https:\/\/www.arty-nails.org\/web_shop\/wp-json\/wp\/v2\/types\/product"}],"replies":[{"embeddable":true,"href":"https:\/\/www.arty-nails.org\/web_shop\/wp-json\/wp\/v2\/comments?post=9346"}],"wp:featuredmedia":[{"embeddable":true,"href":"https:\/\/www.arty-nails.org\/web_shop\/wp-json\/wp\/v2\/media\/40648"}],"wp:attachment":[{"href":"https:\/\/www.arty-nails.org\/web_shop\/wp-json\/wp\/v2\/media?parent=9346"}],"wp:term":[{"taxonomy":"product_brand","embeddable":true,"href":"https:\/\/www.arty-nails.org\/web_shop\/wp-json\/wp\/v2\/product_brand?post=9346"},{"taxonomy":"product_cat","embeddable":true,"href":"https:\/\/www.arty-nails.org\/web_shop\/wp-json\/wp\/v2\/product_cat?post=9346"},{"taxonomy":"product_tag","embeddable":true,"href":"https:\/\/www.arty-nails.org\/web_shop\/wp-json\/wp\/v2\/product_tag?post=9346"}],"curies":[{"name":"wp","href":"https:\/\/api.w.org\/{rel}","templated":true}]}}