{"id":9440,"date":"2020-02-21T14:20:58","date_gmt":"2020-02-21T13:20:58","guid":{"rendered":"https:\/\/www.arty-nails.org\/web_shop\/product\/arty-nails-raspa-za-pedikuru-dugotrajna\/"},"modified":"2026-02-02T10:05:24","modified_gmt":"2026-02-02T09:05:24","slug":"arty-nails-raspa-za-pedikuru-dugotrajna","status":"publish","type":"product","link":"https:\/\/www.arty-nails.org\/web_shop\/proizvod\/arty-nails-raspa-za-pedikuru-dugotrajna\/","title":{"rendered":"ARTY NAILS RA\u0160PA ZA PEDIKURU DUGOTRAJNA"},"content":{"rendered":"<p style=\"text-align: left;\">Dugotrajna ra\u0161pa za stopala. Periva i pogodna za vi\u0161ekratnu upotrebu. Ima dvije razli\u010dite strane te je lagana i ergonomski oblikovana za lak\u0161i rad.<\/p>\n","protected":false},"excerpt":{"rendered":"<p>Dugotrajna ra\u0161pa za stopala. Periva i pogodna za vi\u0161ekratnu upotrebu. Ima dvije razli\u010dite strane te je lagana i ergonomski oblikovana za lak\u0161i rad.<\/p>\n","protected":false},"featured_media":9435,"comment_status":"closed","ping_status":"closed","template":"","meta":[],"product_brand":[55],"product_cat":[152,148,124,197],"product_tag":[],"class_list":{"0":"post-9440","1":"product","2":"type-product","3":"status-publish","4":"has-post-thumbnail","6":"product_brand-arty-nails","7":"product_cat-arty-nails-pedikura","8":"product_cat-arty-nails-turpije-i-bufferi","9":"product_cat-pribor-za-pedikuru","10":"product_cat-turpije-za-pedikuru","12":"first","13":"instock","14":"shipping-taxable","15":"purchasable","16":"product-type-simple"},"_links":{"self":[{"href":"https:\/\/www.arty-nails.org\/web_shop\/wp-json\/wp\/v2\/product\/9440","targetHints":{"allow":["GET"]}}],"collection":[{"href":"https:\/\/www.arty-nails.org\/web_shop\/wp-json\/wp\/v2\/product"}],"about":[{"href":"https:\/\/www.arty-nails.org\/web_shop\/wp-json\/wp\/v2\/types\/product"}],"replies":[{"embeddable":true,"href":"https:\/\/www.arty-nails.org\/web_shop\/wp-json\/wp\/v2\/comments?post=9440"}],"wp:featuredmedia":[{"embeddable":true,"href":"https:\/\/www.arty-nails.org\/web_shop\/wp-json\/wp\/v2\/media\/9435"}],"wp:attachment":[{"href":"https:\/\/www.arty-nails.org\/web_shop\/wp-json\/wp\/v2\/media?parent=9440"}],"wp:term":[{"taxonomy":"product_brand","embeddable":true,"href":"https:\/\/www.arty-nails.org\/web_shop\/wp-json\/wp\/v2\/product_brand?post=9440"},{"taxonomy":"product_cat","embeddable":true,"href":"https:\/\/www.arty-nails.org\/web_shop\/wp-json\/wp\/v2\/product_cat?post=9440"},{"taxonomy":"product_tag","embeddable":true,"href":"https:\/\/www.arty-nails.org\/web_shop\/wp-json\/wp\/v2\/product_tag?post=9440"}],"curies":[{"name":"wp","href":"https:\/\/api.w.org\/{rel}","templated":true}]}}