{"id":9596,"date":"2020-04-20T14:30:02","date_gmt":"2020-04-20T12:30:02","guid":{"rendered":"https:\/\/www.arty-nails.org\/web_shop\/product\/mollon-pro-jastucic-za-manikuru-bijeli\/"},"modified":"2026-02-04T08:42:39","modified_gmt":"2026-02-04T07:42:39","slug":"mollon-pro-jastucic-za-manikuru-bijeli","status":"publish","type":"product","link":"https:\/\/www.arty-nails.org\/web_shop\/proizvod\/mollon-pro-jastucic-za-manikuru-bijeli\/","title":{"rendered":"MOLLON PRO JASTU\u010cI\u0106 ZA MANIKURU BIJELI"},"content":{"rendered":"<p>Profesionalni jastu\u010di\u0107 za manikuru. Omogu\u0107ava udobnost tijekom tretmana. Napravljen od pjene, u navlaci od glatke sinteti\u010dke ko\u017ee koja se zatvara samoljepljivom trakom. Dostupan u bijeloj i crnoj boji. Dimenzije: 300 x 140 x 70 mm.<\/p>\n","protected":false},"excerpt":{"rendered":"<p>Profesionalni jastu\u010di\u0107 za manikuru. Omogu\u0107ava udobnost tijekom tretmana. Napravljen od pjene, u navlaci od glatke sinteti\u010dke ko\u017ee koja se zatvara samoljepljivom trakom. Dostupan u bijeloj i crnoj boji. Dimenzije: 300 x 140 x 70 mm.<\/p>\n","protected":false},"featured_media":6523,"comment_status":"closed","ping_status":"closed","template":"","meta":[],"product_brand":[56],"product_cat":[165],"product_tag":[],"class_list":{"0":"post-9596","1":"product","2":"type-product","3":"status-publish","4":"has-post-thumbnail","6":"product_brand-mollon-pro","7":"product_cat-oprema-za-rad","9":"first","10":"instock","11":"shipping-taxable","12":"purchasable","13":"product-type-simple"},"_links":{"self":[{"href":"https:\/\/www.arty-nails.org\/web_shop\/wp-json\/wp\/v2\/product\/9596","targetHints":{"allow":["GET"]}}],"collection":[{"href":"https:\/\/www.arty-nails.org\/web_shop\/wp-json\/wp\/v2\/product"}],"about":[{"href":"https:\/\/www.arty-nails.org\/web_shop\/wp-json\/wp\/v2\/types\/product"}],"replies":[{"embeddable":true,"href":"https:\/\/www.arty-nails.org\/web_shop\/wp-json\/wp\/v2\/comments?post=9596"}],"wp:featuredmedia":[{"embeddable":true,"href":"https:\/\/www.arty-nails.org\/web_shop\/wp-json\/wp\/v2\/media\/6523"}],"wp:attachment":[{"href":"https:\/\/www.arty-nails.org\/web_shop\/wp-json\/wp\/v2\/media?parent=9596"}],"wp:term":[{"taxonomy":"product_brand","embeddable":true,"href":"https:\/\/www.arty-nails.org\/web_shop\/wp-json\/wp\/v2\/product_brand?post=9596"},{"taxonomy":"product_cat","embeddable":true,"href":"https:\/\/www.arty-nails.org\/web_shop\/wp-json\/wp\/v2\/product_cat?post=9596"},{"taxonomy":"product_tag","embeddable":true,"href":"https:\/\/www.arty-nails.org\/web_shop\/wp-json\/wp\/v2\/product_tag?post=9596"}],"curies":[{"name":"wp","href":"https:\/\/api.w.org\/{rel}","templated":true}]}}