{"id":9602,"date":"2014-06-06T13:06:44","date_gmt":"2014-06-06T11:06:44","guid":{"rendered":"https:\/\/www.arty-nails.org\/web_shop\/product\/promed-zamjenski-filter-za-mini-usisivac-prasine\/"},"modified":"2023-12-22T09:05:04","modified_gmt":"2023-12-22T08:05:04","slug":"promed-zamjenski-filter-za-mini-usisivac-prasine","status":"publish","type":"product","link":"https:\/\/www.arty-nails.org\/web_shop\/proizvod\/promed-zamjenski-filter-za-mini-usisivac-prasine\/","title":{"rendered":"PROMED ZAMJENSKI FILTER ZA MINI USISIVA\u010c PRA\u0160INE"},"content":{"rendered":"<ul style=\"list-style-type: disc;\">\n<li>Veli\u010dina: 18 x 18cm<\/li>\n<li>Lagan za izmjenu i\u00a0\u010di\u0161\u0107enje<\/li>\n<li>Perivo<\/li>\n<\/ul>\n","protected":false},"excerpt":{"rendered":"<p>Veli\u010dina: 18 x 18cm Lagan za izmjenu i\u00a0\u010di\u0161\u0107enje Perivo<\/p>\n","protected":false},"featured_media":7021,"comment_status":"closed","ping_status":"closed","template":"","meta":[],"product_brand":[53],"product_cat":[102],"product_tag":[],"class_list":{"0":"post-9602","1":"product","2":"type-product","3":"status-publish","4":"has-post-thumbnail","6":"product_brand-promed","7":"product_cat-usisivaci","9":"first","10":"instock","11":"shipping-taxable","12":"purchasable","13":"product-type-simple"},"_links":{"self":[{"href":"https:\/\/www.arty-nails.org\/web_shop\/wp-json\/wp\/v2\/product\/9602","targetHints":{"allow":["GET"]}}],"collection":[{"href":"https:\/\/www.arty-nails.org\/web_shop\/wp-json\/wp\/v2\/product"}],"about":[{"href":"https:\/\/www.arty-nails.org\/web_shop\/wp-json\/wp\/v2\/types\/product"}],"replies":[{"embeddable":true,"href":"https:\/\/www.arty-nails.org\/web_shop\/wp-json\/wp\/v2\/comments?post=9602"}],"wp:featuredmedia":[{"embeddable":true,"href":"https:\/\/www.arty-nails.org\/web_shop\/wp-json\/wp\/v2\/media\/7021"}],"wp:attachment":[{"href":"https:\/\/www.arty-nails.org\/web_shop\/wp-json\/wp\/v2\/media?parent=9602"}],"wp:term":[{"taxonomy":"product_brand","embeddable":true,"href":"https:\/\/www.arty-nails.org\/web_shop\/wp-json\/wp\/v2\/product_brand?post=9602"},{"taxonomy":"product_cat","embeddable":true,"href":"https:\/\/www.arty-nails.org\/web_shop\/wp-json\/wp\/v2\/product_cat?post=9602"},{"taxonomy":"product_tag","embeddable":true,"href":"https:\/\/www.arty-nails.org\/web_shop\/wp-json\/wp\/v2\/product_tag?post=9602"}],"curies":[{"name":"wp","href":"https:\/\/api.w.org\/{rel}","templated":true}]}}