{"id":9608,"date":"2020-04-20T14:31:18","date_gmt":"2020-04-20T12:31:18","guid":{"rendered":"https:\/\/www.arty-nails.org\/web_shop\/product\/mollon-pro-jastucic-za-manikuru-crni\/"},"modified":"2026-02-04T08:42:38","modified_gmt":"2026-02-04T07:42:38","slug":"mollon-pro-jastucic-za-manikuru-crni","status":"publish","type":"product","link":"https:\/\/www.arty-nails.org\/web_shop\/proizvod\/mollon-pro-jastucic-za-manikuru-crni\/","title":{"rendered":"MOLLON PRO JASTU\u010cI\u0106 ZA MANIKURU CRNI"},"content":{"rendered":"<p>Profesionalni jastu\u010di\u0107 za manikuru. Omogu\u0107ava udobnost tijekom tretmana. Napravljen od pjene, u navlaci od glatke sinteti\u010dke ko\u017ee koja se zatvara samoljepljivom trakom. Dostupan u bijeloj i crnoj boji. Dimenzije: 300 x 140 x 70 mm.<\/p>\n","protected":false},"excerpt":{"rendered":"<p>Profesionalni jastu\u010di\u0107 za manikuru. Omogu\u0107ava udobnost tijekom tretmana. Napravljen od pjene, u navlaci od glatke sinteti\u010dke ko\u017ee koja se zatvara samoljepljivom trakom. Dostupan u bijeloj i crnoj boji. Dimenzije: 300 x 140 x 70 mm.<\/p>\n","protected":false},"featured_media":9607,"comment_status":"closed","ping_status":"closed","template":"","meta":[],"product_brand":[56],"product_cat":[165],"product_tag":[],"class_list":{"0":"post-9608","1":"product","2":"type-product","3":"status-publish","4":"has-post-thumbnail","6":"product_brand-mollon-pro","7":"product_cat-oprema-za-rad","9":"first","10":"instock","11":"shipping-taxable","12":"purchasable","13":"product-type-simple"},"_links":{"self":[{"href":"https:\/\/www.arty-nails.org\/web_shop\/wp-json\/wp\/v2\/product\/9608","targetHints":{"allow":["GET"]}}],"collection":[{"href":"https:\/\/www.arty-nails.org\/web_shop\/wp-json\/wp\/v2\/product"}],"about":[{"href":"https:\/\/www.arty-nails.org\/web_shop\/wp-json\/wp\/v2\/types\/product"}],"replies":[{"embeddable":true,"href":"https:\/\/www.arty-nails.org\/web_shop\/wp-json\/wp\/v2\/comments?post=9608"}],"wp:featuredmedia":[{"embeddable":true,"href":"https:\/\/www.arty-nails.org\/web_shop\/wp-json\/wp\/v2\/media\/9607"}],"wp:attachment":[{"href":"https:\/\/www.arty-nails.org\/web_shop\/wp-json\/wp\/v2\/media?parent=9608"}],"wp:term":[{"taxonomy":"product_brand","embeddable":true,"href":"https:\/\/www.arty-nails.org\/web_shop\/wp-json\/wp\/v2\/product_brand?post=9608"},{"taxonomy":"product_cat","embeddable":true,"href":"https:\/\/www.arty-nails.org\/web_shop\/wp-json\/wp\/v2\/product_cat?post=9608"},{"taxonomy":"product_tag","embeddable":true,"href":"https:\/\/www.arty-nails.org\/web_shop\/wp-json\/wp\/v2\/product_tag?post=9608"}],"curies":[{"name":"wp","href":"https:\/\/api.w.org\/{rel}","templated":true}]}}