{"id":9641,"date":"2019-04-17T13:05:16","date_gmt":"2019-04-17T11:05:16","guid":{"rendered":"https:\/\/www.arty-nails.org\/web_shop\/product\/reforma-wedding-cijela-kolekcija\/"},"modified":"2024-10-30T23:33:24","modified_gmt":"2024-10-30T22:33:24","slug":"reforma-wedding-cijela-kolekcija","status":"publish","type":"product","link":"https:\/\/www.arty-nails.org\/web_shop\/proizvod\/reforma-wedding-cijela-kolekcija\/","title":{"rendered":"REFORMA WEDDING KOLEKCIJA TRAJNIH LAKOVA"},"content":{"rendered":"<p>Recite da Wedding kolekciji! Prekrasne nje\u017ene pink nijanse nisu tu samo za va\u0161e vjen\u010danje. U\u017eivajte u njima svaki put kada se osje\u0107ate romanti\u010dno!<\/p>\n<p>Odaberite svih 6 nijansi iz kolekcije:<\/p>\n<ul>\n<li>Flirtini<\/li>\n<li>Milky Pink<\/li>\n<li>Lovestory<\/li>\n<li>4ever<\/li>\n<li>Fall in Love<\/li>\n<li>Happiness<\/li>\n<\/ul>\n","protected":false},"excerpt":{"rendered":"<p>Recite da Wedding kolekciji! Prekrasne nje\u017ene pink nijanse nisu tu samo za va\u0161e vjen\u010danje. U\u017eivajte u njima svaki put kada se osje\u0107ate romanti\u010dno! Odaberite svih 6 nijansi iz kolekcije: Flirtini Milky Pink Lovestory 4ever Fall in Love Happiness<\/p>\n","protected":false},"featured_media":9640,"comment_status":"closed","ping_status":"closed","template":"","meta":[],"product_brand":[50],"product_cat":[172,187,171],"product_tag":[],"class_list":{"0":"post-9641","1":"product","2":"type-product","3":"status-publish","4":"has-post-thumbnail","6":"product_brand-reforma","7":"product_cat-posebne-ponude-reforma","8":"product_cat-reforma-setovi-i-kolekcije-trajnih-lakova","9":"product_cat-setovi-i-kolekcije-trajnih-lakova-reforma","11":"first","12":"instock","13":"sale","14":"shipping-taxable","15":"purchasable","16":"product-type-simple"},"_links":{"self":[{"href":"https:\/\/www.arty-nails.org\/web_shop\/wp-json\/wp\/v2\/product\/9641","targetHints":{"allow":["GET"]}}],"collection":[{"href":"https:\/\/www.arty-nails.org\/web_shop\/wp-json\/wp\/v2\/product"}],"about":[{"href":"https:\/\/www.arty-nails.org\/web_shop\/wp-json\/wp\/v2\/types\/product"}],"replies":[{"embeddable":true,"href":"https:\/\/www.arty-nails.org\/web_shop\/wp-json\/wp\/v2\/comments?post=9641"}],"wp:featuredmedia":[{"embeddable":true,"href":"https:\/\/www.arty-nails.org\/web_shop\/wp-json\/wp\/v2\/media\/9640"}],"wp:attachment":[{"href":"https:\/\/www.arty-nails.org\/web_shop\/wp-json\/wp\/v2\/media?parent=9641"}],"wp:term":[{"taxonomy":"product_brand","embeddable":true,"href":"https:\/\/www.arty-nails.org\/web_shop\/wp-json\/wp\/v2\/product_brand?post=9641"},{"taxonomy":"product_cat","embeddable":true,"href":"https:\/\/www.arty-nails.org\/web_shop\/wp-json\/wp\/v2\/product_cat?post=9641"},{"taxonomy":"product_tag","embeddable":true,"href":"https:\/\/www.arty-nails.org\/web_shop\/wp-json\/wp\/v2\/product_tag?post=9641"}],"curies":[{"name":"wp","href":"https:\/\/api.w.org\/{rel}","templated":true}]}}