{"id":9667,"date":"2020-05-02T22:29:34","date_gmt":"2020-05-02T20:29:34","guid":{"rendered":"https:\/\/www.arty-nails.org\/web_shop\/product\/reforma-cover-base-nude-3-ml-1\/"},"modified":"2025-09-19T14:13:35","modified_gmt":"2025-09-19T12:13:35","slug":"reforma-cover-base-nude-api-3-ml","status":"publish","type":"product","link":"https:\/\/www.arty-nails.org\/web_shop\/proizvod\/reforma-cover-base-nude-api-3-ml\/","title":{"rendered":"REFORMA COVER BASE NUDE API 3 ml &#8211; gradivna baza"},"content":{"rendered":"<p>ReformA predstavlja najtra\u017eenije cover baze s pobolj\u0161anom i stabilnom API (Advanced Product Improvement) formulom, svaka s jedinstvenom nijansom. Ove baze imaju jo\u0161 izvanrednija svojstva samoniveliranja i dostupne su u popularnim pakiranjima.<\/p>\n<p>Va\u017eno je napomenuti da ove API baze, iako imaju imena sli\u010dna svojim prethodnim verzijama (Coconut, White, Nude, Light Pink, Milky), imaju malo druk\u010dije boje. Osim toga, pru\u017eaju pove\u0107anu stabilnost proizvoda i pobolj\u0161ana svojstva prianjanja. Ove prednosti tehni\u010darima \u0107e biti o\u010dite ve\u0107 nakon njihove prve primjene. Za jo\u0161 bolje rezultate rada preporu\u010duje se prije API baze nanijeti jednu od prozirnih baza, Rubber Base ili Base Coat u tankom sloju.<\/p>\n<p>Dobra, \u010dvrsta baza osnova je svake kvalitetne manikure. Zato su inovativne ReformA Cover baze apsolutni hit i broj jedan za tisu\u0107e nail dizajnera diljem svijeta!<\/p>\n<p>ReformA Cover baze mogu se koristiti 2 u 1, kao baza i kao boja, te su idealne za french. Dolaze u vi\u0161e predivnih nijansi boja, od prirodnih do pastelnih i sa sjajnim \u010desticama.<\/p>\n<p>Glavne karakteristike ReformA Cover baza:<\/p>\n<ol>\n<li>Ekstremno su \u010dvrste.<\/li>\n<li>Izdr\u017eljive su i dugotrajne, ne gule se, trajnost je preko 30 dana.<\/li>\n<li>Idealno prekrivaju sve nedostatke prirodnog nokta.<\/li>\n<li>Boje se na njih lako nanose.<\/li>\n<li>Poma\u017eu rast prirodnih noktiju.<\/li>\n<li>Mogu modelirati nokat, zagla\u0111uju sve nepravilnosti.<\/li>\n<li>Delikatno produ\u017euju nokte.<\/li>\n<li>Imaju prekrasne boje.<\/li>\n<\/ol>\n<p>ReformA Cover baze dostupne su u bo\u010dicama od 10 ml, a najtra\u017eenije boje i u mini bo\u010dicama od 3 ml te u velikim pakiranjima od 30 g<\/p>\n<p>Su\u0161enje: u UV lampi 2 min, u LED lampi 1 min.<\/p>\n<p>Na\u010dini upotrebe ReformA Cover baza:<\/p>\n<p><strong>Baza za boju<\/strong><\/p>\n<ol>\n<li>Pripremite nokte kako je uobi\u010dajeno, primijenite Nail Prep dehidrator i Ultrabond primer.<\/li>\n<li>Nanesite Cover bazu po izboru, osu\u0161ite u lampi.<\/li>\n<li>Nanesite prvi sloj boje odabranog trajnog laka, osu\u0161ite.<\/li>\n<li>Nanesite drugi sloj boje odabranog trajnog laka, samo ako je potrebno.<\/li>\n<li>Zatvorite zavr\u0161nim sjajem po izboru.<\/li>\n<\/ol>\n<p><strong>Boja za prirodni izgled<\/strong><\/p>\n<ol>\n<li>Pripremite nokte kako je uobi\u010dajeno, primijenite Nail Prep dehidrator i Ultrabond primer.<\/li>\n<li>Nanesite prvi sloj Cover baze po izboru, osu\u0161ite u lampi.<\/li>\n<li>Nanesite drugi sloj Cover baze po izboru, osu\u0161ite u lampi.<\/li>\n<li>Zatvorite zavr\u0161nim sjajem po izboru.<\/li>\n<\/ol>\n<p><strong>French<\/strong><\/p>\n<ol>\n<li>Pripremite nokte kako je uobi\u010dajeno, primijenite Nail Prep dehidrator i Ultrabond primer.<\/li>\n<li>Nanesite prvi sloj Cover baze po izboru, osu\u0161ite u lampi.<\/li>\n<li>Nanesite drugi sloj Cover baze po izboru, osu\u0161ite u lampi.<\/li>\n<li>Nacrtajte french liniju White Queen trajnim lakom i osu\u0161ite.<\/li>\n<li>Zatvorite zavr\u0161nim sjajem po izboru.<\/li>\n<\/ol>\n","protected":false},"excerpt":{"rendered":"<p>ReformA predstavlja najtra\u017eenije cover baze s pobolj\u0161anom i stabilnom API (Advanced Product Improvement) formulom, svaka s jedinstvenom nijansom. Ove baze imaju jo\u0161 izvanrednija svojstva samoniveliranja i dostupne su u popularnim pakiranjima. Va\u017eno je napomenuti da ove API baze, iako imaju imena sli\u010dna svojim prethodnim verzijama (Coconut, White, Nude, Light Pink, Milky), imaju malo druk\u010dije boje. [&hellip;]<\/p>\n","protected":false},"featured_media":33595,"comment_status":"closed","ping_status":"closed","template":"","meta":[],"product_brand":[50],"product_cat":[174,186],"product_tag":[],"class_list":{"0":"post-9667","1":"product","2":"type-product","3":"status-publish","4":"has-post-thumbnail","6":"product_brand-reforma","7":"product_cat-mini-trajni-lakovi-reforma","8":"product_cat-reforma-mini-trajni-lakovi","10":"first","11":"instock","12":"shipping-taxable","13":"purchasable","14":"product-type-simple"},"_links":{"self":[{"href":"https:\/\/www.arty-nails.org\/web_shop\/wp-json\/wp\/v2\/product\/9667","targetHints":{"allow":["GET"]}}],"collection":[{"href":"https:\/\/www.arty-nails.org\/web_shop\/wp-json\/wp\/v2\/product"}],"about":[{"href":"https:\/\/www.arty-nails.org\/web_shop\/wp-json\/wp\/v2\/types\/product"}],"replies":[{"embeddable":true,"href":"https:\/\/www.arty-nails.org\/web_shop\/wp-json\/wp\/v2\/comments?post=9667"}],"wp:featuredmedia":[{"embeddable":true,"href":"https:\/\/www.arty-nails.org\/web_shop\/wp-json\/wp\/v2\/media\/33595"}],"wp:attachment":[{"href":"https:\/\/www.arty-nails.org\/web_shop\/wp-json\/wp\/v2\/media?parent=9667"}],"wp:term":[{"taxonomy":"product_brand","embeddable":true,"href":"https:\/\/www.arty-nails.org\/web_shop\/wp-json\/wp\/v2\/product_brand?post=9667"},{"taxonomy":"product_cat","embeddable":true,"href":"https:\/\/www.arty-nails.org\/web_shop\/wp-json\/wp\/v2\/product_cat?post=9667"},{"taxonomy":"product_tag","embeddable":true,"href":"https:\/\/www.arty-nails.org\/web_shop\/wp-json\/wp\/v2\/product_tag?post=9667"}],"curies":[{"name":"wp","href":"https:\/\/api.w.org\/{rel}","templated":true}]}}