{"id":9671,"date":"2020-05-02T22:33:11","date_gmt":"2020-05-02T20:33:11","guid":{"rendered":"https:\/\/www.arty-nails.org\/web_shop\/product\/reforma-top-coat-3-ml\/"},"modified":"2024-11-27T22:01:12","modified_gmt":"2024-11-27T21:01:12","slug":"reforma-top-coat-3-ml","status":"publish","type":"product","link":"https:\/\/www.arty-nails.org\/web_shop\/proizvod\/reforma-top-coat-3-ml\/","title":{"rendered":"REFORMA TOP COAT 3 ml"},"content":{"rendered":"<p>Top coat visokog sjaja otporan na ogrebotine, trajnosti preko mjesec dana. Idealan za trajne lakove te za zatvaranje glittera ili nail arta. Koristi se kao zavr\u0161ni sjaj i za gel i akril tehniku. S njime \u0107e svaka boja dulje zadr\u017eati sjaj i ne\u0107e se guliti. Ima ljepljivi sloj koji treba prebrisati cleanerom.<\/p>\n<p>Su\u0161enje: u UV lampi 2 min, u LED lampi 1 min.<\/p>\n","protected":false},"excerpt":{"rendered":"<p>Top coat visokog sjaja otporan na ogrebotine, trajnosti preko mjesec dana. Idealan za trajne lakove te za zatvaranje glittera ili nail arta. Koristi se kao zavr\u0161ni sjaj i za gel i akril tehniku. S njime \u0107e svaka boja dulje zadr\u017eati sjaj i ne\u0107e se guliti. Ima ljepljivi sloj koji treba prebrisati cleanerom. Su\u0161enje: u UV [&hellip;]<\/p>\n","protected":false},"featured_media":9670,"comment_status":"closed","ping_status":"closed","template":"","meta":[],"product_brand":[50],"product_cat":[174,186],"product_tag":[],"class_list":{"0":"post-9671","1":"product","2":"type-product","3":"status-publish","4":"has-post-thumbnail","6":"product_brand-reforma","7":"product_cat-mini-trajni-lakovi-reforma","8":"product_cat-reforma-mini-trajni-lakovi","10":"first","11":"instock","12":"shipping-taxable","13":"purchasable","14":"product-type-simple"},"_links":{"self":[{"href":"https:\/\/www.arty-nails.org\/web_shop\/wp-json\/wp\/v2\/product\/9671","targetHints":{"allow":["GET"]}}],"collection":[{"href":"https:\/\/www.arty-nails.org\/web_shop\/wp-json\/wp\/v2\/product"}],"about":[{"href":"https:\/\/www.arty-nails.org\/web_shop\/wp-json\/wp\/v2\/types\/product"}],"replies":[{"embeddable":true,"href":"https:\/\/www.arty-nails.org\/web_shop\/wp-json\/wp\/v2\/comments?post=9671"}],"wp:featuredmedia":[{"embeddable":true,"href":"https:\/\/www.arty-nails.org\/web_shop\/wp-json\/wp\/v2\/media\/9670"}],"wp:attachment":[{"href":"https:\/\/www.arty-nails.org\/web_shop\/wp-json\/wp\/v2\/media?parent=9671"}],"wp:term":[{"taxonomy":"product_brand","embeddable":true,"href":"https:\/\/www.arty-nails.org\/web_shop\/wp-json\/wp\/v2\/product_brand?post=9671"},{"taxonomy":"product_cat","embeddable":true,"href":"https:\/\/www.arty-nails.org\/web_shop\/wp-json\/wp\/v2\/product_cat?post=9671"},{"taxonomy":"product_tag","embeddable":true,"href":"https:\/\/www.arty-nails.org\/web_shop\/wp-json\/wp\/v2\/product_tag?post=9671"}],"curies":[{"name":"wp","href":"https:\/\/api.w.org\/{rel}","templated":true}]}}