{"id":9673,"date":"2020-05-02T22:34:46","date_gmt":"2020-05-02T20:34:46","guid":{"rendered":"https:\/\/www.arty-nails.org\/web_shop\/product\/reforma-frozen-top-3-ml\/"},"modified":"2024-11-27T22:01:12","modified_gmt":"2024-11-27T21:01:12","slug":"reforma-frozen-top-3-ml","status":"publish","type":"product","link":"https:\/\/www.arty-nails.org\/web_shop\/proizvod\/reforma-frozen-top-3-ml\/","title":{"rendered":"REFORMA FROZEN TOP 3 ml"},"content":{"rendered":"<p><span lang=\"HR\">Revolucionarni ReformA proizvod za mat izgled noktiju, jedinstven na tr\u017ei\u0161tu! Frozen zavr\u0161ni sjaj osim \u0161to daje savr\u0161eni mat efekt na svim bojama trajnog laka, kao i na svakom nail artu, ima jedinstvenu bar\u0161unastu teksturu (na slici mo\u017eete vidjeti razliku izme\u0111u obi\u010dnog mat i Frozen bar\u0161unastog mat zavr\u0161nog sjaja). Mo\u017ee se koristiti na svim trajnim lakovima, gelovima u boji, gel i akril tehnici. Frozen daje dugotrajni mat efekt (trajnost vi\u0161e od mjesec dana) te s njime mo\u017eete stvoriti bezbroj predivnih kreacija. U\u017eivajte u novom bar\u0161unastom izgledu va\u0161ih noktiju!<\/span><\/p>\n<p>Su\u0161enje: u UV lampi 2 min, u LED lampi 1 min.<\/p>\n","protected":false},"excerpt":{"rendered":"<p>Revolucionarni ReformA proizvod za mat izgled noktiju, jedinstven na tr\u017ei\u0161tu! Frozen zavr\u0161ni sjaj osim \u0161to daje savr\u0161eni mat efekt na svim bojama trajnog laka, kao i na svakom nail artu, ima jedinstvenu bar\u0161unastu teksturu (na slici mo\u017eete vidjeti razliku izme\u0111u obi\u010dnog mat i Frozen bar\u0161unastog mat zavr\u0161nog sjaja). Mo\u017ee se koristiti na svim trajnim lakovima, [&hellip;]<\/p>\n","protected":false},"featured_media":9672,"comment_status":"closed","ping_status":"closed","template":"","meta":[],"product_brand":[50],"product_cat":[174,186],"product_tag":[],"class_list":{"0":"post-9673","1":"product","2":"type-product","3":"status-publish","4":"has-post-thumbnail","6":"product_brand-reforma","7":"product_cat-mini-trajni-lakovi-reforma","8":"product_cat-reforma-mini-trajni-lakovi","10":"first","11":"instock","12":"shipping-taxable","13":"purchasable","14":"product-type-simple"},"_links":{"self":[{"href":"https:\/\/www.arty-nails.org\/web_shop\/wp-json\/wp\/v2\/product\/9673","targetHints":{"allow":["GET"]}}],"collection":[{"href":"https:\/\/www.arty-nails.org\/web_shop\/wp-json\/wp\/v2\/product"}],"about":[{"href":"https:\/\/www.arty-nails.org\/web_shop\/wp-json\/wp\/v2\/types\/product"}],"replies":[{"embeddable":true,"href":"https:\/\/www.arty-nails.org\/web_shop\/wp-json\/wp\/v2\/comments?post=9673"}],"wp:featuredmedia":[{"embeddable":true,"href":"https:\/\/www.arty-nails.org\/web_shop\/wp-json\/wp\/v2\/media\/9672"}],"wp:attachment":[{"href":"https:\/\/www.arty-nails.org\/web_shop\/wp-json\/wp\/v2\/media?parent=9673"}],"wp:term":[{"taxonomy":"product_brand","embeddable":true,"href":"https:\/\/www.arty-nails.org\/web_shop\/wp-json\/wp\/v2\/product_brand?post=9673"},{"taxonomy":"product_cat","embeddable":true,"href":"https:\/\/www.arty-nails.org\/web_shop\/wp-json\/wp\/v2\/product_cat?post=9673"},{"taxonomy":"product_tag","embeddable":true,"href":"https:\/\/www.arty-nails.org\/web_shop\/wp-json\/wp\/v2\/product_tag?post=9673"}],"curies":[{"name":"wp","href":"https:\/\/api.w.org\/{rel}","templated":true}]}}