{"id":9712,"date":"2014-06-06T00:30:23","date_gmt":"2014-06-05T22:30:23","guid":{"rendered":"https:\/\/www.arty-nails.org\/web_shop\/product\/promed-rucica-sa1-za-2020-i-2520\/"},"modified":"2023-08-17T09:10:29","modified_gmt":"2023-08-17T07:10:29","slug":"promed-rucica-sa1-za-2020-i-2520","status":"publish","type":"product","link":"https:\/\/www.arty-nails.org\/web_shop\/proizvod\/promed-rucica-sa1-za-2020-i-2520\/","title":{"rendered":"PROMED RU\u010cICA MR20 ZA BRUSILICU 2020"},"content":{"rendered":"<ul style=\"list-style-type: disc;\">\n<li>Promed zamjenska ru\u010dice za brusilicu<\/li>\n<li>Od nehr\u0111aju\u0107eg \u010delika<\/li>\n<li>Ergonomski oblikovana dr\u0161ka, sna\u017ena i bez vibracija<\/li>\n<li>Professional rotiraju\u0107i ovratnik<\/li>\n<li>Sigurnosno zaustavljanje<\/li>\n<li>Te\u017eina: 160 g<\/li>\n<\/ul>\n<p>Molimo Vas da koristite ru\u010dicu MR20 samo za na\u0161u novu brusilicu 2020.<\/p>\n","protected":false},"excerpt":{"rendered":"<p>Promed zamjenska ru\u010dice za brusilicu Od nehr\u0111aju\u0107eg \u010delika Ergonomski oblikovana dr\u0161ka, sna\u017ena i bez vibracija Professional rotiraju\u0107i ovratnik Sigurnosno zaustavljanje Te\u017eina: 160 g Molimo Vas da koristite ru\u010dicu MR20 samo za na\u0161u novu brusilicu 2020.<\/p>\n","protected":false},"featured_media":9711,"comment_status":"closed","ping_status":"closed","template":"","meta":[],"product_brand":[53],"product_cat":[93],"product_tag":[],"class_list":{"0":"post-9712","1":"product","2":"type-product","3":"status-publish","4":"has-post-thumbnail","6":"product_brand-promed","7":"product_cat-brusilice-freze","9":"first","10":"instock","11":"shipping-taxable","12":"purchasable","13":"product-type-simple"},"_links":{"self":[{"href":"https:\/\/www.arty-nails.org\/web_shop\/wp-json\/wp\/v2\/product\/9712","targetHints":{"allow":["GET"]}}],"collection":[{"href":"https:\/\/www.arty-nails.org\/web_shop\/wp-json\/wp\/v2\/product"}],"about":[{"href":"https:\/\/www.arty-nails.org\/web_shop\/wp-json\/wp\/v2\/types\/product"}],"replies":[{"embeddable":true,"href":"https:\/\/www.arty-nails.org\/web_shop\/wp-json\/wp\/v2\/comments?post=9712"}],"wp:featuredmedia":[{"embeddable":true,"href":"https:\/\/www.arty-nails.org\/web_shop\/wp-json\/wp\/v2\/media\/9711"}],"wp:attachment":[{"href":"https:\/\/www.arty-nails.org\/web_shop\/wp-json\/wp\/v2\/media?parent=9712"}],"wp:term":[{"taxonomy":"product_brand","embeddable":true,"href":"https:\/\/www.arty-nails.org\/web_shop\/wp-json\/wp\/v2\/product_brand?post=9712"},{"taxonomy":"product_cat","embeddable":true,"href":"https:\/\/www.arty-nails.org\/web_shop\/wp-json\/wp\/v2\/product_cat?post=9712"},{"taxonomy":"product_tag","embeddable":true,"href":"https:\/\/www.arty-nails.org\/web_shop\/wp-json\/wp\/v2\/product_tag?post=9712"}],"curies":[{"name":"wp","href":"https:\/\/api.w.org\/{rel}","templated":true}]}}