{"id":9725,"date":"2020-06-16T12:48:14","date_gmt":"2020-06-16T10:48:14","guid":{"rendered":"https:\/\/www.arty-nails.org\/web_shop\/product\/daylight-aura-d35450-prstenasta-usb\/"},"modified":"2026-03-16T13:45:41","modified_gmt":"2026-03-16T12:45:41","slug":"daylight-aura-d35450-prstenasta-usb","status":"publish","type":"product","link":"https:\/\/www.arty-nails.org\/web_shop\/proizvod\/daylight-aura-d35450-prstenasta-usb\/","title":{"rendered":"DAYLIGHT AURA PRSTENASTA PODNA LAMPA D35450"},"content":{"rendered":"<p><strong>Informacije o proizvodu:<\/strong><\/p>\n<p><span style=\"font-size: 14pt;\">Prepoznajte svaku nijansu omiljenih boja i poka\u017eite svoje umije\u0107e.<\/span><\/p>\n<p>Idealno za profesionalnu zavr\u0161nu <strong>obradu fotografija<\/strong> i savr\u0161eno uklopljen <strong>make up<\/strong> u bilo koje doba dana i no\u0107i. Snimajte i dijelite zadivljuju\u0107e fotografije i video uratke pomo\u0107u prijenosnog dr\u017ea\u010da za Va\u0161 mobilni telefon. Aura dolazi u laganoj transportnoj torbi zbog \u010dega \u0107e postati Va\u0161 nezamjenjivi suputnik.&nbsp;<\/p>\n<p><strong>Zna\u010dajke:<\/strong><\/p>\n<ul style=\"list-style-type: disc;\">\n<li>CRI: 90+<\/li>\n<li>Prekida\u010d za zatamnjenje<\/li>\n<li>Nosa\u010d mobitela i USB port<\/li>\n<li>Teleskopski stalak<\/li>\n<li>Vijek trajanja LED-a (sati) 50 000<\/li>\n<li>Potro\u0161nja energije 12 W<\/li>\n<li>Lumena 2100 lm Lux na 30 cm: 4,500<\/li>\n<li>Temperatura u boji: 6000 K<\/li>\n<li>Duljina kabela: 3,5 m (137,8 \u2033)<\/li>\n<li>Dimenzije proizvoda: <span style=\"caret-color: auto;\">(Vx\u0160xD) 198<\/span><span style=\"caret-color: auto;\">&nbsp;x 61 x 57,5 cm&nbsp;<\/span><\/li>\n<li>Te\u017eina: 2,6 kg (uklju\u010duju\u0107i torbu)<\/li>\n<\/ul>\n<p><a href=\"https:\/\/youtu.be\/Kb6LvMn495w\" target=\"_blank\" rel=\"noopener\">https:\/\/youtu.be\/Kb6LvMn495w<\/a><\/p>\n","protected":false},"excerpt":{"rendered":"<p>Informacije o proizvodu: Prepoznajte svaku nijansu omiljenih boja i poka\u017eite svoje umije\u0107e. Idealno za profesionalnu zavr\u0161nu obradu fotografija i savr\u0161eno uklopljen make up u bilo koje doba dana i no\u0107i. Snimajte i dijelite zadivljuju\u0107e fotografije i video uratke pomo\u0107u prijenosnog dr\u017ea\u010da za Va\u0161 mobilni telefon. Aura dolazi u laganoj transportnoj torbi zbog \u010dega \u0107e postati [&hellip;]<\/p>\n","protected":false},"featured_media":9715,"comment_status":"closed","ping_status":"closed","template":"","meta":[],"product_brand":[59],"product_cat":[107],"product_tag":[],"class_list":{"0":"post-9725","1":"product","2":"type-product","3":"status-publish","4":"has-post-thumbnail","6":"product_brand-daylight","7":"product_cat-rasvjeta-za-salone","9":"first","10":"instock","11":"shipping-taxable","12":"purchasable","13":"product-type-simple"},"_links":{"self":[{"href":"https:\/\/www.arty-nails.org\/web_shop\/wp-json\/wp\/v2\/product\/9725","targetHints":{"allow":["GET"]}}],"collection":[{"href":"https:\/\/www.arty-nails.org\/web_shop\/wp-json\/wp\/v2\/product"}],"about":[{"href":"https:\/\/www.arty-nails.org\/web_shop\/wp-json\/wp\/v2\/types\/product"}],"replies":[{"embeddable":true,"href":"https:\/\/www.arty-nails.org\/web_shop\/wp-json\/wp\/v2\/comments?post=9725"}],"wp:featuredmedia":[{"embeddable":true,"href":"https:\/\/www.arty-nails.org\/web_shop\/wp-json\/wp\/v2\/media\/9715"}],"wp:attachment":[{"href":"https:\/\/www.arty-nails.org\/web_shop\/wp-json\/wp\/v2\/media?parent=9725"}],"wp:term":[{"taxonomy":"product_brand","embeddable":true,"href":"https:\/\/www.arty-nails.org\/web_shop\/wp-json\/wp\/v2\/product_brand?post=9725"},{"taxonomy":"product_cat","embeddable":true,"href":"https:\/\/www.arty-nails.org\/web_shop\/wp-json\/wp\/v2\/product_cat?post=9725"},{"taxonomy":"product_tag","embeddable":true,"href":"https:\/\/www.arty-nails.org\/web_shop\/wp-json\/wp\/v2\/product_tag?post=9725"}],"curies":[{"name":"wp","href":"https:\/\/api.w.org\/{rel}","templated":true}]}}