{"id":9730,"date":"2020-06-16T18:08:23","date_gmt":"2020-06-16T16:08:23","guid":{"rendered":"https:\/\/www.arty-nails.org\/web_shop\/product\/daylight-slimline-fleksibilna-ruka-s-lupom-d91707\/"},"modified":"2026-03-16T13:45:41","modified_gmt":"2026-03-16T12:45:41","slug":"daylight-slimline-fleksibilna-ruka-s-lupom-d91707","status":"publish","type":"product","link":"https:\/\/www.arty-nails.org\/web_shop\/proizvod\/daylight-slimline-fleksibilna-ruka-s-lupom-d91707\/","title":{"rendered":"DAYLIGHT SLIMLINE FLEKSIBILNA RUKA S LUPOM D91707"},"content":{"rendered":"<p>Pretvorite Slimline u jaku lupu.<\/p>\n<p>Zaka\u010dite ovu ruku s pove\u0107alom za nosa\u010d Slimline lampe kao&nbsp;<strong>\u010dvrst<\/strong>&nbsp;alat za&nbsp;<strong>detaljan<\/strong>&nbsp;rad. Le\u0107a promjera 13 cm bez ruba daje uve\u0107anje 1,75X (3 dioptrije), a njegova fleksibilna ruka omogu\u0107uje jednostavno pozicioniranje. Koristite Slimline pove\u0107alo za fokusiranje zamr\u0161enih dijelova Va\u0161eg rada&nbsp;<strong>bez naprezanja<\/strong>&nbsp;o\u010diju.<\/p>\n<p>&nbsp;<strong>91707 KOMPATIBILNA SA:<\/strong><\/p>\n<ul>\n<li>Slimline 3: (35118), (35108)<\/li>\n<li>Maksimalni domet: 57 cm (22 \u201d)<\/li>\n<li>Dimenzije proizvoda:&nbsp;(Vx\u0160xD) 60&nbsp;x 13 x 10 cm&nbsp;<\/li>\n<li>Te\u017eina: 0,4 kg<\/li>\n<\/ul>\n","protected":false},"excerpt":{"rendered":"<p>Pretvorite Slimline u jaku lupu. Zaka\u010dite ovu ruku s pove\u0107alom za nosa\u010d Slimline lampe kao&nbsp;\u010dvrst&nbsp;alat za&nbsp;detaljan&nbsp;rad. Le\u0107a promjera 13 cm bez ruba daje uve\u0107anje 1,75X (3 dioptrije), a njegova fleksibilna ruka omogu\u0107uje jednostavno pozicioniranje. Koristite Slimline pove\u0107alo za fokusiranje zamr\u0161enih dijelova Va\u0161eg rada&nbsp;bez naprezanja&nbsp;o\u010diju. &nbsp;91707 KOMPATIBILNA SA: Slimline 3: (35118), (35108) Maksimalni domet: 57 cm [&hellip;]<\/p>\n","protected":false},"featured_media":9726,"comment_status":"closed","ping_status":"closed","template":"","meta":[],"product_brand":[59],"product_cat":[107],"product_tag":[],"class_list":{"0":"post-9730","1":"product","2":"type-product","3":"status-publish","4":"has-post-thumbnail","6":"product_brand-daylight","7":"product_cat-rasvjeta-za-salone","9":"first","10":"instock","11":"shipping-taxable","12":"purchasable","13":"product-type-simple"},"_links":{"self":[{"href":"https:\/\/www.arty-nails.org\/web_shop\/wp-json\/wp\/v2\/product\/9730","targetHints":{"allow":["GET"]}}],"collection":[{"href":"https:\/\/www.arty-nails.org\/web_shop\/wp-json\/wp\/v2\/product"}],"about":[{"href":"https:\/\/www.arty-nails.org\/web_shop\/wp-json\/wp\/v2\/types\/product"}],"replies":[{"embeddable":true,"href":"https:\/\/www.arty-nails.org\/web_shop\/wp-json\/wp\/v2\/comments?post=9730"}],"wp:featuredmedia":[{"embeddable":true,"href":"https:\/\/www.arty-nails.org\/web_shop\/wp-json\/wp\/v2\/media\/9726"}],"wp:attachment":[{"href":"https:\/\/www.arty-nails.org\/web_shop\/wp-json\/wp\/v2\/media?parent=9730"}],"wp:term":[{"taxonomy":"product_brand","embeddable":true,"href":"https:\/\/www.arty-nails.org\/web_shop\/wp-json\/wp\/v2\/product_brand?post=9730"},{"taxonomy":"product_cat","embeddable":true,"href":"https:\/\/www.arty-nails.org\/web_shop\/wp-json\/wp\/v2\/product_cat?post=9730"},{"taxonomy":"product_tag","embeddable":true,"href":"https:\/\/www.arty-nails.org\/web_shop\/wp-json\/wp\/v2\/product_tag?post=9730"}],"curies":[{"name":"wp","href":"https:\/\/api.w.org\/{rel}","templated":true}]}}