{"id":9762,"date":"2020-06-17T20:15:13","date_gmt":"2020-06-17T18:15:13","guid":{"rendered":"https:\/\/www.arty-nails.org\/web_shop\/product\/daylight-electra-d35231\/"},"modified":"2026-03-16T13:45:41","modified_gmt":"2026-03-16T12:45:41","slug":"daylight-electra-d35231","status":"publish","type":"product","link":"https:\/\/www.arty-nails.org\/web_shop\/proizvod\/daylight-electra-d35231\/","title":{"rendered":"DAYLIGHT ELECTRA D35231"},"content":{"rendered":"<p>Promijenite temperaturu boje na dodir gumba s elegantnom crnom lampom Electra. Tanka i nenametljiva, lako se postavlja iza stola, kau\u010da ili naslonja\u010da kako biste mogli raditi ili u\u017eivati u hobiju udobno i s jasno\u0107om.<\/p>\n<p>Lako podesite razinu svjetlosti koriste\u0107i regulator na dodir i odaberite temperaturu boje koja najbolje odgovara va\u0161im potrebama: za rad dnevnu svjetlost 6,000K ili hladnu svjetlost 4,000K kako biste jasno vidjeli detalje ili izaberite toplu svjetlost 2,700K kada \u017eelite opu\u0161taju\u0107u atmosferu.&nbsp;Sjenilo protiv blje\u0161tavila osigurava usmjeravanje svjetla na ono \u0161to radite, bez ometanja drugih u istoj prostoriji. Podna lampa Electra ima CRI preko 95, tako da mo\u017eete to\u010dno vidjeti boje u bilo koje doba dana i no\u0107i.<\/p>\n<p>Glavne zna\u010dajke:<\/p>\n<ul>\n<li>podna lampa predivnog crnog satenskog finisha<\/li>\n<li>izbor izme\u0111u tri temperature boje: dnevna svjetlost 6,000K, hladna svjetlost 4,000K i topla svjetlost 2,700K<\/li>\n<li>tankog i nenametljivog dizajna<\/li>\n<li>fleksibilna ruka i rotiraju\u0107e sjenilo za savr\u0161eno pozicioniranje<\/li>\n<li>lako pode\u0161avanje razine svjetlosti uz pomo\u0107 regulatora na dodir<\/li>\n<li>sjenilo protiv blje\u0161tavila osigurava da je svjetlo usmjereno dalje od va\u0161ih o\u010diju i fokusirano tamo gdje \u017eelite<\/li>\n<li>CRI 95+ za iznimnu jasno\u0107u i preciznost boja u bilo koje doba dana i no\u0107i&nbsp;<\/li>\n<\/ul>\n<p>Tehni\u010dki podatci:<\/p>\n<ul>\n<li>Izvor svjetla: LED<\/li>\n<li>Lumena: 800 lm<\/li>\n<li>Lux na 30 cm: 2,500<\/li>\n<li>Temperatura boje svjetlosti: 6,000 K \/ 4,000 K \/ 2,700 K<\/li>\n<li>Potro\u0161nja energije: 13 W<\/li>\n<li>Boja proizvoda: saten crna<\/li>\n<li>Maksimalni domet: 80 cm<\/li>\n<li>Te\u017eina proizvoda: 4 kg<\/li>\n<li>Duljina kabela: 2.2 m<\/li>\n<\/ul>\n","protected":false},"excerpt":{"rendered":"<p>Promijenite temperaturu boje na dodir gumba s elegantnom crnom lampom Electra. Tanka i nenametljiva, lako se postavlja iza stola, kau\u010da ili naslonja\u010da kako biste mogli raditi ili u\u017eivati u hobiju udobno i s jasno\u0107om. Lako podesite razinu svjetlosti koriste\u0107i regulator na dodir i odaberite temperaturu boje koja najbolje odgovara va\u0161im potrebama: za rad dnevnu svjetlost [&hellip;]<\/p>\n","protected":false},"featured_media":9754,"comment_status":"closed","ping_status":"closed","template":"","meta":[],"product_brand":[59],"product_cat":[107],"product_tag":[],"class_list":{"0":"post-9762","1":"product","2":"type-product","3":"status-publish","4":"has-post-thumbnail","6":"product_brand-daylight","7":"product_cat-rasvjeta-za-salone","9":"first","10":"instock","11":"shipping-taxable","12":"purchasable","13":"product-type-simple"},"_links":{"self":[{"href":"https:\/\/www.arty-nails.org\/web_shop\/wp-json\/wp\/v2\/product\/9762","targetHints":{"allow":["GET"]}}],"collection":[{"href":"https:\/\/www.arty-nails.org\/web_shop\/wp-json\/wp\/v2\/product"}],"about":[{"href":"https:\/\/www.arty-nails.org\/web_shop\/wp-json\/wp\/v2\/types\/product"}],"replies":[{"embeddable":true,"href":"https:\/\/www.arty-nails.org\/web_shop\/wp-json\/wp\/v2\/comments?post=9762"}],"wp:featuredmedia":[{"embeddable":true,"href":"https:\/\/www.arty-nails.org\/web_shop\/wp-json\/wp\/v2\/media\/9754"}],"wp:attachment":[{"href":"https:\/\/www.arty-nails.org\/web_shop\/wp-json\/wp\/v2\/media?parent=9762"}],"wp:term":[{"taxonomy":"product_brand","embeddable":true,"href":"https:\/\/www.arty-nails.org\/web_shop\/wp-json\/wp\/v2\/product_brand?post=9762"},{"taxonomy":"product_cat","embeddable":true,"href":"https:\/\/www.arty-nails.org\/web_shop\/wp-json\/wp\/v2\/product_cat?post=9762"},{"taxonomy":"product_tag","embeddable":true,"href":"https:\/\/www.arty-nails.org\/web_shop\/wp-json\/wp\/v2\/product_tag?post=9762"}],"curies":[{"name":"wp","href":"https:\/\/api.w.org\/{rel}","templated":true}]}}