{"id":9830,"date":"2020-08-01T10:17:42","date_gmt":"2020-08-01T08:17:42","guid":{"rendered":"https:\/\/www.arty-nails.org\/web_shop\/product\/arty-nails-hologramske-forme-sablone-za-nokte-250-kom\/"},"modified":"2026-02-02T10:08:16","modified_gmt":"2026-02-02T09:08:16","slug":"arty-nails-hologramske-forme-sablone-za-nokte-250-kom","status":"publish","type":"product","link":"https:\/\/www.arty-nails.org\/web_shop\/proizvod\/arty-nails-hologramske-forme-sablone-za-nokte-250-kom\/","title":{"rendered":"ARTY NAILS HOLOGRAMSKE FORME\/\u0160ABLONE ZA NOKTE DUGE 250 kom"},"content":{"rendered":"<p>Arty Nails Holographic profesionalne \u0161ablone za nokte uz pomo\u0107 kojih \u0107ete lako i jednostavno produ\u017eiti i najzahtjevniju plo\u010du nokta. \u0160ablone su posebno dizajnirane s malim &#8220;u\u0161ima&#8221; koje su ve\u0107 izrezane, tako da vam je jednostavno prilagoditi \u0161ablonu po noktu, \u0161to \u0107e svakako olak\u0161ati va\u0161 rad. Tzv. &#8220;u\u0161i&#8221; omogu\u0107avaju jednostavno postavljanje \u0161ablone, posebice kod prstiju koji su ne\u0161to \u0161iri, \u010dime \u0107ete dobiti savr\u0161enu formu nokta bez pinchanja, stezanja itd. Ljepilo \u0161ablona je \u010dvrsto i ne\u0107e do\u0107i do odljepljivanja tijekom rada.<\/p>\n<p>\u0160ablone su namijenjene kako za profesionalce, tako i za po\u010detnike, a posebice su savr\u0161ene za salonski rad. Duljina \u0161ablona omogu\u0107it \u0107e rad i za posebno duge nokte i posebne forme nokta. \u0160ablona je izrazito \u010dvrsta te se ne\u0107e savijati. Probajte ovaj unikatan proizvod na tr\u017ei\u0161tu i ostavite va\u0161e recenzije.<\/p>\n","protected":false},"excerpt":{"rendered":"<p>Arty Nails Holographic profesionalne \u0161ablone za nokte uz pomo\u0107 kojih \u0107ete lako i jednostavno produ\u017eiti i najzahtjevniju plo\u010du nokta. \u0160ablone su posebno dizajnirane s malim &#8220;u\u0161ima&#8221; koje su ve\u0107 izrezane, tako da vam je jednostavno prilagoditi \u0161ablonu po noktu, \u0161to \u0107e svakako olak\u0161ati va\u0161 rad. Tzv. &#8220;u\u0161i&#8221; omogu\u0107avaju jednostavno postavljanje \u0161ablone, posebice kod prstiju koji [&hellip;]<\/p>\n","protected":false},"featured_media":41334,"comment_status":"closed","ping_status":"closed","template":"","meta":[],"product_brand":[55],"product_cat":[151,122],"product_tag":[],"class_list":{"0":"post-9830","1":"product","2":"type-product","3":"status-publish","4":"has-post-thumbnail","6":"product_brand-arty-nails","7":"product_cat-arty-nails-sablone","8":"product_cat-sablone","10":"first","11":"instock","12":"shipping-taxable","13":"purchasable","14":"product-type-simple"},"_links":{"self":[{"href":"https:\/\/www.arty-nails.org\/web_shop\/wp-json\/wp\/v2\/product\/9830","targetHints":{"allow":["GET"]}}],"collection":[{"href":"https:\/\/www.arty-nails.org\/web_shop\/wp-json\/wp\/v2\/product"}],"about":[{"href":"https:\/\/www.arty-nails.org\/web_shop\/wp-json\/wp\/v2\/types\/product"}],"replies":[{"embeddable":true,"href":"https:\/\/www.arty-nails.org\/web_shop\/wp-json\/wp\/v2\/comments?post=9830"}],"wp:featuredmedia":[{"embeddable":true,"href":"https:\/\/www.arty-nails.org\/web_shop\/wp-json\/wp\/v2\/media\/41334"}],"wp:attachment":[{"href":"https:\/\/www.arty-nails.org\/web_shop\/wp-json\/wp\/v2\/media?parent=9830"}],"wp:term":[{"taxonomy":"product_brand","embeddable":true,"href":"https:\/\/www.arty-nails.org\/web_shop\/wp-json\/wp\/v2\/product_brand?post=9830"},{"taxonomy":"product_cat","embeddable":true,"href":"https:\/\/www.arty-nails.org\/web_shop\/wp-json\/wp\/v2\/product_cat?post=9830"},{"taxonomy":"product_tag","embeddable":true,"href":"https:\/\/www.arty-nails.org\/web_shop\/wp-json\/wp\/v2\/product_tag?post=9830"}],"curies":[{"name":"wp","href":"https:\/\/api.w.org\/{rel}","templated":true}]}}