{"id":9875,"date":"2020-09-11T15:42:25","date_gmt":"2020-09-11T13:42:25","guid":{"rendered":"https:\/\/www.arty-nails.org\/web_shop\/product\/cover-baza-za-trajni-lak-gold-shimmer-10-ml-2734\/"},"modified":"2026-03-10T14:02:47","modified_gmt":"2026-03-10T13:02:47","slug":"reforma-cover-base-gold-shimmer-10-ml","status":"publish","type":"product","link":"https:\/\/www.arty-nails.org\/web_shop\/proizvod\/reforma-cover-base-gold-shimmer-10-ml\/","title":{"rendered":"REFORMA COVER BASE GOLD SHIMMER 10 ml (Hema, TPO free)"},"content":{"rendered":"<p>Dobra, \u010dvrsta baza osnova je svake kvalitetne manikure. Zato su inovativne ReformA Cover baze apsolutni hit i broj jedan za tisu\u0107e nail dizajnera diljem svijeta!<\/p>\n<p>ReformA Cover baze mogu se koristiti 2u1, kao baza i kao boja, te su idealne za french. Dolaze u \u0161est prekrasnih nijansi: Dark Pink, Light Pink, Nude, Pink Nude, Milky i Natural. Ove su nijanse kreirane na temelju naj\u010de\u0161\u0107ih tonova ko\u017ee i boje noktiju kako bi se postigao \u0161to prirodniji izgled.<\/p>\n<p>Glavne karakteristike ReformA Cover baza:<\/p>\n<ol>\n<li>Ekstremno su \u010dvrste.<\/li>\n<li>Izdr\u017eljive su i dugotrajne, ne gule se, trajnost je preko 30 dana.<\/li>\n<li>Idealno prekrivaju sve nedostatke prirodnog nokta.<\/li>\n<li>Boje se na njih lako nanose.<\/li>\n<li>Poma\u017eu rast prirodnih noktiju.<\/li>\n<li>Mogu modelirati nokat, zagla\u0111uju sve nepravilnosti.<\/li>\n<li>Delikatno produ\u017euju nokte.<\/li>\n<li>Imaju prekrasne prirodne boje.<\/li>\n<\/ol>\n<p>ReformA Cover baze dostupne su u bo\u010dicama od 10 ml i od 3 ml.<\/p>\n<p>Su\u0161enje: u UV lampi 2 min, u LED lampi 1 min.<\/p>\n<p>Na\u010dini upotrebe ReformA Cover baza:<\/p>\n<p><strong>French<\/strong><\/p>\n<ol>\n<li>Pripremite nokte kako je uobi\u010dajeno, primijenite Nail Prep dehidrator i Ultrabond primer.<\/li>\n<li>Nanesite prvi sloj Cover baze po izboru, osu\u0161ite u lampi.<\/li>\n<li>Nanesite drugi sloj Cover baze po izboru, osu\u0161ite u lampi.<\/li>\n<li>Nacrtajte french liniju White Queen trajnim lakom i osu\u0161ite.<\/li>\n<li>Zatvorite zavr\u0161nim sjajem po izboru.<\/li>\n<\/ol>\n<p><strong>Baza za boju<\/strong><\/p>\n<ol>\n<li>Pripremite nokte kako je uobi\u010dajeno, primijenite Nail Prep dehidrator i Ultrabond primer.<\/li>\n<li>Nanesite Cover bazu po izboru, osu\u0161ite u lampi.<\/li>\n<li>Nanesite prvi sloj boje odabranog trajnog laka, osu\u0161ite.<\/li>\n<li>Nanesite drugi sloj boje odabranog trajnog laka, osu\u0161ite.<\/li>\n<li>Zatvorite zavr\u0161nim sjajem po izboru.<\/li>\n<\/ol>\n<p><strong>Boja za prirodni izgled<\/strong><\/p>\n<ol>\n<li>Pripremite nokte kako je uobi\u010dajeno, primijenite Nail Prep dehidrator i Ultrabond primer.<\/li>\n<li>Nanesite prvi sloj Cover baze po izboru, osu\u0161ite u lampi.<\/li>\n<li>Nanesite drugi sloj Cover baze po izboru, osu\u0161ite u lampi.<\/li>\n<li>Zatvorite zavr\u0161nim sjajem po izboru.<\/li>\n<\/ol>\n","protected":false},"excerpt":{"rendered":"<p>Dobra, \u010dvrsta baza osnova je svake kvalitetne manikure. Zato su inovativne ReformA Cover baze apsolutni hit i broj jedan za tisu\u0107e nail dizajnera diljem svijeta! ReformA Cover baze mogu se koristiti 2u1, kao baza i kao boja, te su idealne za french. Dolaze u \u0161est prekrasnih nijansi: Dark Pink, Light Pink, Nude, Pink Nude, Milky [&hellip;]<\/p>\n","protected":false},"featured_media":9869,"comment_status":"closed","ping_status":"closed","template":"","meta":[],"product_brand":[50],"product_cat":[97,164],"product_tag":[],"class_list":{"0":"post-9875","1":"product","2":"type-product","3":"status-publish","4":"has-post-thumbnail","6":"product_brand-reforma","7":"product_cat-baze-za-trajni-lak-reforma","8":"product_cat-reforma-baze-za-trajni-lak","10":"first","11":"instock","12":"shipping-taxable","13":"purchasable","14":"product-type-simple"},"_links":{"self":[{"href":"https:\/\/www.arty-nails.org\/web_shop\/wp-json\/wp\/v2\/product\/9875","targetHints":{"allow":["GET"]}}],"collection":[{"href":"https:\/\/www.arty-nails.org\/web_shop\/wp-json\/wp\/v2\/product"}],"about":[{"href":"https:\/\/www.arty-nails.org\/web_shop\/wp-json\/wp\/v2\/types\/product"}],"replies":[{"embeddable":true,"href":"https:\/\/www.arty-nails.org\/web_shop\/wp-json\/wp\/v2\/comments?post=9875"}],"wp:featuredmedia":[{"embeddable":true,"href":"https:\/\/www.arty-nails.org\/web_shop\/wp-json\/wp\/v2\/media\/9869"}],"wp:attachment":[{"href":"https:\/\/www.arty-nails.org\/web_shop\/wp-json\/wp\/v2\/media?parent=9875"}],"wp:term":[{"taxonomy":"product_brand","embeddable":true,"href":"https:\/\/www.arty-nails.org\/web_shop\/wp-json\/wp\/v2\/product_brand?post=9875"},{"taxonomy":"product_cat","embeddable":true,"href":"https:\/\/www.arty-nails.org\/web_shop\/wp-json\/wp\/v2\/product_cat?post=9875"},{"taxonomy":"product_tag","embeddable":true,"href":"https:\/\/www.arty-nails.org\/web_shop\/wp-json\/wp\/v2\/product_tag?post=9875"}],"curies":[{"name":"wp","href":"https:\/\/api.w.org\/{rel}","templated":true}]}}