{"id":9909,"date":"2020-09-17T19:13:04","date_gmt":"2020-09-17T17:13:04","guid":{"rendered":"https:\/\/www.arty-nails.org\/web_shop\/product\/reforma-autumn-girl-kolekcija-trajnih-lakova-2745\/"},"modified":"2024-11-01T21:04:10","modified_gmt":"2024-11-01T20:04:10","slug":"reforma-autumn-girl-kolekcija-trajnih-lakova-2745","status":"publish","type":"product","link":"https:\/\/www.arty-nails.org\/web_shop\/proizvod\/reforma-autumn-girl-kolekcija-trajnih-lakova-2745\/","title":{"rendered":"REFORMA AUTUMN GIRL KOLEKCIJA TRAJNIH LAKOVA"},"content":{"rendered":"<p>Zaboravite na tmurnu i tu\u017enu jesen i uzmite ono najbolje \u0161to vam nudi &#8211; boje!<\/p>\n<p>Kolekcija Autmn Girl uklju\u010duje sedam predivnih boja:<\/p>\n<ul>\n<li>Forever Young &#8211; \u017euta goru\u0161ica<\/li>\n<li>She &#8211; \u017eenstveno roza<\/li>\n<li>Throne &#8211; kraljevsko crvena sa zlatnim svjetlucavim \u010desticama<\/li>\n<li>Pyramid &#8211; tajanstvena\u00a0 tamnoljubi\u010dasta<\/li>\n<li>Comfort Zone \u00a0&#8211; umiruju\u0107a plava<\/li>\n<li>Roar &#8211; tamno zelena<\/li>\n<li>Lilly &#8211; jesenski nude<\/li>\n<\/ul>\n<p>Za kupnju cijele kolekcije vrijedi popust.<\/p>\n","protected":false},"excerpt":{"rendered":"<p>Zaboravite na tmurnu i tu\u017enu jesen i uzmite ono najbolje \u0161to vam nudi &#8211; boje! Kolekcija Autmn Girl uklju\u010duje sedam predivnih boja: Forever Young &#8211; \u017euta goru\u0161ica She &#8211; \u017eenstveno roza Throne &#8211; kraljevsko crvena sa zlatnim svjetlucavim \u010desticama Pyramid &#8211; tajanstvena\u00a0 tamnoljubi\u010dasta Comfort Zone \u00a0&#8211; umiruju\u0107a plava Roar &#8211; tamno zelena Lilly &#8211; jesenski [&hellip;]<\/p>\n","protected":false},"featured_media":9906,"comment_status":"closed","ping_status":"closed","template":"","meta":[],"product_brand":[50],"product_cat":[172,187,171],"product_tag":[],"class_list":{"0":"post-9909","1":"product","2":"type-product","3":"status-publish","4":"has-post-thumbnail","6":"product_brand-reforma","7":"product_cat-posebne-ponude-reforma","8":"product_cat-reforma-setovi-i-kolekcije-trajnih-lakova","9":"product_cat-setovi-i-kolekcije-trajnih-lakova-reforma","11":"first","12":"instock","13":"sale","14":"shipping-taxable","15":"purchasable","16":"product-type-simple"},"_links":{"self":[{"href":"https:\/\/www.arty-nails.org\/web_shop\/wp-json\/wp\/v2\/product\/9909","targetHints":{"allow":["GET"]}}],"collection":[{"href":"https:\/\/www.arty-nails.org\/web_shop\/wp-json\/wp\/v2\/product"}],"about":[{"href":"https:\/\/www.arty-nails.org\/web_shop\/wp-json\/wp\/v2\/types\/product"}],"replies":[{"embeddable":true,"href":"https:\/\/www.arty-nails.org\/web_shop\/wp-json\/wp\/v2\/comments?post=9909"}],"wp:featuredmedia":[{"embeddable":true,"href":"https:\/\/www.arty-nails.org\/web_shop\/wp-json\/wp\/v2\/media\/9906"}],"wp:attachment":[{"href":"https:\/\/www.arty-nails.org\/web_shop\/wp-json\/wp\/v2\/media?parent=9909"}],"wp:term":[{"taxonomy":"product_brand","embeddable":true,"href":"https:\/\/www.arty-nails.org\/web_shop\/wp-json\/wp\/v2\/product_brand?post=9909"},{"taxonomy":"product_cat","embeddable":true,"href":"https:\/\/www.arty-nails.org\/web_shop\/wp-json\/wp\/v2\/product_cat?post=9909"},{"taxonomy":"product_tag","embeddable":true,"href":"https:\/\/www.arty-nails.org\/web_shop\/wp-json\/wp\/v2\/product_tag?post=9909"}],"curies":[{"name":"wp","href":"https:\/\/api.w.org\/{rel}","templated":true}]}}